{"id":3350,"date":"2025-04-28T12:16:19","date_gmt":"2025-04-28T15:16:19","guid":{"rendered":"https:\/\/techno-rc.com.ar\/tienda\/?post_type=product&#038;p=3350"},"modified":"2025-06-28T19:36:43","modified_gmt":"2025-06-28T22:36:43","slug":"smart-comfort-15-6-mochila-laptop-gris","status":"publish","type":"product","link":"https:\/\/techno-rc.com.ar\/tienda\/producto\/smart-comfort-15-6-mochila-laptop-gris\/","title":{"rendered":"Smart Comfort 15.6\u00bb &#8211; Mochila Laptop Gris."},"content":{"rendered":"<div class=\"col-md-6\">\n<h5 class=\"mb-4\">Caracter\u00edsticas<\/h5>\n<p class=\"mb-2\">La Smart Comfort 15.6\u00bb Mochila Laptop Gris es una soluci\u00f3n vers\u00e1til y robusta para transportar tu laptop y otros dispositivos esenciales. Dise\u00f1ada espec\u00edficamente para port\u00e1tiles de hasta 15.6 pulgadas, esta mochila ofrece un compartimento principal espacioso y varios bolsillos con cremallera para una organizaci\u00f3n eficiente. Adem\u00e1s, cuenta con un puerto de carga USB para mantener tus dispositivos siempre cargados, una correa ajustable para trolleys, y un tejido resistente al agua, lo que la hace ideal para cualquier situaci\u00f3n. El material duradero y su dise\u00f1o resistente al agua aseguran que tus pertenencias est\u00e9n protegidas en todo momento.<\/p>\n<ul class=\"list-type-none list-type-check mt-0 mb-8\">\n<li>Compartimento para laptop de 15.6 pulgadas<\/li>\n<li>Puerto de carga USB<\/li>\n<li>Correa ajustable para el hombro<\/li>\n<li>Correa para trolleys<\/li>\n<li>Compartimento frontal con cremallera<\/li>\n<li>Bolsillo frontal con cremallera<\/li>\n<li>Tejido resistente al agua<\/li>\n<li>Material duradero y de alta resistencia<\/li>\n<\/ul>\n<h5 class=\"mb-3\">Especificaciones<\/h5>\n<table class=\"table spec-table\">\n<tbody>\n<tr>\n<th>Dimensiones<\/th>\n<td>45H x 29W x 13D cm<\/td>\n<\/tr>\n<tr>\n<th>Compatibilidad<\/th>\n<td>Laptops de hasta 15.6 pulgadas<\/td>\n<\/tr>\n<tr>\n<th>Puerto de Carga<\/th>\n<td>USB<\/td>\n<\/tr>\n<tr>\n<th>Material<\/th>\n<td>Tejido resistente al agua<\/td>\n<\/tr>\n<tr>\n<th>Durabilidad<\/th>\n<td>Alta resistencia y durabilidad<\/td>\n<\/tr>\n<tr>\n<th>Correas<\/th>\n<td>Correa ajustable y correa para trolleys<\/td>\n<\/tr>\n<\/tbody>\n<\/table>\n<\/div>\n<div class=\"col-md-6 pl-md-6\">\n<div class=\"d-flex flex-wrap\">\n<div class=\"icon-box icon-box-side icon-border mb-4 mr-5\">\n<div class=\"icon-box-icon mr-4\">\n<p>&nbsp;<\/p>\n<p>&nbsp;<\/p>\n<p>&nbsp;<\/p>\n<\/div>\n<div class=\"icon-box-content\">\n<h4 class=\"icon-box-title text-normal lh-1 pt-3 ls-s\">1 a\u00f1o de garantia<\/h4>\n<p class=\"icon-box-desc mb-0\">Garantia de verdad<\/p>\n<p>&nbsp;<\/p>\n<\/div>\n<p>&nbsp;<\/p>\n<\/div>\n<\/div>\n<\/div>\n","protected":false},"excerpt":{"rendered":"<p>Caracter\u00edsticas La Smart Comfort 15.6\u00bb Mochila Laptop Gris es una soluci\u00f3n vers\u00e1til y robusta para transportar tu laptop y otros dispositivos esenciales. Dise\u00f1ada espec\u00edficamente para port\u00e1tiles de hasta 15.6 pulgadas, esta mochila ofrece un compartimento principal espacioso y varios bolsillos con cremallera para una organizaci\u00f3n eficiente. Adem\u00e1s, cuenta con un puerto de carga USB para &hellip;<\/p>\n<p class=\"read-more\"> <a class=\" thunk-readmore button \" href=\"https:\/\/techno-rc.com.ar\/tienda\/producto\/smart-comfort-15-6-mochila-laptop-gris\/\"> <span class=\"screen-reader-text\">Smart Comfort 15.6\u00bb &#8211; Mochila Laptop Gris.<\/span>Leer m\u00e1s<\/a><\/p>\n","protected":false},"featured_media":3352,"comment_status":"open","ping_status":"closed","template":"","meta":{"advanced_seo_description":"","jetpack_seo_html_title":"","jetpack_seo_noindex":false,"_joinchat":[]},"product_brand":[],"product_cat":[33,36,52,50],"product_tag":[],"class_list":{"0":"post-3350","1":"product","2":"type-product","3":"status-publish","4":"has-post-thumbnail","6":"product_cat-insformatica","7":"product_cat-linea-volkano","8":"product_cat-mochila-notebook","9":"product_cat-textil","10":"thunk-woo-product-list","11":"opn-qv-enable","12":"open-woo-hover-none","13":"open-single-product-tab-horizontal","14":"open-shadow-","15":"open-shadow-hover-","17":"first","18":"instock","19":"taxable","20":"shipping-taxable","21":"purchasable","22":"product-type-simple"},"jetpack_sharing_enabled":true,"_links":{"self":[{"href":"https:\/\/techno-rc.com.ar\/tienda\/wp-json\/wp\/v2\/product\/3350","targetHints":{"allow":["GET"]}}],"collection":[{"href":"https:\/\/techno-rc.com.ar\/tienda\/wp-json\/wp\/v2\/product"}],"about":[{"href":"https:\/\/techno-rc.com.ar\/tienda\/wp-json\/wp\/v2\/types\/product"}],"replies":[{"embeddable":true,"href":"https:\/\/techno-rc.com.ar\/tienda\/wp-json\/wp\/v2\/comments?post=3350"}],"wp:featuredmedia":[{"embeddable":true,"href":"https:\/\/techno-rc.com.ar\/tienda\/wp-json\/wp\/v2\/media\/3352"}],"wp:attachment":[{"href":"https:\/\/techno-rc.com.ar\/tienda\/wp-json\/wp\/v2\/media?parent=3350"}],"wp:term":[{"taxonomy":"product_brand","embeddable":true,"href":"https:\/\/techno-rc.com.ar\/tienda\/wp-json\/wp\/v2\/product_brand?post=3350"},{"taxonomy":"product_cat","embeddable":true,"href":"https:\/\/techno-rc.com.ar\/tienda\/wp-json\/wp\/v2\/product_cat?post=3350"},{"taxonomy":"product_tag","embeddable":true,"href":"https:\/\/techno-rc.com.ar\/tienda\/wp-json\/wp\/v2\/product_tag?post=3350"}],"curies":[{"name":"wp","href":"https:\/\/api.w.org\/{rel}","templated":true}]}}