{"id":3387,"date":"2025-04-25T13:29:25","date_gmt":"2025-04-25T16:29:25","guid":{"rendered":"https:\/\/techno-rc.com.ar\/tienda\/?post_type=product&#038;p=3387"},"modified":"2025-06-28T19:37:25","modified_gmt":"2025-06-28T22:37:25","slug":"soporte-de-tv-26-63-pulgadas","status":"publish","type":"product","link":"https:\/\/techno-rc.com.ar\/tienda\/producto\/soporte-de-tv-26-63-pulgadas\/","title":{"rendered":"SOPORTE DE TV 26-63 PULGADAS"},"content":{"rendered":"<h1>SOPORTE DE TV 26-63 PULGADAS<\/h1>\n<div class=\"oe_structure\">\n<table class=\"table table-bordered\" data-oe-version=\"1.2\">\n<tbody>\n<tr>\n<td>* Soporta hasta 60kg<br \/>\n* Max vesa 40*40cm<br \/>\n* Distancia a pared 2,5cm<br \/>\n* F\u00e1cil y r\u00e1pida instalaci\u00f3n<\/td>\n<\/tr>\n<\/tbody>\n<\/table>\n<\/div>\n","protected":false},"excerpt":{"rendered":"<p>SOPORTE DE TV 26-63 PULGADAS * Soporta hasta 60kg * Max vesa 40*40cm * Distancia a pared 2,5cm * F\u00e1cil y r\u00e1pida instalaci\u00f3n<\/p>\n","protected":false},"featured_media":3388,"comment_status":"open","ping_status":"closed","template":"","meta":{"advanced_seo_description":"","jetpack_seo_html_title":"","jetpack_seo_noindex":false,"_joinchat":[]},"product_brand":[],"product_cat":[33,44],"product_tag":[],"class_list":{"0":"post-3387","1":"product","2":"type-product","3":"status-publish","4":"has-post-thumbnail","6":"product_cat-insformatica","7":"product_cat-soportes","8":"thunk-woo-product-list","9":"opn-qv-enable","10":"open-woo-hover-none","11":"open-single-product-tab-horizontal","12":"open-shadow-","13":"open-shadow-hover-","15":"first","16":"instock","17":"taxable","18":"shipping-taxable","19":"purchasable","20":"product-type-simple"},"jetpack_sharing_enabled":true,"_links":{"self":[{"href":"https:\/\/techno-rc.com.ar\/tienda\/wp-json\/wp\/v2\/product\/3387","targetHints":{"allow":["GET"]}}],"collection":[{"href":"https:\/\/techno-rc.com.ar\/tienda\/wp-json\/wp\/v2\/product"}],"about":[{"href":"https:\/\/techno-rc.com.ar\/tienda\/wp-json\/wp\/v2\/types\/product"}],"replies":[{"embeddable":true,"href":"https:\/\/techno-rc.com.ar\/tienda\/wp-json\/wp\/v2\/comments?post=3387"}],"wp:featuredmedia":[{"embeddable":true,"href":"https:\/\/techno-rc.com.ar\/tienda\/wp-json\/wp\/v2\/media\/3388"}],"wp:attachment":[{"href":"https:\/\/techno-rc.com.ar\/tienda\/wp-json\/wp\/v2\/media?parent=3387"}],"wp:term":[{"taxonomy":"product_brand","embeddable":true,"href":"https:\/\/techno-rc.com.ar\/tienda\/wp-json\/wp\/v2\/product_brand?post=3387"},{"taxonomy":"product_cat","embeddable":true,"href":"https:\/\/techno-rc.com.ar\/tienda\/wp-json\/wp\/v2\/product_cat?post=3387"},{"taxonomy":"product_tag","embeddable":true,"href":"https:\/\/techno-rc.com.ar\/tienda\/wp-json\/wp\/v2\/product_tag?post=3387"}],"curies":[{"name":"wp","href":"https:\/\/api.w.org\/{rel}","templated":true}]}}