{"id":3403,"date":"2025-04-25T14:07:45","date_gmt":"2025-04-25T17:07:45","guid":{"rendered":"https:\/\/techno-rc.com.ar\/tienda\/?post_type=product&#038;p=3403"},"modified":"2025-06-28T19:37:24","modified_gmt":"2025-06-28T22:37:24","slug":"tostadora-electrica","status":"publish","type":"product","link":"https:\/\/techno-rc.com.ar\/tienda\/producto\/tostadora-electrica\/","title":{"rendered":"TOSTADORA ELECTRICA"},"content":{"rendered":"<h1>TOSTADORA ELECTRICA<\/h1>\n<p class=\"text-muted my-2\">Capacidad de rodajas : 2<br \/>\nCantidad de niveles : 7<\/p>\n<div class=\"oe_structure\">* Potencia 800 Watts<br \/>\n* Bot\u00f3n de stop para detener el tostado<br \/>\n*Carcasa pl\u00e1stica e interior met\u00e1lico<\/div>\n","protected":false},"excerpt":{"rendered":"<p>TOSTADORA ELECTRICA Capacidad de rodajas : 2 Cantidad de niveles : 7 * Potencia 800 Watts * Bot\u00f3n de stop para detener el tostado *Carcasa pl\u00e1stica e interior met\u00e1lico<\/p>\n","protected":false},"featured_media":3404,"comment_status":"closed","ping_status":"closed","template":"","meta":{"advanced_seo_description":"","jetpack_seo_html_title":"","jetpack_seo_noindex":false,"_joinchat":[]},"product_brand":[],"product_cat":[55,64],"product_tag":[],"class_list":{"0":"post-3403","1":"product","2":"type-product","3":"status-publish","4":"has-post-thumbnail","6":"product_cat-electro-hogar","7":"product_cat-tostadora-electrica","9":"first","10":"instock","11":"taxable","12":"shipping-taxable","13":"purchasable","14":"product-type-simple"},"jetpack_sharing_enabled":true,"_links":{"self":[{"href":"https:\/\/techno-rc.com.ar\/tienda\/wp-json\/wp\/v2\/product\/3403","targetHints":{"allow":["GET"]}}],"collection":[{"href":"https:\/\/techno-rc.com.ar\/tienda\/wp-json\/wp\/v2\/product"}],"about":[{"href":"https:\/\/techno-rc.com.ar\/tienda\/wp-json\/wp\/v2\/types\/product"}],"replies":[{"embeddable":true,"href":"https:\/\/techno-rc.com.ar\/tienda\/wp-json\/wp\/v2\/comments?post=3403"}],"wp:featuredmedia":[{"embeddable":true,"href":"https:\/\/techno-rc.com.ar\/tienda\/wp-json\/wp\/v2\/media\/3404"}],"wp:attachment":[{"href":"https:\/\/techno-rc.com.ar\/tienda\/wp-json\/wp\/v2\/media?parent=3403"}],"wp:term":[{"taxonomy":"product_brand","embeddable":true,"href":"https:\/\/techno-rc.com.ar\/tienda\/wp-json\/wp\/v2\/product_brand?post=3403"},{"taxonomy":"product_cat","embeddable":true,"href":"https:\/\/techno-rc.com.ar\/tienda\/wp-json\/wp\/v2\/product_cat?post=3403"},{"taxonomy":"product_tag","embeddable":true,"href":"https:\/\/techno-rc.com.ar\/tienda\/wp-json\/wp\/v2\/product_tag?post=3403"}],"curies":[{"name":"wp","href":"https:\/\/api.w.org\/{rel}","templated":true}]}}