{"id":3436,"date":"2025-04-25T15:05:35","date_gmt":"2025-04-25T18:05:35","guid":{"rendered":"https:\/\/techno-rc.com.ar\/tienda\/?post_type=product&#038;p=3436"},"modified":"2025-06-28T19:37:21","modified_gmt":"2025-06-28T22:37:21","slug":"contador-de-billetes-con-pantalla-led-2","status":"publish","type":"product","link":"https:\/\/techno-rc.com.ar\/tienda\/producto\/contador-de-billetes-con-pantalla-led-2\/","title":{"rendered":"CONTADOR DE BILLETES CON PANTALLA LED"},"content":{"rendered":"<p data-oe-version=\"1.2\">Detecci\u00f3n de falsificaciones: detecci\u00f3n autom\u00e1tica con rayos UV (ultravioleta) y MG (magn\u00e9ticos) durante el recuento;<\/p>\n<p>pantalla LCD;<\/p>\n<p>Velocidad de conteo: 900 notas\/min<\/p>\n<p>Fuente de alimentaci\u00f3n: 110 V 50 Hz<\/p>\n<p>Consumo de energ\u00eda: hasta 80 W<\/p>\n<p>Temperatura de trabajo: 0-40 grados Celsius<\/p>\n<p>Material: pl\u00e1stico ABS<\/p>\n<p>Color: gris<\/p>\n<p>Incluye:<\/p>\n<p>M\u00e1quina contadora de dinero<\/p>\n<p>Cable de alimentaci\u00f3n<\/p>\n<p>Manual<\/p>\n<p>Dimensiones del producto: 26 x 26 x 17 cm<\/p>\n","protected":false},"excerpt":{"rendered":"<p>Detecci\u00f3n de falsificaciones: detecci\u00f3n autom\u00e1tica con rayos UV (ultravioleta) y MG (magn\u00e9ticos) durante el recuento; pantalla LCD; Velocidad de conteo: 900 notas\/min Fuente de alimentaci\u00f3n: 110 V 50 Hz Consumo de energ\u00eda: hasta 80 W Temperatura de trabajo: 0-40 grados Celsius Material: pl\u00e1stico ABS Color: gris Incluye: M\u00e1quina contadora de dinero Cable de alimentaci\u00f3n Manual [&hellip;]<\/p>\n","protected":false},"featured_media":3437,"comment_status":"closed","ping_status":"closed","template":"","meta":{"advanced_seo_description":"","jetpack_seo_html_title":"","jetpack_seo_noindex":false,"_joinchat":[]},"product_brand":[],"product_cat":[71,55],"product_tag":[],"class_list":{"0":"post-3436","1":"product","2":"type-product","3":"status-publish","4":"has-post-thumbnail","6":"product_cat-contador-de-billetes","7":"product_cat-electro-hogar","9":"first","10":"instock","11":"taxable","12":"shipping-taxable","13":"purchasable","14":"product-type-simple"},"jetpack_sharing_enabled":true,"_links":{"self":[{"href":"https:\/\/techno-rc.com.ar\/tienda\/wp-json\/wp\/v2\/product\/3436","targetHints":{"allow":["GET"]}}],"collection":[{"href":"https:\/\/techno-rc.com.ar\/tienda\/wp-json\/wp\/v2\/product"}],"about":[{"href":"https:\/\/techno-rc.com.ar\/tienda\/wp-json\/wp\/v2\/types\/product"}],"replies":[{"embeddable":true,"href":"https:\/\/techno-rc.com.ar\/tienda\/wp-json\/wp\/v2\/comments?post=3436"}],"wp:featuredmedia":[{"embeddable":true,"href":"https:\/\/techno-rc.com.ar\/tienda\/wp-json\/wp\/v2\/media\/3437"}],"wp:attachment":[{"href":"https:\/\/techno-rc.com.ar\/tienda\/wp-json\/wp\/v2\/media?parent=3436"}],"wp:term":[{"taxonomy":"product_brand","embeddable":true,"href":"https:\/\/techno-rc.com.ar\/tienda\/wp-json\/wp\/v2\/product_brand?post=3436"},{"taxonomy":"product_cat","embeddable":true,"href":"https:\/\/techno-rc.com.ar\/tienda\/wp-json\/wp\/v2\/product_cat?post=3436"},{"taxonomy":"product_tag","embeddable":true,"href":"https:\/\/techno-rc.com.ar\/tienda\/wp-json\/wp\/v2\/product_tag?post=3436"}],"curies":[{"name":"wp","href":"https:\/\/api.w.org\/{rel}","templated":true}]}}