{"id":3526,"date":"2025-04-28T10:55:44","date_gmt":"2025-04-28T13:55:44","guid":{"rendered":"https:\/\/techno-rc.com.ar\/tienda\/?post_type=product&#038;p=3526"},"modified":"2025-06-29T14:44:54","modified_gmt":"2025-06-29T17:44:54","slug":"espejo-retrovisor-con-camaras-hd","status":"publish","type":"product","link":"https:\/\/techno-rc.com.ar\/tienda\/producto\/espejo-retrovisor-con-camaras-hd\/","title":{"rendered":"ESPEJO RETROVISOR CON C\u00c1MARAS HD"},"content":{"rendered":"<h1>ESPEJO RETROVISOR CON C\u00c1MARAS HD INTEGRADAS CAJA NEGRA PARA AUTOMOVIL<\/h1>\n<p>Resoluci\u00f3n 1920x1080p 1280x720p<br \/>\nSoporta micro sd 32gb<br \/>\nDetenci\u00f3n de movimiento<br \/>\nVisi\u00f3n Nocturna<br \/>\nFull HD 1080p<br \/>\n3 Camaras ( Delantera , Trasera y Interior)<br \/>\nEspejo con dise\u00f1o moderno para tu veh\u00edculo<\/p>\n","protected":false},"excerpt":{"rendered":"<p>ESPEJO RETROVISOR CON C\u00c1MARAS HD INTEGRADAS CAJA NEGRA PARA AUTOMOVIL Resoluci\u00f3n 1920x1080p 1280x720p Soporta micro sd 32gb Detenci\u00f3n de movimiento Visi\u00f3n Nocturna Full HD 1080p 3 Camaras ( Delantera , Trasera y Interior) Espejo con dise\u00f1o moderno para tu veh\u00edculo<\/p>\n","protected":false},"featured_media":3527,"comment_status":"open","ping_status":"closed","template":"","meta":{"advanced_seo_description":"","jetpack_seo_html_title":"","jetpack_seo_noindex":false,"_joinchat":[]},"product_brand":[],"product_cat":[145],"product_tag":[],"class_list":{"0":"post-3526","1":"product","2":"type-product","3":"status-publish","4":"has-post-thumbnail","6":"product_cat-accesorios-para-autos","7":"thunk-woo-product-list","8":"opn-qv-enable","9":"open-woo-hover-none","10":"open-single-product-tab-horizontal","11":"open-shadow-","12":"open-shadow-hover-","14":"first","15":"instock","16":"taxable","17":"shipping-taxable","18":"purchasable","19":"product-type-simple"},"jetpack_sharing_enabled":true,"_links":{"self":[{"href":"https:\/\/techno-rc.com.ar\/tienda\/wp-json\/wp\/v2\/product\/3526","targetHints":{"allow":["GET"]}}],"collection":[{"href":"https:\/\/techno-rc.com.ar\/tienda\/wp-json\/wp\/v2\/product"}],"about":[{"href":"https:\/\/techno-rc.com.ar\/tienda\/wp-json\/wp\/v2\/types\/product"}],"replies":[{"embeddable":true,"href":"https:\/\/techno-rc.com.ar\/tienda\/wp-json\/wp\/v2\/comments?post=3526"}],"wp:featuredmedia":[{"embeddable":true,"href":"https:\/\/techno-rc.com.ar\/tienda\/wp-json\/wp\/v2\/media\/3527"}],"wp:attachment":[{"href":"https:\/\/techno-rc.com.ar\/tienda\/wp-json\/wp\/v2\/media?parent=3526"}],"wp:term":[{"taxonomy":"product_brand","embeddable":true,"href":"https:\/\/techno-rc.com.ar\/tienda\/wp-json\/wp\/v2\/product_brand?post=3526"},{"taxonomy":"product_cat","embeddable":true,"href":"https:\/\/techno-rc.com.ar\/tienda\/wp-json\/wp\/v2\/product_cat?post=3526"},{"taxonomy":"product_tag","embeddable":true,"href":"https:\/\/techno-rc.com.ar\/tienda\/wp-json\/wp\/v2\/product_tag?post=3526"}],"curies":[{"name":"wp","href":"https:\/\/api.w.org\/{rel}","templated":true}]}}