{"id":3569,"date":"2025-04-28T10:33:42","date_gmt":"2025-04-28T13:33:42","guid":{"rendered":"https:\/\/techno-rc.com.ar\/tienda\/?post_type=product&#038;p=3569"},"modified":"2025-06-28T19:37:19","modified_gmt":"2025-06-28T22:37:19","slug":"raqueta-mata-mosquitos-moscas","status":"publish","type":"product","link":"https:\/\/techno-rc.com.ar\/tienda\/producto\/raqueta-mata-mosquitos-moscas\/","title":{"rendered":"RAQUETA MATA MOSQUITOS MOSCAS"},"content":{"rendered":"<p>Para activar la rejilla el\u00e9ctrica hay que mantener presionado el bot\u00f3n posterior.<br \/>\nUtiliza 2 pilas 2a. AA.<br \/>\nUna forma diferente y ecol\u00f3gica de matar insectos sin necesidad de productos qu\u00edmicos.<\/p>\n","protected":false},"excerpt":{"rendered":"<p>Para activar la rejilla el\u00e9ctrica hay que mantener presionado el bot\u00f3n posterior. Utiliza 2 pilas 2a. AA. Una forma diferente y ecol\u00f3gica de matar insectos sin necesidad de productos qu\u00edmicos.<\/p>\n","protected":false},"featured_media":3570,"comment_status":"open","ping_status":"closed","template":"","meta":{"advanced_seo_description":"","jetpack_seo_html_title":"","jetpack_seo_noindex":false,"_joinchat":[]},"product_brand":[],"product_cat":[55,82],"product_tag":[],"class_list":{"0":"post-3569","1":"product","2":"type-product","3":"status-publish","4":"has-post-thumbnail","6":"product_cat-electro-hogar","7":"product_cat-raqueta-lampara-mata-moscas-mosquitos-electrica-recargable","9":"first","10":"instock","11":"taxable","12":"shipping-taxable","13":"purchasable","14":"product-type-simple"},"jetpack_sharing_enabled":true,"_links":{"self":[{"href":"https:\/\/techno-rc.com.ar\/tienda\/wp-json\/wp\/v2\/product\/3569","targetHints":{"allow":["GET"]}}],"collection":[{"href":"https:\/\/techno-rc.com.ar\/tienda\/wp-json\/wp\/v2\/product"}],"about":[{"href":"https:\/\/techno-rc.com.ar\/tienda\/wp-json\/wp\/v2\/types\/product"}],"replies":[{"embeddable":true,"href":"https:\/\/techno-rc.com.ar\/tienda\/wp-json\/wp\/v2\/comments?post=3569"}],"wp:featuredmedia":[{"embeddable":true,"href":"https:\/\/techno-rc.com.ar\/tienda\/wp-json\/wp\/v2\/media\/3570"}],"wp:attachment":[{"href":"https:\/\/techno-rc.com.ar\/tienda\/wp-json\/wp\/v2\/media?parent=3569"}],"wp:term":[{"taxonomy":"product_brand","embeddable":true,"href":"https:\/\/techno-rc.com.ar\/tienda\/wp-json\/wp\/v2\/product_brand?post=3569"},{"taxonomy":"product_cat","embeddable":true,"href":"https:\/\/techno-rc.com.ar\/tienda\/wp-json\/wp\/v2\/product_cat?post=3569"},{"taxonomy":"product_tag","embeddable":true,"href":"https:\/\/techno-rc.com.ar\/tienda\/wp-json\/wp\/v2\/product_tag?post=3569"}],"curies":[{"name":"wp","href":"https:\/\/api.w.org\/{rel}","templated":true}]}}