{"id":3584,"date":"2025-04-28T10:29:03","date_gmt":"2025-04-28T13:29:03","guid":{"rendered":"https:\/\/techno-rc.com.ar\/tienda\/?post_type=product&#038;p=3584"},"modified":"2025-06-28T19:37:19","modified_gmt":"2025-06-28T22:37:19","slug":"exprimidor-electrico-de-citricos-automatico-portatil-juguera-portatil","status":"publish","type":"product","link":"https:\/\/techno-rc.com.ar\/tienda\/producto\/exprimidor-electrico-de-citricos-automatico-portatil-juguera-portatil\/","title":{"rendered":"EXPRIMIDOR EL\u00c9CTRICO DE C\u00cdTRICOS AUTOM\u00c1TICO PORT\u00c1TIL JUGUERA PORT\u00c1TIL"},"content":{"rendered":"<p>Especificaciones:<br \/>\nNombre del producto: exprimidor autom\u00e1tico de separaci\u00f3n<br \/>\nMaterial: ABS+metal+componentes electr\u00f3nicos<br \/>\nTama\u00f1o del producto: alrededor de 11\u00d723,5 cm\/4,33\u00d79,25 pulgadas<br \/>\nCapacidad: 401ml-600ml<\/p>\n","protected":false},"excerpt":{"rendered":"<p>Especificaciones: Nombre del producto: exprimidor autom\u00e1tico de separaci\u00f3n Material: ABS+metal+componentes electr\u00f3nicos Tama\u00f1o del producto: alrededor de 11\u00d723,5 cm\/4,33\u00d79,25 pulgadas Capacidad: 401ml-600ml<\/p>\n","protected":false},"featured_media":3585,"comment_status":"open","ping_status":"closed","template":"","meta":{"advanced_seo_description":"","jetpack_seo_html_title":"","jetpack_seo_noindex":false,"_joinchat":[]},"product_brand":[],"product_cat":[102],"product_tag":[],"class_list":{"0":"post-3584","1":"product","2":"type-product","3":"status-publish","4":"has-post-thumbnail","6":"product_cat-exprimidores-de-citricos-electricos","8":"first","9":"instock","10":"taxable","11":"shipping-taxable","12":"purchasable","13":"product-type-simple"},"jetpack_sharing_enabled":true,"_links":{"self":[{"href":"https:\/\/techno-rc.com.ar\/tienda\/wp-json\/wp\/v2\/product\/3584","targetHints":{"allow":["GET"]}}],"collection":[{"href":"https:\/\/techno-rc.com.ar\/tienda\/wp-json\/wp\/v2\/product"}],"about":[{"href":"https:\/\/techno-rc.com.ar\/tienda\/wp-json\/wp\/v2\/types\/product"}],"replies":[{"embeddable":true,"href":"https:\/\/techno-rc.com.ar\/tienda\/wp-json\/wp\/v2\/comments?post=3584"}],"wp:featuredmedia":[{"embeddable":true,"href":"https:\/\/techno-rc.com.ar\/tienda\/wp-json\/wp\/v2\/media\/3585"}],"wp:attachment":[{"href":"https:\/\/techno-rc.com.ar\/tienda\/wp-json\/wp\/v2\/media?parent=3584"}],"wp:term":[{"taxonomy":"product_brand","embeddable":true,"href":"https:\/\/techno-rc.com.ar\/tienda\/wp-json\/wp\/v2\/product_brand?post=3584"},{"taxonomy":"product_cat","embeddable":true,"href":"https:\/\/techno-rc.com.ar\/tienda\/wp-json\/wp\/v2\/product_cat?post=3584"},{"taxonomy":"product_tag","embeddable":true,"href":"https:\/\/techno-rc.com.ar\/tienda\/wp-json\/wp\/v2\/product_tag?post=3584"}],"curies":[{"name":"wp","href":"https:\/\/api.w.org\/{rel}","templated":true}]}}