{"id":3612,"date":"2025-04-29T14:35:29","date_gmt":"2025-04-29T17:35:29","guid":{"rendered":"https:\/\/techno-rc.com.ar\/tienda\/?post_type=product&#038;p=3612"},"modified":"2025-06-28T19:36:02","modified_gmt":"2025-06-28T22:36:02","slug":"steel-series-universal-flat-curved-tv-soporte-pared-de-19-a-50","status":"publish","type":"product","link":"https:\/\/techno-rc.com.ar\/tienda\/producto\/steel-series-universal-flat-curved-tv-soporte-pared-de-19-a-50\/","title":{"rendered":"Steel series Universal Flat &amp; Curved Tv soporte pared de 19\u00bb a 50\u00bb"},"content":{"rendered":"<div class=\"col-md-6\">\n<h5 class=\"mb-4\">Caracter\u00edsticas<\/h5>\n<p class=\"mb-2\">El Steel Series Universal Flat &amp; Curved TV Soporte Pared es la soluci\u00f3n perfecta para montar televisores de 19\u00bb a 110\u00bb. Su estructura de acero garantiza la m\u00e1xima resistencia, soportando hasta 45 kg. Adem\u00e1s, incluye un kit de herramientas y una plantilla de instalaci\u00f3n paso a paso para una instalaci\u00f3n f\u00e1cil y segura.<\/p>\n<ul>\n<li>Montaje universal para TV<\/li>\n<li>Compatible con televisores de hasta 110\u2019\u2019<\/li>\n<li>Kit de herramientas incluido<\/li>\n<li>Plantilla de instalaci\u00f3n paso a paso<\/li>\n<li>Estructura de acero que asegura m\u00e1xima resistencia<\/li>\n<\/ul>\n<h5 class=\"mb-3\">Especificaciones<\/h5>\n<table class=\"table\">\n<tbody>\n<tr>\n<th class=\"font-primary font-weight-semi-bold text-dark pl-0\" scope=\"row\">Tama\u00f1o m\u00e1ximo de montaje<\/th>\n<td class=\"pl-4\">600mm x 400mm<\/td>\n<\/tr>\n<tr>\n<th class=\"font-primary font-weight-semi-bold text-dark pl-0\" scope=\"row\">Capacidad m\u00e1xima de peso<\/th>\n<td class=\"pl-4\">45 kg<\/td>\n<\/tr>\n<tr>\n<th class=\"font-primary font-weight-semi-bold text-dark pl-0\" scope=\"row\">Compatibilidad<\/th>\n<td class=\"pl-4\">Para televisores de hasta 110\u2019\u2019<\/td>\n<\/tr>\n<\/tbody>\n<\/table>\n<\/div>\n<div class=\"col-md-6 pl-md-6\">\n<div class=\"d-flex flex-wrap\">\n<div class=\"icon-box icon-box-side icon-border mb-4 mr-5\">\n<div class=\"icon-box-icon mr-4\">\n<p>&nbsp;<\/p>\n<p>&nbsp;<\/p>\n<p>&nbsp;<\/p>\n<\/div>\n<div class=\"icon-box-content\">\n<h4 class=\"icon-box-title text-normal lh-1 pt-3 ls-s\">1 a\u00f1o de garantia<\/h4>\n<p class=\"icon-box-desc mb-0\">Garantia de verdad<\/p>\n<\/div>\n<\/div>\n<\/div>\n<\/div>\n","protected":false},"excerpt":{"rendered":"<p>Caracter\u00edsticas El Steel Series Universal Flat &amp; Curved TV Soporte Pared es la soluci\u00f3n perfecta para montar televisores de 19\u00bb a 110\u00bb. Su estructura de acero garantiza la m\u00e1xima resistencia, soportando hasta 45 kg. Adem\u00e1s, incluye un kit de herramientas y una plantilla de instalaci\u00f3n paso a paso para una instalaci\u00f3n f\u00e1cil y segura. Montaje &hellip;<\/p>\n<p class=\"read-more\"> <a class=\" thunk-readmore button \" href=\"https:\/\/techno-rc.com.ar\/tienda\/producto\/steel-series-universal-flat-curved-tv-soporte-pared-de-19-a-50\/\"> <span class=\"screen-reader-text\">Steel series Universal Flat &amp; Curved Tv soporte pared de 19\u00bb a 50\u00bb<\/span>Leer m\u00e1s<\/a><\/p>\n","protected":false},"featured_media":3675,"comment_status":"open","ping_status":"closed","template":"","meta":{"advanced_seo_description":"","jetpack_seo_html_title":"","jetpack_seo_noindex":false,"_joinchat":[]},"product_brand":[],"product_cat":[33,36,44],"product_tag":[],"class_list":{"0":"post-3612","1":"product","2":"type-product","3":"status-publish","4":"has-post-thumbnail","6":"product_cat-insformatica","7":"product_cat-linea-volkano","8":"product_cat-soportes","9":"thunk-woo-product-list","10":"opn-qv-enable","11":"open-woo-hover-none","12":"open-single-product-tab-horizontal","13":"open-shadow-","14":"open-shadow-hover-","16":"first","17":"instock","18":"taxable","19":"shipping-taxable","20":"purchasable","21":"product-type-simple"},"jetpack_sharing_enabled":true,"_links":{"self":[{"href":"https:\/\/techno-rc.com.ar\/tienda\/wp-json\/wp\/v2\/product\/3612","targetHints":{"allow":["GET"]}}],"collection":[{"href":"https:\/\/techno-rc.com.ar\/tienda\/wp-json\/wp\/v2\/product"}],"about":[{"href":"https:\/\/techno-rc.com.ar\/tienda\/wp-json\/wp\/v2\/types\/product"}],"replies":[{"embeddable":true,"href":"https:\/\/techno-rc.com.ar\/tienda\/wp-json\/wp\/v2\/comments?post=3612"}],"wp:featuredmedia":[{"embeddable":true,"href":"https:\/\/techno-rc.com.ar\/tienda\/wp-json\/wp\/v2\/media\/3675"}],"wp:attachment":[{"href":"https:\/\/techno-rc.com.ar\/tienda\/wp-json\/wp\/v2\/media?parent=3612"}],"wp:term":[{"taxonomy":"product_brand","embeddable":true,"href":"https:\/\/techno-rc.com.ar\/tienda\/wp-json\/wp\/v2\/product_brand?post=3612"},{"taxonomy":"product_cat","embeddable":true,"href":"https:\/\/techno-rc.com.ar\/tienda\/wp-json\/wp\/v2\/product_cat?post=3612"},{"taxonomy":"product_tag","embeddable":true,"href":"https:\/\/techno-rc.com.ar\/tienda\/wp-json\/wp\/v2\/product_tag?post=3612"}],"curies":[{"name":"wp","href":"https:\/\/api.w.org\/{rel}","templated":true}]}}