{"id":3613,"date":"2025-04-29T14:47:27","date_gmt":"2025-04-29T17:47:27","guid":{"rendered":"https:\/\/techno-rc.com.ar\/tienda\/?post_type=product&#038;p=3613"},"modified":"2025-06-28T19:36:01","modified_gmt":"2025-06-28T22:36:01","slug":"caliber-series-15w-pad-de-carga-super-rapido","status":"publish","type":"product","link":"https:\/\/techno-rc.com.ar\/tienda\/producto\/caliber-series-15w-pad-de-carga-super-rapido\/","title":{"rendered":"Caliber Series 15W Pad de carga super rapido."},"content":{"rendered":"<div class=\"col-md-6\">\n<h5 class=\"mb-4\">Caracter\u00edsticas<\/h5>\n<p class=\"mb-2\">El Caliber Series 15W Pad de Carga S\u00faper R\u00e1pido es la soluci\u00f3n ideal para cargar tus dispositivos de manera r\u00e1pida y eficiente. Este cargador inal\u00e1mbrico soporta hasta 15W de potencia y es compatible con la mayor\u00eda de dispositivos habilitados para carga inal\u00e1mbrica, incluso cuando tienen funda. Viene con un cable USB Tipo-C y una gu\u00eda de instalaci\u00f3n sencilla para un uso sin complicaciones.<\/p>\n<ul>\n<li>Carga inal\u00e1mbrica de alta potencia<\/li>\n<li>Hasta 15 vatios de potencia<\/li>\n<li>Soporta carga s\u00faper r\u00e1pida<\/li>\n<li>Carga incluso con una funda de tel\u00e9fono<\/li>\n<\/ul>\n<h5 class=\"mb-3\">Especificaciones<\/h5>\n<ul>\n<li>\n<h5>Tipo de Conexi\u00f3n:<\/h5>\n<table class=\"table\">\n<tbody>\n<tr>\n<th class=\"font-primary font-weight-semi-bold text-dark pl-0\" scope=\"row\">Tipo de Conexi\u00f3n<\/th>\n<td class=\"pl-4\">USB Tipo-C<\/td>\n<\/tr>\n<\/tbody>\n<\/table>\n<\/li>\n<li>\n<h5>Potencia de Salida:<\/h5>\n<table class=\"table\">\n<tbody>\n<tr>\n<th class=\"font-primary font-weight-semi-bold text-dark pl-0\" scope=\"row\">Salida<\/th>\n<td class=\"pl-4\">5 V @ 3 A, 9 V @ 1.67 A, 12 V @ 1.15 A<\/td>\n<\/tr>\n<\/tbody>\n<\/table>\n<\/li>\n<li>\n<h5>Voltaje de Entrada:<\/h5>\n<table class=\"table\">\n<tbody>\n<tr>\n<th class=\"font-primary font-weight-semi-bold text-dark pl-0\" scope=\"row\">Entrada<\/th>\n<td class=\"pl-4\">5 V DC, 2 A \/ 9 V DC 2 A \/ 12 V DC, 1.5 A<\/td>\n<\/tr>\n<\/tbody>\n<\/table>\n<\/li>\n<li>\n<h5>Potencia de Carga Inal\u00e1mbrica:<\/h5>\n<table class=\"table\">\n<tbody>\n<tr>\n<th class=\"font-primary font-weight-semi-bold text-dark pl-0\" scope=\"row\">Potencia<\/th>\n<td class=\"pl-4\">15 W \/ 10 W \/ 7.5 W \/ 5 W<\/td>\n<\/tr>\n<\/tbody>\n<\/table>\n<\/li>\n<li>\n<h5>Distancia de Carga:<\/h5>\n<table class=\"table\">\n<tbody>\n<tr>\n<th class=\"font-primary font-weight-semi-bold text-dark pl-0\" scope=\"row\">Distancia<\/th>\n<td class=\"pl-4\">Menos de 8 mm<\/td>\n<\/tr>\n<\/tbody>\n<\/table>\n<\/li>\n<li>\n<h5>Indicador LED:<\/h5>\n<table class=\"table\">\n<tbody>\n<tr>\n<th class=\"font-primary font-weight-semi-bold text-dark pl-0\" scope=\"row\">Indicador<\/th>\n<td class=\"pl-4\">S\u00ed<\/td>\n<\/tr>\n<\/tbody>\n<\/table>\n<\/li>\n<\/ul>\n<\/div>\n<div class=\"col-md-6 pl-md-6\">\n<div class=\"d-flex flex-wrap\">\n<div class=\"icon-box icon-box-side icon-border mb-4 mr-5\">\n<div class=\"icon-box-icon mr-4\">\n<p>&nbsp;<\/p>\n<p>&nbsp;<\/p>\n<p>&nbsp;<\/p>\n<\/div>\n<div class=\"icon-box-content\">\n<h4 class=\"icon-box-title text-normal lh-1 pt-3 ls-s\">1 a\u00f1o de garantia<\/h4>\n<p class=\"icon-box-desc mb-0\">Garantia de verdad<\/p>\n<p>&nbsp;<\/p>\n<\/div>\n<p>&nbsp;<\/p>\n<\/div>\n<\/div>\n<\/div>\n","protected":false},"excerpt":{"rendered":"<p>Caracter\u00edsticas El Caliber Series 15W Pad de Carga S\u00faper R\u00e1pido es la soluci\u00f3n ideal para cargar tus dispositivos de manera r\u00e1pida y eficiente. Este cargador inal\u00e1mbrico soporta hasta 15W de potencia y es compatible con la mayor\u00eda de dispositivos habilitados para carga inal\u00e1mbrica, incluso cuando tienen funda. Viene con un cable USB Tipo-C y una &hellip;<\/p>\n<p class=\"read-more\"> <a class=\" thunk-readmore button \" href=\"https:\/\/techno-rc.com.ar\/tienda\/producto\/caliber-series-15w-pad-de-carga-super-rapido\/\"> <span class=\"screen-reader-text\">Caliber Series 15W Pad de carga super rapido.<\/span>Leer m\u00e1s<\/a><\/p>\n","protected":false},"featured_media":3614,"comment_status":"open","ping_status":"closed","template":"","meta":{"advanced_seo_description":"","jetpack_seo_html_title":"","jetpack_seo_noindex":false,"_joinchat":[]},"product_brand":[],"product_cat":[47,33,36],"product_tag":[],"class_list":{"0":"post-3613","1":"product","2":"type-product","3":"status-publish","4":"has-post-thumbnail","6":"product_cat-cargadores","7":"product_cat-insformatica","8":"product_cat-linea-volkano","9":"thunk-woo-product-list","10":"opn-qv-enable","11":"open-woo-hover-none","12":"open-single-product-tab-horizontal","13":"open-shadow-","14":"open-shadow-hover-","16":"first","17":"instock","18":"taxable","19":"shipping-taxable","20":"purchasable","21":"product-type-simple"},"jetpack_sharing_enabled":true,"_links":{"self":[{"href":"https:\/\/techno-rc.com.ar\/tienda\/wp-json\/wp\/v2\/product\/3613","targetHints":{"allow":["GET"]}}],"collection":[{"href":"https:\/\/techno-rc.com.ar\/tienda\/wp-json\/wp\/v2\/product"}],"about":[{"href":"https:\/\/techno-rc.com.ar\/tienda\/wp-json\/wp\/v2\/types\/product"}],"replies":[{"embeddable":true,"href":"https:\/\/techno-rc.com.ar\/tienda\/wp-json\/wp\/v2\/comments?post=3613"}],"wp:featuredmedia":[{"embeddable":true,"href":"https:\/\/techno-rc.com.ar\/tienda\/wp-json\/wp\/v2\/media\/3614"}],"wp:attachment":[{"href":"https:\/\/techno-rc.com.ar\/tienda\/wp-json\/wp\/v2\/media?parent=3613"}],"wp:term":[{"taxonomy":"product_brand","embeddable":true,"href":"https:\/\/techno-rc.com.ar\/tienda\/wp-json\/wp\/v2\/product_brand?post=3613"},{"taxonomy":"product_cat","embeddable":true,"href":"https:\/\/techno-rc.com.ar\/tienda\/wp-json\/wp\/v2\/product_cat?post=3613"},{"taxonomy":"product_tag","embeddable":true,"href":"https:\/\/techno-rc.com.ar\/tienda\/wp-json\/wp\/v2\/product_tag?post=3613"}],"curies":[{"name":"wp","href":"https:\/\/api.w.org\/{rel}","templated":true}]}}