{"id":3692,"date":"2025-05-12T11:10:11","date_gmt":"2025-05-12T14:10:11","guid":{"rendered":"https:\/\/techno-rc.com.ar\/tienda\/?post_type=product&#038;p=3692"},"modified":"2025-06-28T19:35:10","modified_gmt":"2025-06-28T22:35:10","slug":"smart-tv-43-pulgadas-modo-futbol-full-hd-hisense","status":"publish","type":"product","link":"https:\/\/techno-rc.com.ar\/tienda\/producto\/smart-tv-43-pulgadas-modo-futbol-full-hd-hisense\/","title":{"rendered":"Smart Tv 43 Pulgadas Modo Futbol Full HD HISENSE"},"content":{"rendered":"<p data-oe-version=\"1.2\"><strong>Tecnolog\u00eda, innovaci\u00f3n y calidad para tu hogar.<\/strong><\/p>\n<p><strong>Smart Tv 43 Full\u00a0HD Modo Futbol Hisense.<\/strong>La experiencia de visualizaci\u00f3n ser\u00e1 extraordinaria y emocionante gracias al Modo deporte. Adem\u00e1s, el rendimiento del color mejorado y la reproducci\u00f3n fiel elevan tu experiencia visual al siguiente nivel.<\/p>\n<p>Su pantalla LED de alta calidad y resoluci\u00f3n Full HD te sumergen en im\u00e1genes vibrantes y llenas de detalle, potenciadas por la tecnolog\u00eda Natural Colour Enhancer que realza los colores para una experiencia m\u00e1s realista. Con Game Mode, llev\u00e1 tus videojuegos al m\u00e1ximo nivel de respuesta y nitidez, mientras que el Dolby Audio llena tu espacio con un sonido envolvente y claro.<\/p>\n<p>Gracias al sistema operativo VIDAA y el Control One Touch, acceder a tus contenidos favoritos es m\u00e1s r\u00e1pido y sencillo. Entretenimiento, calidad y dise\u00f1o, todo en un solo lugar.<\/p>\n<p><strong>VIDAA<\/strong><\/p>\n<p>Acceso r\u00e1pido a las diferentes apps actuales: Netflix, Youtube, Flor, NBA, Disney. etc. Variedad de contenidos en un solo lugar, desde la comodidad de tu casa.<\/p>\n","protected":false},"excerpt":{"rendered":"<p>Tecnolog\u00eda, innovaci\u00f3n y calidad para tu hogar. Smart Tv 43 Full\u00a0HD Modo Futbol Hisense.La experiencia de visualizaci\u00f3n ser\u00e1 extraordinaria y emocionante gracias al Modo deporte. Adem\u00e1s, el rendimiento del color mejorado y la reproducci\u00f3n fiel elevan tu experiencia visual al siguiente nivel. Su pantalla LED de alta calidad y resoluci\u00f3n Full HD te sumergen en [&hellip;]<\/p>\n","protected":false},"featured_media":3693,"comment_status":"open","ping_status":"closed","template":"","meta":{"advanced_seo_description":"","jetpack_seo_html_title":"","jetpack_seo_noindex":false,"_joinchat":[]},"product_brand":[],"product_cat":[55,113],"product_tag":[],"class_list":{"0":"post-3692","1":"product","2":"type-product","3":"status-publish","4":"has-post-thumbnail","6":"product_cat-electro-hogar","7":"product_cat-smart-tv","9":"first","10":"instock","11":"taxable","12":"shipping-taxable","13":"purchasable","14":"product-type-simple"},"jetpack_sharing_enabled":true,"_links":{"self":[{"href":"https:\/\/techno-rc.com.ar\/tienda\/wp-json\/wp\/v2\/product\/3692","targetHints":{"allow":["GET"]}}],"collection":[{"href":"https:\/\/techno-rc.com.ar\/tienda\/wp-json\/wp\/v2\/product"}],"about":[{"href":"https:\/\/techno-rc.com.ar\/tienda\/wp-json\/wp\/v2\/types\/product"}],"replies":[{"embeddable":true,"href":"https:\/\/techno-rc.com.ar\/tienda\/wp-json\/wp\/v2\/comments?post=3692"}],"wp:featuredmedia":[{"embeddable":true,"href":"https:\/\/techno-rc.com.ar\/tienda\/wp-json\/wp\/v2\/media\/3693"}],"wp:attachment":[{"href":"https:\/\/techno-rc.com.ar\/tienda\/wp-json\/wp\/v2\/media?parent=3692"}],"wp:term":[{"taxonomy":"product_brand","embeddable":true,"href":"https:\/\/techno-rc.com.ar\/tienda\/wp-json\/wp\/v2\/product_brand?post=3692"},{"taxonomy":"product_cat","embeddable":true,"href":"https:\/\/techno-rc.com.ar\/tienda\/wp-json\/wp\/v2\/product_cat?post=3692"},{"taxonomy":"product_tag","embeddable":true,"href":"https:\/\/techno-rc.com.ar\/tienda\/wp-json\/wp\/v2\/product_tag?post=3692"}],"curies":[{"name":"wp","href":"https:\/\/api.w.org\/{rel}","templated":true}]}}