{"id":3707,"date":"2025-05-12T11:39:48","date_gmt":"2025-05-12T14:39:48","guid":{"rendered":"https:\/\/techno-rc.com.ar\/tienda\/?post_type=product&#038;p=3707"},"modified":"2025-06-28T19:35:09","modified_gmt":"2025-06-28T22:35:09","slug":"freidora-de-aire-8l-digital-negra-hisense","status":"publish","type":"product","link":"https:\/\/techno-rc.com.ar\/tienda\/producto\/freidora-de-aire-8l-digital-negra-hisense\/","title":{"rendered":"Freidora de Aire 8L Digital Negra HISENSE"},"content":{"rendered":"<h1>Freidora de Aire 8L Digital Negra HISENSE<\/h1>\n<div class=\"oe_structure\">\n<p data-oe-version=\"1.2\">acerca de Freidora de Aire 8L Digital Negra Hisense<\/p>\n<p>&nbsp;<\/p>\n<p>Transform\u00e1 tus comidas favoritas en platos saludables y deliciosos con la\u00a0<strong>freidora de aire Hisense de 8 litros<\/strong>.<\/p>\n<p>Con 8 men\u00fas preestablecidos y tecnolog\u00eda de circulaci\u00f3n de aire a 360 grados, disfrut\u00e1 de papas fritas crujientes o pollo dorado sin una gota de aceite extra.<\/p>\n<p>Su display touch y visor de cocci\u00f3n te ofrecen un control total, mientras el control de temperatura ajustable y la luz interior garantizan resultados perfectos en cada preparaci\u00f3n. Adem\u00e1s, la canasta removible facilita la limpieza, y el apagado autom\u00e1tico te da tranquilidad.<\/p>\n<\/div>\n","protected":false},"excerpt":{"rendered":"<p>Freidora de Aire 8L Digital Negra HISENSE acerca de Freidora de Aire 8L Digital Negra Hisense &nbsp; Transform\u00e1 tus comidas favoritas en platos saludables y deliciosos con la\u00a0freidora de aire Hisense de 8 litros. Con 8 men\u00fas preestablecidos y tecnolog\u00eda de circulaci\u00f3n de aire a 360 grados, disfrut\u00e1 de papas fritas crujientes o pollo dorado [&hellip;]<\/p>\n","protected":false},"featured_media":3708,"comment_status":"open","ping_status":"closed","template":"","meta":{"advanced_seo_description":"","jetpack_seo_html_title":"","jetpack_seo_noindex":false,"_joinchat":[]},"product_brand":[],"product_cat":[55,58],"product_tag":[],"class_list":{"0":"post-3707","1":"product","2":"type-product","3":"status-publish","4":"has-post-thumbnail","6":"product_cat-electro-hogar","7":"product_cat-freidora-de-aire","9":"first","10":"instock","11":"taxable","12":"shipping-taxable","13":"purchasable","14":"product-type-simple"},"jetpack_sharing_enabled":true,"_links":{"self":[{"href":"https:\/\/techno-rc.com.ar\/tienda\/wp-json\/wp\/v2\/product\/3707","targetHints":{"allow":["GET"]}}],"collection":[{"href":"https:\/\/techno-rc.com.ar\/tienda\/wp-json\/wp\/v2\/product"}],"about":[{"href":"https:\/\/techno-rc.com.ar\/tienda\/wp-json\/wp\/v2\/types\/product"}],"replies":[{"embeddable":true,"href":"https:\/\/techno-rc.com.ar\/tienda\/wp-json\/wp\/v2\/comments?post=3707"}],"wp:featuredmedia":[{"embeddable":true,"href":"https:\/\/techno-rc.com.ar\/tienda\/wp-json\/wp\/v2\/media\/3708"}],"wp:attachment":[{"href":"https:\/\/techno-rc.com.ar\/tienda\/wp-json\/wp\/v2\/media?parent=3707"}],"wp:term":[{"taxonomy":"product_brand","embeddable":true,"href":"https:\/\/techno-rc.com.ar\/tienda\/wp-json\/wp\/v2\/product_brand?post=3707"},{"taxonomy":"product_cat","embeddable":true,"href":"https:\/\/techno-rc.com.ar\/tienda\/wp-json\/wp\/v2\/product_cat?post=3707"},{"taxonomy":"product_tag","embeddable":true,"href":"https:\/\/techno-rc.com.ar\/tienda\/wp-json\/wp\/v2\/product_tag?post=3707"}],"curies":[{"name":"wp","href":"https:\/\/api.w.org\/{rel}","templated":true}]}}