{"id":3756,"date":"2025-05-12T12:49:39","date_gmt":"2025-05-12T15:49:39","guid":{"rendered":"https:\/\/techno-rc.com.ar\/tienda\/?post_type=product&#038;p=3756"},"modified":"2025-06-28T19:35:07","modified_gmt":"2025-06-28T22:35:07","slug":"camaras-de-seguridad-wifi-inalambrica-hd-con-audio-vozk","status":"publish","type":"product","link":"https:\/\/techno-rc.com.ar\/tienda\/producto\/camaras-de-seguridad-wifi-inalambrica-hd-con-audio-vozk\/","title":{"rendered":"CAMARAS DE SEGURIDAD WIFI INAL\u00c1MBRICA HD CON AUDIO VOZK"},"content":{"rendered":"<div class=\"col-lg-6 mt-lg-4 o_wsale_product_images position-relative\">\n<div id=\"o-carousel-product\" class=\"o_carousel_not_single carousel slide position-sticky mb-3 overflow-hidden\" data-name=\"Carrusel del Producto\">\n<div class=\"o_carousel_product_outer carousel-outer position-relative d-flex align-items-center w-100 overflow-hidden\"><\/div>\n<div class=\"o_carousel_product_indicators pt-2 overflow-hidden\">\n<ol class=\"carousel-indicators position-static pt-2 pt-lg-0 mx-auto my-0\">\n<li class=\"align-top position-relative active\" data-bs-target=\"#o-carousel-product\" data-bs-slide-to=\"0\">\n<div><img decoding=\"async\" class=\"img o_image_64_cover\" src=\"https:\/\/www.dolphincel.com\/web\/image\/product.product\/12764\/image_128\/%5BF-CAS4001%5D%20CAMARAS%20DE%20SEGURIDAD%20WIFI%20INAL%C3%81MBRICA%20HD%20CON%20AUDIO%20VOZK?unique=aa2a5e4\" alt=\"CAMARAS DE SEGURIDAD WIFI INAL\u00c1MBRICA HD CON AUDIO VOZK\" \/><\/div>\n<\/li>\n<li class=\"align-top position-relative \" data-bs-target=\"#o-carousel-product\" data-bs-slide-to=\"1\">\n<div><img decoding=\"async\" class=\"img o_image_64_cover\" src=\"https:\/\/www.dolphincel.com\/web\/image\/product.image\/1454\/image_128\/IMG_7337.webp?unique=17bc92b\" alt=\"IMG_7337.webp\" \/><\/div>\n<\/li>\n<li class=\"align-top position-relative \" data-bs-target=\"#o-carousel-product\" data-bs-slide-to=\"2\">\n<div><img decoding=\"async\" class=\"img o_image_64_cover\" src=\"https:\/\/www.dolphincel.com\/web\/image\/product.image\/1455\/image_128\/IMG_7335.webp?unique=17bc92b\" alt=\"IMG_7335.webp\" \/><\/div>\n<\/li>\n<li class=\"align-top position-relative \" data-bs-target=\"#o-carousel-product\" data-bs-slide-to=\"3\">\n<div><img decoding=\"async\" class=\"img o_image_64_cover\" src=\"https:\/\/www.dolphincel.com\/web\/image\/product.image\/1456\/image_128\/IMG_7340.webp?unique=17bc92b\" alt=\"IMG_7340.webp\" \/><\/div>\n<\/li>\n<li class=\"align-top position-relative \" data-bs-target=\"#o-carousel-product\" data-bs-slide-to=\"4\">\n<div><img decoding=\"async\" class=\"img o_image_64_cover\" src=\"https:\/\/www.dolphincel.com\/web\/image\/product.image\/1457\/image_128\/IMG_7339.webp?unique=17bc92b\" alt=\"IMG_7339.webp\" \/><\/div>\n<\/li>\n<\/ol>\n<\/div>\n<\/div>\n<\/div>\n<div id=\"product_details\" class=\"col-lg-6 mt-md-4\">\n<h1>CAMARAS DE SEGURIDAD WIFI INAL\u00c1MBRICA HD CON AUDIO VOZK<\/h1>\n<div class=\"oe_structure\">&#8211; *Resoluci\u00f3n HD 2MP:* Im\u00e1genes claras y definidas. &#8211; *Rotaci\u00f3n PTZ motorizada:* Cobertura de 355\u00b0 horizontal y 110\u00b0 vertical. &#8211; *Visi\u00f3n nocturna hasta 10m:* Seguridad 24\/7, incluso en la oscuridad. &#8211; *Audio bidireccional:* Comunicaci\u00f3n clara con quienes est\u00e9n cerca. &#8211; *Sensor de movimiento:* Activaci\u00f3n de alertas instant\u00e1neas. &#8211; *Conectividad Wi-Fi (2.4 GHz):* Control remoto desde cualquier lugar. &#8211; *Compatible con iOS y Android.* &#8211; *Incluye Soportes de pared y kit de instalaci\u00f3n.* &#8211; *Caracter\u00edsticas f\u00edsicas:* Material ABS para uso en interior y exterior (IP66); Medidas: 10cm de alto, 6.5cm de ancho, 8cm de profundidad total; Lente de 4mm; Slot para Memoriass MicroSD de hasta 256GB (no incluida); Frame Rate de 20 FPS y compresi\u00f3n de video H264\/MPEG. Esta c\u00e1mara se conecta \u00fanicamente a redes 2.4 GHz. Los modems y routers son habitualmente de 2.4 y 5Ghz (duales). Al momento de configurar el equipo es imprescindible utilizar el tel\u00e9fono en la red 2.4Ghz y una vez configurada podr\u00e1 acceder desde cualquier tipo de red. &#8211; Tu compra incluye: 1 C\u00e1mara; 1 Cables de Conexi\u00f3n USB-MicroUSB; 1 Soportes de Pared con Kit de Fijaci\u00f3n; 1 Kit de Instalaci\u00f3n; 1 Manual de Usuario (Ingl\u00e9s). SIN Fuentes DE ALIMENTACION<\/div>\n<\/div>\n","protected":false},"excerpt":{"rendered":"<p>CAMARAS DE SEGURIDAD WIFI INAL\u00c1MBRICA HD CON AUDIO VOZK &#8211; *Resoluci\u00f3n HD 2MP:* Im\u00e1genes claras y definidas. &#8211; *Rotaci\u00f3n PTZ motorizada:* Cobertura de 355\u00b0 horizontal y 110\u00b0 vertical. &#8211; *Visi\u00f3n nocturna hasta 10m:* Seguridad 24\/7, incluso en la oscuridad. &#8211; *Audio bidireccional:* Comunicaci\u00f3n clara con quienes est\u00e9n cerca. &#8211; *Sensor de movimiento:* Activaci\u00f3n de alertas &hellip;<\/p>\n<p class=\"read-more\"> <a class=\" thunk-readmore button \" href=\"https:\/\/techno-rc.com.ar\/tienda\/producto\/camaras-de-seguridad-wifi-inalambrica-hd-con-audio-vozk\/\"> <span class=\"screen-reader-text\">CAMARAS DE SEGURIDAD WIFI INAL\u00c1MBRICA HD CON AUDIO VOZK<\/span>Leer m\u00e1s<\/a><\/p>\n","protected":false},"featured_media":3757,"comment_status":"open","ping_status":"closed","template":"","meta":{"advanced_seo_description":"","jetpack_seo_html_title":"","jetpack_seo_noindex":false,"_joinchat":[]},"product_brand":[],"product_cat":[119,33],"product_tag":[],"class_list":{"0":"post-3756","1":"product","2":"type-product","3":"status-publish","4":"has-post-thumbnail","6":"product_cat-camaras-de-seguridad","7":"product_cat-insformatica","8":"thunk-woo-product-list","9":"opn-qv-enable","10":"open-woo-hover-none","11":"open-single-product-tab-horizontal","12":"open-shadow-","13":"open-shadow-hover-","15":"first","16":"instock","17":"taxable","18":"shipping-taxable","19":"purchasable","20":"product-type-simple"},"jetpack_sharing_enabled":true,"_links":{"self":[{"href":"https:\/\/techno-rc.com.ar\/tienda\/wp-json\/wp\/v2\/product\/3756","targetHints":{"allow":["GET"]}}],"collection":[{"href":"https:\/\/techno-rc.com.ar\/tienda\/wp-json\/wp\/v2\/product"}],"about":[{"href":"https:\/\/techno-rc.com.ar\/tienda\/wp-json\/wp\/v2\/types\/product"}],"replies":[{"embeddable":true,"href":"https:\/\/techno-rc.com.ar\/tienda\/wp-json\/wp\/v2\/comments?post=3756"}],"wp:featuredmedia":[{"embeddable":true,"href":"https:\/\/techno-rc.com.ar\/tienda\/wp-json\/wp\/v2\/media\/3757"}],"wp:attachment":[{"href":"https:\/\/techno-rc.com.ar\/tienda\/wp-json\/wp\/v2\/media?parent=3756"}],"wp:term":[{"taxonomy":"product_brand","embeddable":true,"href":"https:\/\/techno-rc.com.ar\/tienda\/wp-json\/wp\/v2\/product_brand?post=3756"},{"taxonomy":"product_cat","embeddable":true,"href":"https:\/\/techno-rc.com.ar\/tienda\/wp-json\/wp\/v2\/product_cat?post=3756"},{"taxonomy":"product_tag","embeddable":true,"href":"https:\/\/techno-rc.com.ar\/tienda\/wp-json\/wp\/v2\/product_tag?post=3756"}],"curies":[{"name":"wp","href":"https:\/\/api.w.org\/{rel}","templated":true}]}}