{"id":3758,"date":"2025-05-12T12:53:52","date_gmt":"2025-05-12T15:53:52","guid":{"rendered":"https:\/\/techno-rc.com.ar\/tienda\/?post_type=product&#038;p=3758"},"modified":"2025-07-01T13:08:18","modified_gmt":"2025-07-01T16:08:18","slug":"camaras-ip-seguridad-hd-monitoreo-5-antenas-vozk","status":"publish","type":"product","link":"https:\/\/techno-rc.com.ar\/tienda\/producto\/camaras-ip-seguridad-hd-monitoreo-5-antenas-vozk\/","title":{"rendered":"CAMARAS IP SEGURIDAD HD MONITOREO 5 ANTENAS VOZK"},"content":{"rendered":"<h1>CAMARAS IP SEGURIDAD HD MONITOREO 5 ANTENAS VOZK<\/h1>\n<div class=\"oe_structure\">\n<div data-oe-version=\"1.1\">Caracter\u00edsticas Principales: Calidad de Video: Resoluci\u00f3n de alta definici\u00f3n (HD), lo que permite capturar im\u00e1genes n\u00edtidas y claras. Posibilidad de grabaci\u00f3n en formatos como 720p o superiores,. Compatibilidad ONVIF: Posibilidad de conectividad remota, permitiendo monitorear la c\u00e1mara desde aplicaciones m\u00f3viles o navegadores web. Visi\u00f3n Nocturna Detecci\u00f3n de Movimiento: Funciones de detecci\u00f3n de movimiento que env\u00edan alertas a los usuarios cuando se detecta actividad. Posibilidad de configurar \u00e1reas espec\u00edficas para la detecci\u00f3n, reduciendo falsas alarmas. Almacenamiento: Opciones de almacenamiento local a trav\u00e9s de tarjetas microSD y tambi\u00e9n posibilidad de almacenamiento en la nube El audio bidireccional facilita la comunicaci\u00f3n con personas en el otro extremo de la c\u00e1mara. El seguimiento humano detecta y sigue autom\u00e1ticamente a personas en movimiento. CARACTER\u00cdSTICAS: &#8211; Aplicaci\u00f3n: ICSEE (compatible con Android e iOS) &#8211; Lente: 2,8 mm &#8211; Perspectiva: 92 grados &#8211; Modo de control de luz: visi\u00f3n nocturna por infrarrojos &#8211; Control PTZ: Nivel de \u00e1ngulo de rotaci\u00f3n: 355 grados; verticales: 90 grados &#8211; Audio bidireccional &#8211; Modo de grabaci\u00f3n: manual, detecci\u00f3n de movimiento, programada, de alarma &#8211; Almacenamiento: compatible con tarjeta TF (m\u00e1x. 128 GB) o en la nube &#8211; Reproducci\u00f3n remota &#8211; Captura de imagen &#8211; Tecla de reinicio &#8211; Seguimiento humano &#8211; Potencia: CC 5V 1.6A &#8211; Modo de instalaci\u00f3n: colgar en la pared, levantar, plano &#8211; N\u00famero de luces: 11 PCS IR LED &#8211; Temperatura de trabajo: -20 a 55 \u00b0C &#8211; Humedad de trabajo: 10% a 90% &#8211; Resoluci\u00f3n de imagen: 2304*1296 a 12 FPS y 800*448 a 12 FPS &#8211; Iluminaci\u00f3n m\u00ednima: 0.01LUX\/F1.2 &#8211; Procesador principal: DSP de 32 bits de doble n\u00facleo (GK7020 V300) &#8211; Sensor de imagen: sensor CMOS de alto rendimiento &#8211; Compresi\u00f3n de video: Inteligente H.265X<\/div>\n<\/div>\n<div data-oe-version=\"1.1\">\n<ol class=\"carousel-indicators position-static pt-2 pt-lg-0 mx-auto my-0\">\n<li class=\"align-top position-relative active\" data-bs-target=\"#o-carousel-product\" data-bs-slide-to=\"0\">\n<div><img decoding=\"async\" class=\"img o_image_64_cover\" src=\"https:\/\/www.dolphincel.com\/web\/image\/product.product\/12762\/image_128\/%5BF-CAS4004%5D%20CAMARAS%20IP%20SEGURIDAD%20HD%20MONITOREO%205%20ANTENAS%20VOZK?unique=aa2a5e4\" alt=\"CAMARAS IP SEGURIDAD HD MONITOREO 5 ANTENAS VOZK\" \/><\/div>\n<\/li>\n<li class=\"align-top position-relative \" data-bs-target=\"#o-carousel-product\" data-bs-slide-to=\"1\">\n<div><img decoding=\"async\" class=\"img o_image_64_cover\" src=\"https:\/\/www.dolphincel.com\/web\/image\/product.image\/1475\/image_128\/PhotoRoom-20240822_130609.webp?unique=d1cf186\" alt=\"PhotoRoom-20240822_130609.webp\" \/><\/div>\n<\/li>\n<li class=\"align-top position-relative \" data-bs-target=\"#o-carousel-product\" data-bs-slide-to=\"2\">\n<div><img decoding=\"async\" class=\"img o_image_64_cover\" src=\"https:\/\/www.dolphincel.com\/web\/image\/product.image\/1476\/image_128\/PhotoRoom-20240822_130634.webp?unique=d1cf186\" alt=\"PhotoRoom-20240822_130634.webp\" \/><\/div>\n<\/li>\n<li class=\"align-top position-relative \" data-bs-target=\"#o-carousel-product\" data-bs-slide-to=\"3\">\n<div><img decoding=\"async\" class=\"img o_image_64_cover\" src=\"https:\/\/www.dolphincel.com\/web\/image\/product.image\/1477\/image_128\/PhotoRoom-20240822_132549.webp?unique=d1cf186\" alt=\"PhotoRoom-20240822_132549.webp\" \/><\/div>\n<\/li>\n<li class=\"align-top position-relative \" data-bs-target=\"#o-carousel-product\" data-bs-slide-to=\"4\">\n<div><img decoding=\"async\" class=\"img o_image_64_cover\" src=\"https:\/\/www.dolphincel.com\/web\/image\/product.image\/1478\/image_128\/PhotoRoom-20240822_131508.webp?unique=d1cf186\" alt=\"PhotoRoom-20240822_131508.webp\" \/><\/div>\n<\/li>\n<li class=\"align-top position-relative \" data-bs-target=\"#o-carousel-product\" data-bs-slide-to=\"5\">\n<div><img decoding=\"async\" class=\"img o_image_64_cover\" src=\"https:\/\/www.dolphincel.com\/web\/image\/product.image\/1479\/image_128\/PhotoRoom-20240822_131445.webp?unique=d1cf186\" alt=\"PhotoRoom-20240822_131445.webp\" \/><\/div>\n<\/li>\n<\/ol>\n<\/div>\n","protected":false},"excerpt":{"rendered":"<p><br data-mce-bogus=\"1\"><\/p>\n","protected":false},"featured_media":3759,"comment_status":"open","ping_status":"closed","template":"","meta":{"advanced_seo_description":"","jetpack_seo_html_title":"","jetpack_seo_noindex":false,"_joinchat":[]},"product_brand":[],"product_cat":[119,33],"product_tag":[],"class_list":{"0":"post-3758","1":"product","2":"type-product","3":"status-publish","4":"has-post-thumbnail","6":"product_cat-camaras-de-seguridad","7":"product_cat-insformatica","8":"thunk-woo-product-list","9":"opn-qv-enable","10":"open-woo-hover-none","11":"open-single-product-tab-horizontal","12":"open-shadow-","13":"open-shadow-hover-","15":"first","16":"instock","17":"taxable","18":"shipping-taxable","19":"purchasable","20":"product-type-simple"},"jetpack_sharing_enabled":true,"_links":{"self":[{"href":"https:\/\/techno-rc.com.ar\/tienda\/wp-json\/wp\/v2\/product\/3758","targetHints":{"allow":["GET"]}}],"collection":[{"href":"https:\/\/techno-rc.com.ar\/tienda\/wp-json\/wp\/v2\/product"}],"about":[{"href":"https:\/\/techno-rc.com.ar\/tienda\/wp-json\/wp\/v2\/types\/product"}],"replies":[{"embeddable":true,"href":"https:\/\/techno-rc.com.ar\/tienda\/wp-json\/wp\/v2\/comments?post=3758"}],"wp:featuredmedia":[{"embeddable":true,"href":"https:\/\/techno-rc.com.ar\/tienda\/wp-json\/wp\/v2\/media\/3759"}],"wp:attachment":[{"href":"https:\/\/techno-rc.com.ar\/tienda\/wp-json\/wp\/v2\/media?parent=3758"}],"wp:term":[{"taxonomy":"product_brand","embeddable":true,"href":"https:\/\/techno-rc.com.ar\/tienda\/wp-json\/wp\/v2\/product_brand?post=3758"},{"taxonomy":"product_cat","embeddable":true,"href":"https:\/\/techno-rc.com.ar\/tienda\/wp-json\/wp\/v2\/product_cat?post=3758"},{"taxonomy":"product_tag","embeddable":true,"href":"https:\/\/techno-rc.com.ar\/tienda\/wp-json\/wp\/v2\/product_tag?post=3758"}],"curies":[{"name":"wp","href":"https:\/\/api.w.org\/{rel}","templated":true}]}}