{"id":3762,"date":"2025-05-12T13:05:16","date_gmt":"2025-05-12T16:05:16","guid":{"rendered":"https:\/\/techno-rc.com.ar\/tienda\/?post_type=product&#038;p=3762"},"modified":"2025-06-28T19:35:06","modified_gmt":"2025-06-28T22:35:06","slug":"camaras-de-seguridad-doble-lente-full-hd-vision-nocturna-2mp-vozk","status":"publish","type":"product","link":"https:\/\/techno-rc.com.ar\/tienda\/producto\/camaras-de-seguridad-doble-lente-full-hd-vision-nocturna-2mp-vozk\/","title":{"rendered":"CAMARAS DE SEGURIDAD DOBLE LENTE FULL HD VISION NOCTURNA 2MP VOZK"},"content":{"rendered":"<h1>CAMARAS DE SEGURIDAD DOBLE LENTE FULL HD VISION NOCTURNA 2MP VOZK<\/h1>\n<div class=\"oe_structure\">&#8211; Tipo de art\u00edculo: c\u00e1mara de doble lente &#8211; Material: ABS &#8211; Voltaje de enchufe: 100-240 V &#8211; P\u00edxel: 2 MP (dpi) &#8211; Resoluci\u00f3n: 1920 x 1080 &#8211; M\u00e9todo de suministro de red: WiFi inal\u00e1mbrico &#8211; Sensor de imagen: CMOS &#8211; Claridad horizontal: 1080P &#8211; Lente: 3,6 mm &#8211; Almacenamiento de video: Tarjeta de Memoriass peque\u00f1a (admite 8-128G) (no incluida) V\u00cdDEO HD 1080P: esta c\u00e1mara inteligente proporciona transmisi\u00f3n de video en vivo Full HD 1080P, lo que garantiza detalles clAross y le permite comprender lo que sucede en cada rinc\u00f3n de la casa. ALERTAS OPORTUNAS: adem\u00e1s de la panor\u00e1mica e inclinaci\u00f3n de rango completo para una vista de campo ultra amplia, una vez que se detecta movimiento, la c\u00e1mara interior enviar\u00e1 una ventana emergente en tiempo real a su tel\u00e9fono, lo que garantiza una alta seguridad. AUDIO DE DOBLE V\u00cdA: Micr\u00f3fono con cancelaci\u00f3n de ruido incorporado para conversaciones m\u00e1s claras en tiempo real. Con la aplicaci\u00f3n inteligente, puede chatear directamente con sus mascotas o familiares en cualquier momento y en cualquier lugar. OTRAS FUNCIONES: tecnolog\u00eda de encriptaci\u00f3n financiera para almacenamiento en la nube, sin su permiso, nadie puede acceder a su informaci\u00f3n y admite almacenamiento de video con tarjeta de Memoriass peque\u00f1a (no incluida).<\/div>\n<div><\/div>\n<div>\n<ol class=\"carousel-indicators position-static pt-2 pt-lg-0 mx-auto my-0\">\n<li class=\"align-top position-relative active\" data-bs-target=\"#o-carousel-product\" data-bs-slide-to=\"0\">\n<div><img decoding=\"async\" class=\"img o_image_64_cover\" src=\"https:\/\/www.dolphincel.com\/web\/image\/product.product\/12760\/image_128\/%5BF-CAS4005%5D%20CAMARAS%20DE%20SEGURIDAD%20DOBLE%20LENTE%20FULL%20HD%20VISION%20NOCTURNA%202MP%20VOZK?unique=aa2a5e4\" alt=\"CAMARAS DE SEGURIDAD DOBLE LENTE FULL HD VISION NOCTURNA 2MP VOZK\" \/><\/div>\n<\/li>\n<li class=\"align-top position-relative \" data-bs-target=\"#o-carousel-product\" data-bs-slide-to=\"1\">\n<div><img decoding=\"async\" class=\"img o_image_64_cover\" src=\"https:\/\/www.dolphincel.com\/web\/image\/product.image\/1450\/image_128\/Picsart_24-08-22_14-11-48-558.webp?unique=b00b103\" alt=\"Picsart_24-08-22_14-11-48-558.webp\" \/><\/div>\n<\/li>\n<li class=\"align-top position-relative \" data-bs-target=\"#o-carousel-product\" data-bs-slide-to=\"2\">\n<div><img decoding=\"async\" class=\"img o_image_64_cover\" src=\"https:\/\/www.dolphincel.com\/web\/image\/product.image\/1451\/image_128\/PhotoRoom-20240822_140903.webp?unique=b00b103\" alt=\"PhotoRoom-20240822_140903.webp\" \/><\/div>\n<\/li>\n<li class=\"align-top position-relative \" data-bs-target=\"#o-carousel-product\" data-bs-slide-to=\"3\">\n<div><img decoding=\"async\" class=\"img o_image_64_cover\" src=\"https:\/\/www.dolphincel.com\/web\/image\/product.image\/1452\/image_128\/PhotoRoom-20240822_140951.webp?unique=b00b103\" alt=\"PhotoRoom-20240822_140951.webp\" \/><\/div>\n<\/li>\n<li class=\"align-top position-relative \" data-bs-target=\"#o-carousel-product\" data-bs-slide-to=\"4\">\n<div><img decoding=\"async\" class=\"img o_image_64_cover\" src=\"https:\/\/www.dolphincel.com\/web\/image\/product.image\/1453\/image_128\/PhotoRoom-20240822_141036.webp?unique=b00b103\" alt=\"PhotoRoom-20240822_141036.webp\" \/><\/div>\n<\/li>\n<\/ol>\n<\/div>\n","protected":false},"excerpt":{"rendered":"<p>CAMARAS DE SEGURIDAD DOBLE LENTE FULL HD VISION NOCTURNA 2MP VOZK &#8211; Tipo de art\u00edculo: c\u00e1mara de doble lente &#8211; Material: ABS &#8211; Voltaje de enchufe: 100-240 V &#8211; P\u00edxel: 2 MP (dpi) &#8211; Resoluci\u00f3n: 1920 x 1080 &#8211; M\u00e9todo de suministro de red: WiFi inal\u00e1mbrico &#8211; Sensor de imagen: CMOS &#8211; Claridad horizontal: 1080P &hellip;<\/p>\n<p class=\"read-more\"> <a class=\" thunk-readmore button \" href=\"https:\/\/techno-rc.com.ar\/tienda\/producto\/camaras-de-seguridad-doble-lente-full-hd-vision-nocturna-2mp-vozk\/\"> <span class=\"screen-reader-text\">CAMARAS DE SEGURIDAD DOBLE LENTE FULL HD VISION NOCTURNA 2MP VOZK<\/span>Leer m\u00e1s<\/a><\/p>\n","protected":false},"featured_media":3763,"comment_status":"open","ping_status":"closed","template":"","meta":{"advanced_seo_description":"","jetpack_seo_html_title":"","jetpack_seo_noindex":false,"_joinchat":[]},"product_brand":[],"product_cat":[119,33],"product_tag":[],"class_list":{"0":"post-3762","1":"product","2":"type-product","3":"status-publish","4":"has-post-thumbnail","6":"product_cat-camaras-de-seguridad","7":"product_cat-insformatica","8":"thunk-woo-product-list","9":"opn-qv-enable","10":"open-woo-hover-none","11":"open-single-product-tab-horizontal","12":"open-shadow-","13":"open-shadow-hover-","15":"first","16":"instock","17":"taxable","18":"shipping-taxable","19":"purchasable","20":"product-type-simple"},"jetpack_sharing_enabled":true,"_links":{"self":[{"href":"https:\/\/techno-rc.com.ar\/tienda\/wp-json\/wp\/v2\/product\/3762","targetHints":{"allow":["GET"]}}],"collection":[{"href":"https:\/\/techno-rc.com.ar\/tienda\/wp-json\/wp\/v2\/product"}],"about":[{"href":"https:\/\/techno-rc.com.ar\/tienda\/wp-json\/wp\/v2\/types\/product"}],"replies":[{"embeddable":true,"href":"https:\/\/techno-rc.com.ar\/tienda\/wp-json\/wp\/v2\/comments?post=3762"}],"wp:featuredmedia":[{"embeddable":true,"href":"https:\/\/techno-rc.com.ar\/tienda\/wp-json\/wp\/v2\/media\/3763"}],"wp:attachment":[{"href":"https:\/\/techno-rc.com.ar\/tienda\/wp-json\/wp\/v2\/media?parent=3762"}],"wp:term":[{"taxonomy":"product_brand","embeddable":true,"href":"https:\/\/techno-rc.com.ar\/tienda\/wp-json\/wp\/v2\/product_brand?post=3762"},{"taxonomy":"product_cat","embeddable":true,"href":"https:\/\/techno-rc.com.ar\/tienda\/wp-json\/wp\/v2\/product_cat?post=3762"},{"taxonomy":"product_tag","embeddable":true,"href":"https:\/\/techno-rc.com.ar\/tienda\/wp-json\/wp\/v2\/product_tag?post=3762"}],"curies":[{"name":"wp","href":"https:\/\/api.w.org\/{rel}","templated":true}]}}