{"id":3785,"date":"2025-05-12T13:49:32","date_gmt":"2025-05-12T16:49:32","guid":{"rendered":"https:\/\/techno-rc.com.ar\/tienda\/?post_type=product&#038;p=3785"},"modified":"2025-06-28T19:35:04","modified_gmt":"2025-06-28T22:35:04","slug":"barra-de-sonido-108-w-soundbar-hs214-hisense","status":"publish","type":"product","link":"https:\/\/techno-rc.com.ar\/tienda\/producto\/barra-de-sonido-108-w-soundbar-hs214-hisense\/","title":{"rendered":"Barra de Sonido 108 W Soundbar Hs214 HISENSE"},"content":{"rendered":"<p><strong>\u00a1No te perd\u00e1s ning\u00fan detalle!<\/strong><\/p>\n<p>Con la<strong>\u00a0Barra de Sonido 108 W Soundbar Hs214 Hisense<\/strong>\u00a0disfrut\u00e1 una experiencia de sonido superior. F\u00e1cil de colocar e instalar a tu TV, no solo pod\u00e9s escuchar las escenas, sino que te va a transportar dentro de ellas<\/p>\n<p><strong>Simple y compacto<\/strong><\/p>\n<p>Ideal para tu hogar se adapta f\u00e1cilmente a tus espacios, adem\u00e1s no necesita cables.<\/p>\n","protected":false},"excerpt":{"rendered":"<p>\u00a1No te perd\u00e1s ning\u00fan detalle! Con la\u00a0Barra de Sonido 108 W Soundbar Hs214 Hisense\u00a0disfrut\u00e1 una experiencia de sonido superior. F\u00e1cil de colocar e instalar a tu TV, no solo pod\u00e9s escuchar las escenas, sino que te va a transportar dentro de ellas Simple y compacto Ideal para tu hogar se adapta f\u00e1cilmente a tus espacios, &hellip;<\/p>\n<p class=\"read-more\"> <a class=\" thunk-readmore button \" href=\"https:\/\/techno-rc.com.ar\/tienda\/producto\/barra-de-sonido-108-w-soundbar-hs214-hisense\/\"> <span class=\"screen-reader-text\">Barra de Sonido 108 W Soundbar Hs214 HISENSE<\/span>Leer m\u00e1s<\/a><\/p>\n","protected":false},"featured_media":3786,"comment_status":"open","ping_status":"closed","template":"","meta":{"advanced_seo_description":"","jetpack_seo_html_title":"","jetpack_seo_noindex":false,"_joinchat":[]},"product_brand":[],"product_cat":[122,33],"product_tag":[],"class_list":{"0":"post-3785","1":"product","2":"type-product","3":"status-publish","4":"has-post-thumbnail","6":"product_cat-barra-de-sonido","7":"product_cat-insformatica","8":"thunk-woo-product-list","9":"opn-qv-enable","10":"open-woo-hover-none","11":"open-single-product-tab-horizontal","12":"open-shadow-","13":"open-shadow-hover-","15":"first","16":"instock","17":"taxable","18":"shipping-taxable","19":"purchasable","20":"product-type-simple"},"jetpack_sharing_enabled":true,"_links":{"self":[{"href":"https:\/\/techno-rc.com.ar\/tienda\/wp-json\/wp\/v2\/product\/3785","targetHints":{"allow":["GET"]}}],"collection":[{"href":"https:\/\/techno-rc.com.ar\/tienda\/wp-json\/wp\/v2\/product"}],"about":[{"href":"https:\/\/techno-rc.com.ar\/tienda\/wp-json\/wp\/v2\/types\/product"}],"replies":[{"embeddable":true,"href":"https:\/\/techno-rc.com.ar\/tienda\/wp-json\/wp\/v2\/comments?post=3785"}],"wp:featuredmedia":[{"embeddable":true,"href":"https:\/\/techno-rc.com.ar\/tienda\/wp-json\/wp\/v2\/media\/3786"}],"wp:attachment":[{"href":"https:\/\/techno-rc.com.ar\/tienda\/wp-json\/wp\/v2\/media?parent=3785"}],"wp:term":[{"taxonomy":"product_brand","embeddable":true,"href":"https:\/\/techno-rc.com.ar\/tienda\/wp-json\/wp\/v2\/product_brand?post=3785"},{"taxonomy":"product_cat","embeddable":true,"href":"https:\/\/techno-rc.com.ar\/tienda\/wp-json\/wp\/v2\/product_cat?post=3785"},{"taxonomy":"product_tag","embeddable":true,"href":"https:\/\/techno-rc.com.ar\/tienda\/wp-json\/wp\/v2\/product_tag?post=3785"}],"curies":[{"name":"wp","href":"https:\/\/api.w.org\/{rel}","templated":true}]}}