{"id":3788,"date":"2025-05-12T13:54:05","date_gmt":"2025-05-12T16:54:05","guid":{"rendered":"https:\/\/techno-rc.com.ar\/tienda\/?post_type=product&#038;p=3788"},"modified":"2025-06-28T19:35:03","modified_gmt":"2025-06-28T22:35:03","slug":"parlante-portatil-party-rocker-one-300w-hisense","status":"publish","type":"product","link":"https:\/\/techno-rc.com.ar\/tienda\/producto\/parlante-portatil-party-rocker-one-300w-hisense\/","title":{"rendered":"Parlante Port\u00e1til Party Rocker One 300W HISENSE"},"content":{"rendered":"<h1>Parlante Port\u00e1til Party Rocker One 300W HISENSE<\/h1>\n<div class=\"oe_structure\">\n<p data-oe-version=\"1.2\">acerca de Parlante Port\u00e1til Party Rocker One 300W Hisense<\/p>\n<p><strong>Hac\u00e9 que la m\u00fasica suene y brille con el Party Rocker One<\/strong><\/p>\n<p>Con el\u00a0<strong>Parlante Port\u00e1til 300W Hisense<\/strong>\u00a0potenci\u00e1 tu m\u00fasica al m\u00e1ximo, experiment\u00e1 un sonido envolvente que te har\u00e1 vibrar en cada nota. Llev\u00e1 tus fiestas y reuniones al siguiente nivel con las luces LED sincronizadas al ritmo de la m\u00fasica, creando un ambiente espectacular.<\/p>\n<p>\u00bfEst\u00e1s listo para ser el alma de la fiesta? \u00a1Consegu\u00ed el tuyo y dale vida a la m\u00fasica!<\/p>\n<p><strong>\u00a1Disfrut\u00e1 de una experiencia musical \u00fanica, compralo ahora y sumergite en el mundo de la potencia y la diversi\u00f3n!<\/strong><\/p>\n<\/div>\n","protected":false},"excerpt":{"rendered":"<p>Parlante Port\u00e1til Party Rocker One 300W HISENSE acerca de Parlante Port\u00e1til Party Rocker One 300W Hisense Hac\u00e9 que la m\u00fasica suene y brille con el Party Rocker One Con el\u00a0Parlante Port\u00e1til 300W Hisense\u00a0potenci\u00e1 tu m\u00fasica al m\u00e1ximo, experiment\u00e1 un sonido envolvente que te har\u00e1 vibrar en cada nota. Llev\u00e1 tus fiestas y reuniones al siguiente &hellip;<\/p>\n<p class=\"read-more\"> <a class=\" thunk-readmore button \" href=\"https:\/\/techno-rc.com.ar\/tienda\/producto\/parlante-portatil-party-rocker-one-300w-hisense\/\"> <span class=\"screen-reader-text\">Parlante Port\u00e1til Party Rocker One 300W HISENSE<\/span>Leer m\u00e1s<\/a><\/p>\n","protected":false},"featured_media":3789,"comment_status":"closed","ping_status":"closed","template":"","meta":{"advanced_seo_description":"","jetpack_seo_html_title":"","jetpack_seo_noindex":false,"_joinchat":[]},"product_brand":[],"product_cat":[49],"product_tag":[],"class_list":{"0":"post-3788","1":"product","2":"type-product","3":"status-publish","4":"has-post-thumbnail","6":"product_cat-parlantes","7":"thunk-woo-product-list","8":"opn-qv-enable","9":"open-woo-hover-none","10":"open-single-product-tab-horizontal","11":"open-shadow-","12":"open-shadow-hover-","14":"first","15":"instock","16":"taxable","17":"shipping-taxable","18":"purchasable","19":"product-type-simple"},"jetpack_sharing_enabled":true,"_links":{"self":[{"href":"https:\/\/techno-rc.com.ar\/tienda\/wp-json\/wp\/v2\/product\/3788","targetHints":{"allow":["GET"]}}],"collection":[{"href":"https:\/\/techno-rc.com.ar\/tienda\/wp-json\/wp\/v2\/product"}],"about":[{"href":"https:\/\/techno-rc.com.ar\/tienda\/wp-json\/wp\/v2\/types\/product"}],"replies":[{"embeddable":true,"href":"https:\/\/techno-rc.com.ar\/tienda\/wp-json\/wp\/v2\/comments?post=3788"}],"wp:featuredmedia":[{"embeddable":true,"href":"https:\/\/techno-rc.com.ar\/tienda\/wp-json\/wp\/v2\/media\/3789"}],"wp:attachment":[{"href":"https:\/\/techno-rc.com.ar\/tienda\/wp-json\/wp\/v2\/media?parent=3788"}],"wp:term":[{"taxonomy":"product_brand","embeddable":true,"href":"https:\/\/techno-rc.com.ar\/tienda\/wp-json\/wp\/v2\/product_brand?post=3788"},{"taxonomy":"product_cat","embeddable":true,"href":"https:\/\/techno-rc.com.ar\/tienda\/wp-json\/wp\/v2\/product_cat?post=3788"},{"taxonomy":"product_tag","embeddable":true,"href":"https:\/\/techno-rc.com.ar\/tienda\/wp-json\/wp\/v2\/product_tag?post=3788"}],"curies":[{"name":"wp","href":"https:\/\/api.w.org\/{rel}","templated":true}]}}