{"id":3799,"date":"2025-05-12T14:13:42","date_gmt":"2025-05-12T17:13:42","guid":{"rendered":"https:\/\/techno-rc.com.ar\/tienda\/?post_type=product&#038;p=3799"},"modified":"2025-06-28T19:35:02","modified_gmt":"2025-06-28T22:35:02","slug":"pizarras-magica-tablet-lcd-escritura-ewrite-8-5-pulgadas","status":"publish","type":"product","link":"https:\/\/techno-rc.com.ar\/tienda\/producto\/pizarras-magica-tablet-lcd-escritura-ewrite-8-5-pulgadas\/","title":{"rendered":"PIZARRAS M\u00c1GICA TABLET LCD ESCRITURA EWRITE 8.5 PULGADAS"},"content":{"rendered":"<h1>PIZARRAS M\u00c1GICA TABLET LCD ESCRITURA EWRITE 8.5 PULGADAS<\/h1>\n<div class=\"oe_structure\">Material: Pl\u00e1stico Edad recomendada por el fabricante: 3+ a\u00f1os Color: Multicolor<\/div>\n<div><\/div>\n","protected":false},"excerpt":{"rendered":"<p>PIZARRAS M\u00c1GICA TABLET LCD ESCRITURA EWRITE 8.5 PULGADAS Material: Pl\u00e1stico Edad recomendada por el fabricante: 3+ a\u00f1os Color: Multicolor<\/p>\n","protected":false},"featured_media":3800,"comment_status":"closed","ping_status":"closed","template":"","meta":{"advanced_seo_description":"","jetpack_seo_html_title":"","jetpack_seo_noindex":false,"_joinchat":[]},"product_brand":[],"product_cat":[33,127],"product_tag":[],"class_list":{"0":"post-3799","1":"product","2":"type-product","3":"status-publish","4":"has-post-thumbnail","6":"product_cat-insformatica","7":"product_cat-pizarra-magica-tablet-lcd","8":"thunk-woo-product-list","9":"opn-qv-enable","10":"open-woo-hover-none","11":"open-single-product-tab-horizontal","12":"open-shadow-","13":"open-shadow-hover-","15":"first","16":"instock","17":"taxable","18":"shipping-taxable","19":"purchasable","20":"product-type-simple"},"jetpack_sharing_enabled":true,"_links":{"self":[{"href":"https:\/\/techno-rc.com.ar\/tienda\/wp-json\/wp\/v2\/product\/3799","targetHints":{"allow":["GET"]}}],"collection":[{"href":"https:\/\/techno-rc.com.ar\/tienda\/wp-json\/wp\/v2\/product"}],"about":[{"href":"https:\/\/techno-rc.com.ar\/tienda\/wp-json\/wp\/v2\/types\/product"}],"replies":[{"embeddable":true,"href":"https:\/\/techno-rc.com.ar\/tienda\/wp-json\/wp\/v2\/comments?post=3799"}],"wp:featuredmedia":[{"embeddable":true,"href":"https:\/\/techno-rc.com.ar\/tienda\/wp-json\/wp\/v2\/media\/3800"}],"wp:attachment":[{"href":"https:\/\/techno-rc.com.ar\/tienda\/wp-json\/wp\/v2\/media?parent=3799"}],"wp:term":[{"taxonomy":"product_brand","embeddable":true,"href":"https:\/\/techno-rc.com.ar\/tienda\/wp-json\/wp\/v2\/product_brand?post=3799"},{"taxonomy":"product_cat","embeddable":true,"href":"https:\/\/techno-rc.com.ar\/tienda\/wp-json\/wp\/v2\/product_cat?post=3799"},{"taxonomy":"product_tag","embeddable":true,"href":"https:\/\/techno-rc.com.ar\/tienda\/wp-json\/wp\/v2\/product_tag?post=3799"}],"curies":[{"name":"wp","href":"https:\/\/api.w.org\/{rel}","templated":true}]}}