{"id":3801,"date":"2025-05-12T14:16:31","date_gmt":"2025-05-12T17:16:31","guid":{"rendered":"https:\/\/techno-rc.com.ar\/tienda\/?post_type=product&#038;p=3801"},"modified":"2025-06-28T19:35:01","modified_gmt":"2025-06-28T22:35:01","slug":"cactus-bailarin-con-caja","status":"publish","type":"product","link":"https:\/\/techno-rc.com.ar\/tienda\/producto\/cactus-bailarin-con-caja\/","title":{"rendered":"CACTUS BAILARIN CON CAJA"},"content":{"rendered":"<h1>CACTUS BAILARIN CON CAJA<\/h1>\n<div class=\"oe_structure\">\n<p>BAILA Y CANTA<\/p>\n<p>El baile juguete de cactus puede atraer la atenci\u00f3n de los ni\u00f1os y es bueno para la educaci\u00f3n temprana y para aprender a hablar!<\/p>\n<p>El mu\u00f1eco de cactus no solo es un juguete educativo, sino que tambi\u00e9n se puede utilizar para decorar tu hogar y hacer que tu hogar sea m\u00e1s atractivo.<\/p>\n<p>Hecho de material de tela, respetuoso con el medio ambiente y duradero.<\/p>\n<p>Con Cable usb<\/p>\n<\/div>\n","protected":false},"excerpt":{"rendered":"<p>CACTUS BAILARIN CON CAJA BAILA Y CANTA El baile juguete de cactus puede atraer la atenci\u00f3n de los ni\u00f1os y es bueno para la educaci\u00f3n temprana y para aprender a hablar! El mu\u00f1eco de cactus no solo es un juguete educativo, sino que tambi\u00e9n se puede utilizar para decorar tu hogar y hacer que tu [&hellip;]<\/p>\n","protected":false},"featured_media":3802,"comment_status":"closed","ping_status":"closed","template":"","meta":{"advanced_seo_description":"","jetpack_seo_html_title":"","jetpack_seo_noindex":false,"_joinchat":[]},"product_brand":[],"product_cat":[128,55],"product_tag":[],"class_list":{"0":"post-3801","1":"product","2":"type-product","3":"status-publish","4":"has-post-thumbnail","6":"product_cat-cactus-bailarin-con-caja","7":"product_cat-electro-hogar","9":"first","10":"instock","11":"taxable","12":"shipping-taxable","13":"purchasable","14":"product-type-simple"},"jetpack_sharing_enabled":true,"_links":{"self":[{"href":"https:\/\/techno-rc.com.ar\/tienda\/wp-json\/wp\/v2\/product\/3801","targetHints":{"allow":["GET"]}}],"collection":[{"href":"https:\/\/techno-rc.com.ar\/tienda\/wp-json\/wp\/v2\/product"}],"about":[{"href":"https:\/\/techno-rc.com.ar\/tienda\/wp-json\/wp\/v2\/types\/product"}],"replies":[{"embeddable":true,"href":"https:\/\/techno-rc.com.ar\/tienda\/wp-json\/wp\/v2\/comments?post=3801"}],"wp:featuredmedia":[{"embeddable":true,"href":"https:\/\/techno-rc.com.ar\/tienda\/wp-json\/wp\/v2\/media\/3802"}],"wp:attachment":[{"href":"https:\/\/techno-rc.com.ar\/tienda\/wp-json\/wp\/v2\/media?parent=3801"}],"wp:term":[{"taxonomy":"product_brand","embeddable":true,"href":"https:\/\/techno-rc.com.ar\/tienda\/wp-json\/wp\/v2\/product_brand?post=3801"},{"taxonomy":"product_cat","embeddable":true,"href":"https:\/\/techno-rc.com.ar\/tienda\/wp-json\/wp\/v2\/product_cat?post=3801"},{"taxonomy":"product_tag","embeddable":true,"href":"https:\/\/techno-rc.com.ar\/tienda\/wp-json\/wp\/v2\/product_tag?post=3801"}],"curies":[{"name":"wp","href":"https:\/\/api.w.org\/{rel}","templated":true}]}}