{"id":3830,"date":"2025-05-16T09:44:15","date_gmt":"2025-05-16T12:44:15","guid":{"rendered":"https:\/\/techno-rc.com.ar\/tienda\/?post_type=product&#038;p=3830"},"modified":"2025-06-28T19:34:01","modified_gmt":"2025-06-28T22:34:01","slug":"netbook-pcbox-n4020-116-8gb-480gb-sin-sistema","status":"publish","type":"product","link":"https:\/\/techno-rc.com.ar\/tienda\/producto\/netbook-pcbox-n4020-116-8gb-480gb-sin-sistema\/","title":{"rendered":"Netbook Pcbox &#8211; N4020 &#8211; 116 &#8211; 8Gb &#8211; 480Gb &#8211; Sin Sistema"},"content":{"rendered":"<p>Si buscas una Notebook potente y confiable este modelo es ideal para vos, con su procesador Intel Celeron y su generosa capacidad de almacenamiento, esta computadora port\u00e1til te brinda un rendimiento excepcional para todas tus tareas diarias. Un dise\u00f1o de vanguardia para la m\u00e1s alta tecnolog\u00eda y poder de procesamiento, porque incorpora materiales de \u00faltima generaci\u00f3n en un formato ultra compacto y liviano. Cuenta con pantalla de 11.6 pulgadas y est\u00e1 motorizada por un poderoso Procesador Intel\u00ae INTEL CELERON N4020 . Adem\u00e1s, dispone de 8GB de memoria RAM y almacenamiento interno de 480GB , para un r\u00e1pido acceso a la informaci\u00f3n, con mayor seguridad, ya que no tiene componentes mec\u00e1nicos. Incorpora c\u00e1mara Web, placa de red Wi-Fi, Bluetooth, puertos USB, Salida HDMI, conexi\u00f3n para auriculares y lector de tarjetas de memoria externa. \u00bfNo par\u00e1s de moverte? La nueva netbook de Pcbox te brinda una soluci\u00f3n completa. De dise\u00f1o innovador y materiales livianos, para que la lleves a todas partes, sin descuidar desempe\u00f1o y funcionalidad. Caracter\u00edsticas T\u00e9cnicas Procesador Intel INTEL N4020 Memoria 8 GB Almacenamiento 480 GB Pantalla 11.6&#8243;<\/p>\n","protected":false},"excerpt":{"rendered":"<p>Si buscas una Notebook potente y confiable este modelo es ideal para vos, con su procesador Intel Celeron y su generosa capacidad de almacenamiento, esta computadora port\u00e1til te brinda un rendimiento excepcional para todas tus tareas diarias. Un dise\u00f1o de vanguardia para la m\u00e1s alta tecnolog\u00eda y poder de procesamiento, porque incorpora materiales de \u00faltima &hellip;<\/p>\n<p class=\"read-more\"> <a class=\" thunk-readmore button \" href=\"https:\/\/techno-rc.com.ar\/tienda\/producto\/netbook-pcbox-n4020-116-8gb-480gb-sin-sistema\/\"> <span class=\"screen-reader-text\">Netbook Pcbox &#8211; N4020 &#8211; 116 &#8211; 8Gb &#8211; 480Gb &#8211; Sin Sistema<\/span>Leer m\u00e1s<\/a><\/p>\n","protected":false},"featured_media":3834,"comment_status":"open","ping_status":"closed","template":"","meta":{"advanced_seo_description":"","jetpack_seo_html_title":"","jetpack_seo_noindex":false,"_joinchat":[]},"product_brand":[],"product_cat":[33,130],"product_tag":[],"class_list":{"0":"post-3830","1":"product","2":"type-product","3":"status-publish","4":"has-post-thumbnail","6":"product_cat-insformatica","7":"product_cat-netbook","8":"thunk-woo-product-list","9":"opn-qv-enable","10":"open-woo-hover-none","11":"open-single-product-tab-horizontal","12":"open-shadow-","13":"open-shadow-hover-","15":"first","16":"instock","17":"taxable","18":"shipping-taxable","19":"purchasable","20":"product-type-simple"},"jetpack_sharing_enabled":true,"_links":{"self":[{"href":"https:\/\/techno-rc.com.ar\/tienda\/wp-json\/wp\/v2\/product\/3830","targetHints":{"allow":["GET"]}}],"collection":[{"href":"https:\/\/techno-rc.com.ar\/tienda\/wp-json\/wp\/v2\/product"}],"about":[{"href":"https:\/\/techno-rc.com.ar\/tienda\/wp-json\/wp\/v2\/types\/product"}],"replies":[{"embeddable":true,"href":"https:\/\/techno-rc.com.ar\/tienda\/wp-json\/wp\/v2\/comments?post=3830"}],"wp:featuredmedia":[{"embeddable":true,"href":"https:\/\/techno-rc.com.ar\/tienda\/wp-json\/wp\/v2\/media\/3834"}],"wp:attachment":[{"href":"https:\/\/techno-rc.com.ar\/tienda\/wp-json\/wp\/v2\/media?parent=3830"}],"wp:term":[{"taxonomy":"product_brand","embeddable":true,"href":"https:\/\/techno-rc.com.ar\/tienda\/wp-json\/wp\/v2\/product_brand?post=3830"},{"taxonomy":"product_cat","embeddable":true,"href":"https:\/\/techno-rc.com.ar\/tienda\/wp-json\/wp\/v2\/product_cat?post=3830"},{"taxonomy":"product_tag","embeddable":true,"href":"https:\/\/techno-rc.com.ar\/tienda\/wp-json\/wp\/v2\/product_tag?post=3830"}],"curies":[{"name":"wp","href":"https:\/\/api.w.org\/{rel}","templated":true}]}}