{"id":3996,"date":"2025-05-30T11:26:44","date_gmt":"2025-05-30T14:26:44","guid":{"rendered":"https:\/\/techno-rc.com.ar\/tienda\/?post_type=product&#038;p=3996"},"modified":"2025-06-28T19:32:43","modified_gmt":"2025-06-28T22:32:43","slug":"silla-gamer-thunderx3-tc3-arctic-white-by-aerocool","status":"publish","type":"product","link":"https:\/\/techno-rc.com.ar\/tienda\/producto\/silla-gamer-thunderx3-tc3-arctic-white-by-aerocool\/","title":{"rendered":"SILLA GAMER THUNDERX3 TC3 ARCTIC WHITE (BY AEROCOOL)"},"content":{"rendered":"<table width=\"637\">\n<tbody>\n<tr>\n<td style=\"font-weight: 400;\" width=\"637\">SILLA GAMER THUNDERX3 TC3 ARCTIC WHITE (BY AEROCOOL)<\/p>\n<div class=\"content-outer\">\n<div class=\"content-inner\">\n<div class=\"product attribute description\">\n<div class=\"value\">La TC3 se dise\u00f1\u00f3 con una atenci\u00f3n impecable a los detalles y la precisi\u00f3n para ofrecer una silla de juego que cumpla con nuestros est\u00e1ndares inmensamente altos de calidad, est\u00e9tica y comodidad. Con un dise\u00f1o interno elegante y hermoso, las cubiertas laterales, los reposabrazos y las ruedas de las sillas para juegos TC vienen con un logotipo ThunderX3 grabado que agrega un aire de elegancia y sofisticaci\u00f3n, puedes expresarte y lucir tu propia apariencia \u00fanica. Construida con un dise\u00f1o ergon\u00f3mico y cojines ajustables para la cabeza y el respaldo, esta silla para juegos te mantiene c\u00f3modo y relajado en todo momento. Con espuma de alta densidad que se ajusta a la forma de su propio cuerpo y brinda soporte para todo el cuerpo, sentir\u00e1 la comodidad como ning\u00fan otro mientras luce el aspecto de un verdadero jugador. AIR Tech combina un dise\u00f1o estenopeico con espumas y materiales no tejidos de primera calidad para aumentar la circulaci\u00f3n del aire y la transpirabilidad, manteni\u00e9ndote c\u00f3modo y fresco incluso despu\u00e9s de largas sesiones de juego. Con una combinaci\u00f3n de dise\u00f1o \u00fanico y materiales de alta calidad, que incluyen AIR Tech, cuero sint\u00e9tico premium con patr\u00f3n estilo fibra de carbono y espuma de alta densidad, la serie TC brinda la m\u00e1xima comodidad y durabilidad al tiempo que brinda una apariencia elegante pero futurista a su juego. configuraci\u00f3n. &#8211; Dise\u00f1o interno con el logotipo ThunderX3 grabado en las cubiertas laterales, los reposabrazos y las ruedas &#8211; AIR Tech para m\u00e1xima transpirabilidad &#8211; Cuero sint\u00e9tico premium con patr\u00f3n estilo fibra de carbono &#8211; Espuma de alta densidad para comodidad durante todo el d\u00eda. &#8211; Reposabrazos bidireccionales ajustables &#8211; Cojines de cabeza y respaldo ajustables &#8211; El elevador de gas hidr\u00e1ulico de clase 4 admite hasta 150 kg &#8211; Respaldo reclinable ajustable Garant\u00eda: 12 Meses<\/div>\n<\/div>\n<\/div>\n<\/div>\n<\/td>\n<\/tr>\n<\/tbody>\n<\/table>\n","protected":false},"excerpt":{"rendered":"<p>SILLA GAMER THUNDERX3 TC3 ARCTIC WHITE (BY AEROCOOL) La TC3 se dise\u00f1\u00f3 con una atenci\u00f3n impecable a los detalles y la precisi\u00f3n para ofrecer una silla de juego que cumpla con nuestros est\u00e1ndares inmensamente altos de calidad, est\u00e9tica y comodidad. Con un dise\u00f1o interno elegante y hermoso, las cubiertas laterales, los reposabrazos y las ruedas &hellip;<\/p>\n<p class=\"read-more\"> <a class=\" thunk-readmore button \" href=\"https:\/\/techno-rc.com.ar\/tienda\/producto\/silla-gamer-thunderx3-tc3-arctic-white-by-aerocool\/\"> <span class=\"screen-reader-text\">SILLA GAMER THUNDERX3 TC3 ARCTIC WHITE (BY AEROCOOL)<\/span>Leer m\u00e1s<\/a><\/p>\n","protected":false},"featured_media":3997,"comment_status":"closed","ping_status":"closed","template":"","meta":{"advanced_seo_description":"","jetpack_seo_html_title":"","jetpack_seo_noindex":false,"_joinchat":[]},"product_brand":[],"product_cat":[37,135],"product_tag":[],"class_list":{"0":"post-3996","1":"product","2":"type-product","3":"status-publish","4":"has-post-thumbnail","6":"product_cat-gaming","7":"product_cat-silla-gamer","8":"thunk-woo-product-list","9":"opn-qv-enable","10":"open-woo-hover-none","11":"open-single-product-tab-horizontal","12":"open-shadow-","13":"open-shadow-hover-","15":"first","16":"instock","17":"taxable","18":"shipping-taxable","19":"purchasable","20":"product-type-simple"},"jetpack_sharing_enabled":true,"_links":{"self":[{"href":"https:\/\/techno-rc.com.ar\/tienda\/wp-json\/wp\/v2\/product\/3996","targetHints":{"allow":["GET"]}}],"collection":[{"href":"https:\/\/techno-rc.com.ar\/tienda\/wp-json\/wp\/v2\/product"}],"about":[{"href":"https:\/\/techno-rc.com.ar\/tienda\/wp-json\/wp\/v2\/types\/product"}],"replies":[{"embeddable":true,"href":"https:\/\/techno-rc.com.ar\/tienda\/wp-json\/wp\/v2\/comments?post=3996"}],"wp:featuredmedia":[{"embeddable":true,"href":"https:\/\/techno-rc.com.ar\/tienda\/wp-json\/wp\/v2\/media\/3997"}],"wp:attachment":[{"href":"https:\/\/techno-rc.com.ar\/tienda\/wp-json\/wp\/v2\/media?parent=3996"}],"wp:term":[{"taxonomy":"product_brand","embeddable":true,"href":"https:\/\/techno-rc.com.ar\/tienda\/wp-json\/wp\/v2\/product_brand?post=3996"},{"taxonomy":"product_cat","embeddable":true,"href":"https:\/\/techno-rc.com.ar\/tienda\/wp-json\/wp\/v2\/product_cat?post=3996"},{"taxonomy":"product_tag","embeddable":true,"href":"https:\/\/techno-rc.com.ar\/tienda\/wp-json\/wp\/v2\/product_tag?post=3996"}],"curies":[{"name":"wp","href":"https:\/\/api.w.org\/{rel}","templated":true}]}}