{"id":4024,"date":"2025-06-02T10:28:28","date_gmt":"2025-06-02T13:28:28","guid":{"rendered":"https:\/\/techno-rc.com.ar\/tienda\/?post_type=product&#038;p=4024"},"modified":"2025-06-28T19:32:42","modified_gmt":"2025-06-28T22:32:42","slug":"headset-klipxtreme-klearcom-c-vol-mic-conector-usb-aislamiento-de-ruido-kch-510","status":"publish","type":"product","link":"https:\/\/techno-rc.com.ar\/tienda\/producto\/headset-klipxtreme-klearcom-c-vol-mic-conector-usb-aislamiento-de-ruido-kch-510\/","title":{"rendered":"HEADSET KLIPXTREME KLEARCOM C\/ VOL-MIC CONECTOR USB AISLAMIENTO DE RUIDO (KCH-510)"},"content":{"rendered":"<table width=\"637\">\n<tbody>\n<tr>\n<td style=\"font-weight: 400\" width=\"637\">HEADSET KLIPXTREME KLEARCOM C\/ VOL-MIC CONECTOR USB AISLAMIENTO DE RUIDO (KCH-510)<\/p>\n<p>Actualmente la claridad en la comunicaci\u00f3n es primordial para conseguir los mejores resultados en equipo. Logre la mayor productividad con los aud\u00edfonos KlearCom dise\u00f1ados para uso continuo y con una simple conexi\u00f3n plug and play mediante un puerto USB y estar\u00e1 listo para atender sus teleconferencias en las principales plataformas de comunicaciones unificadas (CU). Concluya todo un d\u00eda de llamadas sin sentir molestias en la cabeza y alrededor de los o\u00eddos gracias a las almohadillas acolchadas, hechas en cuerina y a la diadema acolchada ajustable sin ejercer demasiada presi\u00f3n, son tan livianos que ni se sienten. Aproveche la c\u00e1psula de control en l\u00ednea para gestionar con facilidad sus llamadas silenciando el micr\u00f3fono en el momento m\u00e1s adecuado, suprimiendo el audio de la llamada cuando necesite escuchar lo que ocurre a su alrededor o simplemente modificando el nivel del volumen. Los KlearCom son imprescindibles para apoyarlo en los mayores retos de su jornada. &#8211; Aud\u00edfonos est\u00e9reo con c\u00e1psula de control en l\u00ednea para la f\u00e1cil gesti\u00f3n de teleconferencias &#8211; Compatible con Teams, Zoom, Skype y otras plataformas populares de comunicaciones unificadas (CU)1 &#8211; Ofrece un sonido de excelente calidad que permite comunicaciones n\u00edtidas a ambas partes &#8211; El brazo ajustable del micr\u00f3fono se gira hasta 270 grados para ubicarlo a ambos lados de la cabeza &#8211; C\u00e1psulas para los o\u00eddos de cuerina brindan una sensaci\u00f3n suave y comodidad todo el d\u00eda &#8211; Diadema acolchada de metal proporciona confort y durabilidad &#8211; Dise\u00f1o liviano y discreto para mayor productividad y concentraci\u00f3n 1 Pueden aplicar algunas limitaciones en las funciones de las plataformas dependiendo de la plataforma de comunicaciones unificadas utilizada. &#8211; Garantia 6 meses<\/p>\n<table id=\"product-attribute-specs-table\" class=\"data table additional-attributes\">\n<caption class=\"table-caption\">M\u00e1s informaci\u00f3n<\/caption>\n<tbody>\n<tr>\n<th class=\"col label\" scope=\"row\">SKU<\/th>\n<td class=\"col data\" data-th=\"SKU\">63274<\/td>\n<\/tr>\n<tr>\n<th class=\"col label\" scope=\"row\">Cantidad de pares<\/th>\n<td class=\"col data\" data-th=\"Cantidad de pares\">1<\/td>\n<\/tr>\n<tr>\n<th class=\"col label\" scope=\"row\">C\u00f3digo universal de producto<\/th>\n<td class=\"col data\" data-th=\"C\u00f3digo universal de producto\">798302091429<\/td>\n<\/tr>\n<tr>\n<th class=\"col label\" scope=\"row\">Color<\/th>\n<td class=\"col data\" data-th=\"Color\">Negro<\/td>\n<\/tr>\n<tr>\n<th class=\"col label\" scope=\"row\">Color principal<\/th>\n<td class=\"col data\" data-th=\"Color principal\">Negro<\/td>\n<\/tr>\n<tr>\n<th class=\"col label\" scope=\"row\">Con Bluetooth<\/th>\n<td class=\"col data\" data-th=\"Con Bluetooth\">No<\/td>\n<\/tr>\n<tr>\n<th class=\"col label\" scope=\"row\">Con luz LED<\/th>\n<td class=\"col data\" data-th=\"Con luz LED\">No<\/td>\n<\/tr>\n<tr>\n<th class=\"col label\" scope=\"row\">Con micr\u00f3fono<\/th>\n<td class=\"col data\" data-th=\"Con micr\u00f3fono\">S\u00ed<\/td>\n<\/tr>\n<tr>\n<th class=\"col label\" scope=\"row\">Condici\u00f3n del \u00edtem<\/th>\n<td class=\"col data\" data-th=\"Condici\u00f3n del \u00edtem\">Nuevo<\/td>\n<\/tr>\n<tr>\n<th class=\"col label\" scope=\"row\">Es gamer<\/th>\n<td class=\"col data\" data-th=\"Es gamer\">No<\/td>\n<\/tr>\n<tr>\n<th class=\"col label\" scope=\"row\">Es inal\u00e1mbrico<\/th>\n<td class=\"col data\" data-th=\"Es inal\u00e1mbrico\">No<\/td>\n<\/tr>\n<tr>\n<th class=\"col label\" scope=\"row\">Es infantil<\/th>\n<td class=\"col data\" data-th=\"Es infantil\">No<\/td>\n<\/tr>\n<tr>\n<th class=\"col label\" scope=\"row\">Es monoaural<\/th>\n<td class=\"col data\" data-th=\"Es monoaural\">No<\/td>\n<\/tr>\n<tr>\n<th class=\"col label\" scope=\"row\">Formato del auricular<\/th>\n<td class=\"col data\" data-th=\"Formato del auricular\">Over-ear<\/td>\n<\/tr>\n<tr>\n<th class=\"col label\" scope=\"row\">Largo del cable<\/th>\n<td class=\"col data\" data-th=\"Largo del cable\">2 m<\/td>\n<\/tr>\n<tr>\n<th class=\"col label\" scope=\"row\">Modelo<\/th>\n<td class=\"col data\" data-th=\"Modelo\">KCH-510<\/td>\n<\/tr>\n<tr>\n<th class=\"col label\" scope=\"row\">Modelo alfanum\u00e9rico<\/th>\n<td class=\"col data\" data-th=\"Modelo alfanum\u00e9rico\">KCH-510<\/td>\n<\/tr>\n<tr>\n<th class=\"col label\" scope=\"row\">Respuesta en frecuencia<\/th>\n<td class=\"col data\" data-th=\"Respuesta en frecuencia\">100 Hz &#8211; 10 kHz<\/td>\n<\/tr>\n<tr>\n<th class=\"col label\" scope=\"row\">Impuesto interno<\/th>\n<td class=\"col data\" data-th=\"Impuesto interno\">0 %<\/td>\n<\/tr>\n<tr>\n<th class=\"col label\" scope=\"row\">IVA<\/th>\n<td class=\"col data\" data-th=\"IVA\">21 %<\/td>\n<\/tr>\n<\/tbody>\n<\/table>\n<\/td>\n<\/tr>\n<\/tbody>\n<\/table>\n","protected":false},"excerpt":{"rendered":"<p>HEADSET KLIPXTREME KLEARCOM C\/ VOL-MIC CONECTOR USB AISLAMIENTO DE RUIDO (KCH-510) Actualmente la claridad en la comunicaci\u00f3n es primordial para conseguir los mejores resultados en equipo. Logre la mayor productividad con los aud\u00edfonos KlearCom dise\u00f1ados para uso continuo y con una simple conexi\u00f3n plug and play mediante un puerto USB y estar\u00e1 listo para atender &hellip;<\/p>\n<p class=\"read-more\"> <a class=\" thunk-readmore button \" href=\"https:\/\/techno-rc.com.ar\/tienda\/producto\/headset-klipxtreme-klearcom-c-vol-mic-conector-usb-aislamiento-de-ruido-kch-510\/\"> <span class=\"screen-reader-text\">HEADSET KLIPXTREME KLEARCOM C\/ VOL-MIC CONECTOR USB AISLAMIENTO DE RUIDO (KCH-510)<\/span>Leer m\u00e1s<\/a><\/p>\n","protected":false},"featured_media":4025,"comment_status":"open","ping_status":"closed","template":"","meta":{"advanced_seo_description":"","jetpack_seo_html_title":"","jetpack_seo_noindex":false,"_joinchat":[]},"product_brand":[],"product_cat":[38,33],"product_tag":[],"class_list":{"0":"post-4024","1":"product","2":"type-product","3":"status-publish","4":"has-post-thumbnail","6":"product_cat-auriculares","7":"product_cat-insformatica","8":"thunk-woo-product-list","9":"opn-qv-enable","10":"open-woo-hover-none","11":"open-single-product-tab-horizontal","12":"open-shadow-","13":"open-shadow-hover-","15":"first","16":"instock","17":"taxable","18":"shipping-taxable","19":"purchasable","20":"product-type-simple"},"jetpack_sharing_enabled":true,"_links":{"self":[{"href":"https:\/\/techno-rc.com.ar\/tienda\/wp-json\/wp\/v2\/product\/4024","targetHints":{"allow":["GET"]}}],"collection":[{"href":"https:\/\/techno-rc.com.ar\/tienda\/wp-json\/wp\/v2\/product"}],"about":[{"href":"https:\/\/techno-rc.com.ar\/tienda\/wp-json\/wp\/v2\/types\/product"}],"replies":[{"embeddable":true,"href":"https:\/\/techno-rc.com.ar\/tienda\/wp-json\/wp\/v2\/comments?post=4024"}],"wp:featuredmedia":[{"embeddable":true,"href":"https:\/\/techno-rc.com.ar\/tienda\/wp-json\/wp\/v2\/media\/4025"}],"wp:attachment":[{"href":"https:\/\/techno-rc.com.ar\/tienda\/wp-json\/wp\/v2\/media?parent=4024"}],"wp:term":[{"taxonomy":"product_brand","embeddable":true,"href":"https:\/\/techno-rc.com.ar\/tienda\/wp-json\/wp\/v2\/product_brand?post=4024"},{"taxonomy":"product_cat","embeddable":true,"href":"https:\/\/techno-rc.com.ar\/tienda\/wp-json\/wp\/v2\/product_cat?post=4024"},{"taxonomy":"product_tag","embeddable":true,"href":"https:\/\/techno-rc.com.ar\/tienda\/wp-json\/wp\/v2\/product_tag?post=4024"}],"curies":[{"name":"wp","href":"https:\/\/api.w.org\/{rel}","templated":true}]}}