{"id":4055,"date":"2025-06-02T12:13:07","date_gmt":"2025-06-02T15:13:07","guid":{"rendered":"https:\/\/techno-rc.com.ar\/tienda\/?post_type=product&#038;p=4055"},"modified":"2025-06-28T19:32:39","modified_gmt":"2025-06-28T22:32:39","slug":"disco-ssd-xpg-gammix-s70-1tb-m2-2280-black-agammixs70b-1t-cs","status":"publish","type":"product","link":"https:\/\/techno-rc.com.ar\/tienda\/producto\/disco-ssd-xpg-gammix-s70-1tb-m2-2280-black-agammixs70b-1t-cs\/","title":{"rendered":"DISCO SSD XPG GAMMIX S70 1TB M2 2280 BLACK (AGAMMIXS70B-1T-CS)"},"content":{"rendered":"<table width=\"637\">\n<tbody>\n<tr>\n<td style=\"font-weight: 400\" width=\"637\">DISCO SSD XPG GAMMIX S70 1TB M2 2280 BLACK (AGAMMIXS70B-1T-CS)<\/p>\n<p>A toda m\u00e1quina con PCIe 4.0 Con la interfaz PCIe Gen4 m\u00e1s reciente, la unidad GAMMIX S70 le ayudar\u00e1 a dominar la competencia con un rendimiento de lectura\/escritura secuencial de hasta 7400\/6800 MB por segundo. Estos valores suponen una velocidad hasta dos veces m\u00e1s r\u00e1pida que las unidades de estado s\u00f3lido (SSD) PCIe 3.0. Para facilitar el uso, es compatible con las versiones anteriores, como PCIe 3.0. Fabricada para rendir ? Compatible con NVMe 1.4 ? Mayores capacidad, eficiencia mejorada y durabilidad con flash NAND 3D ? Especificaci\u00f3n M.2 2280: admite la plataforma PCIe 4.0 de \u00faltima generaci\u00f3n ? Perfecta para jugadores \u00e1vidos, desarrolladores del aumento de la velocidad del reloj y apasionados inform\u00e1ticos Funciona con PS5 \u00bfTienes una PS5 y necesitas m\u00e1s capacidad? GAMMIX S70 BLADE es tu respuesta. Conecte uno a su PS5 y disfrute de un rendimiento mejor y m\u00e1s fluido con el almacenamiento integrado. Capacidad: 1TB (1,024GB) Factor de forma: M.2 2280<\/p>\n<table id=\"product-attribute-specs-table\" class=\"data table additional-attributes\">\n<tbody>\n<tr>\n<th class=\"col label\" scope=\"row\">SKU<\/th>\n<td class=\"col data\" data-th=\"SKU\">71126<\/td>\n<\/tr>\n<tr>\n<th class=\"col label\" scope=\"row\">Altura<\/th>\n<td class=\"col data\" data-th=\"Altura\">0.43 cm<\/td>\n<\/tr>\n<tr>\n<th class=\"col label\" scope=\"row\">Ancho<\/th>\n<td class=\"col data\" data-th=\"Ancho\">2.2 cm<\/td>\n<\/tr>\n<tr>\n<th class=\"col label\" scope=\"row\">Aplicaciones<\/th>\n<td class=\"col data\" data-th=\"Aplicaciones\">Consola de videojuegos,PC,RAID<\/td>\n<\/tr>\n<tr>\n<th class=\"col label\" scope=\"row\">Cach\u00e9 de datos<\/th>\n<td class=\"col data\" data-th=\"Cach\u00e9 de datos\">7.4 GB<\/td>\n<\/tr>\n<tr>\n<th class=\"col label\" scope=\"row\">Capacidad<\/th>\n<td class=\"col data\" data-th=\"Capacidad\">1 TB<\/td>\n<\/tr>\n<tr>\n<th class=\"col label\" scope=\"row\">C\u00f3digo universal de producto<\/th>\n<td class=\"col data\" data-th=\"C\u00f3digo universal de producto\">4711085933065<\/td>\n<\/tr>\n<tr>\n<th class=\"col label\" scope=\"row\">Color<\/th>\n<td class=\"col data\" data-th=\"Color\">Negro<\/td>\n<\/tr>\n<tr>\n<th class=\"col label\" scope=\"row\">Con copia de seguridad en la nube<\/th>\n<td class=\"col data\" data-th=\"Con copia de seguridad en la nube\">No<\/td>\n<\/tr>\n<tr>\n<th class=\"col label\" scope=\"row\">Con disipador de calor<\/th>\n<td class=\"col data\" data-th=\"Con disipador de calor\">S\u00ed<\/td>\n<\/tr>\n<tr>\n<th class=\"col label\" scope=\"row\">Con sistema de seguridad de datos<\/th>\n<td class=\"col data\" data-th=\"Con sistema de seguridad de datos\">S\u00ed<\/td>\n<\/tr>\n<tr>\n<th class=\"col label\" scope=\"row\">Con tecnolog\u00eda 3D NAND<\/th>\n<td class=\"col data\" data-th=\"Con tecnolog\u00eda 3D NAND\">S\u00ed<\/td>\n<\/tr>\n<tr>\n<th class=\"col label\" scope=\"row\">Condici\u00f3n del \u00edtem<\/th>\n<td class=\"col data\" data-th=\"Condici\u00f3n del \u00edtem\">Nuevo<\/td>\n<\/tr>\n<tr>\n<th class=\"col label\" scope=\"row\">Es apto para RAID<\/th>\n<td class=\"col data\" data-th=\"Es apto para RAID\">S\u00ed<\/td>\n<\/tr>\n<tr>\n<th class=\"col label\" scope=\"row\">Es gamer<\/th>\n<td class=\"col data\" data-th=\"Es gamer\">S\u00ed<\/td>\n<\/tr>\n<tr>\n<th class=\"col label\" scope=\"row\">Es resistente a golpes<\/th>\n<td class=\"col data\" data-th=\"Es resistente a golpes\">S\u00ed<\/td>\n<\/tr>\n<tr>\n<th class=\"col label\" scope=\"row\">Es resistente al agua<\/th>\n<td class=\"col data\" data-th=\"Es resistente al agua\">No<\/td>\n<\/tr>\n<tr>\n<th class=\"col label\" scope=\"row\">Es resistente al polvo<\/th>\n<td class=\"col data\" data-th=\"Es resistente al polvo\">S\u00ed<\/td>\n<\/tr>\n<tr>\n<th class=\"col label\" scope=\"row\">Factor de forma del disco r\u00edgido y SSD<\/th>\n<td class=\"col data\" data-th=\"Factor de forma del disco r\u00edgido y SSD\">M.2 PCIe Gen4x4<\/td>\n<\/tr>\n<tr>\n<th class=\"col label\" scope=\"row\">Interfaces<\/th>\n<td class=\"col data\" data-th=\"Interfaces\">NVMe<\/td>\n<\/tr>\n<tr>\n<th class=\"col label\" scope=\"row\">L\u00ednea<\/th>\n<td class=\"col data\" data-th=\"L\u00ednea\">S70<\/td>\n<\/tr>\n<tr>\n<th class=\"col label\" scope=\"row\">Modelo<\/th>\n<td class=\"col data\" data-th=\"Modelo\">Xpg Gammix S70<\/td>\n<\/tr>\n<tr>\n<th class=\"col label\" scope=\"row\">Modelo detallado<\/th>\n<td class=\"col data\" data-th=\"Modelo detallado\">AGAMMIXS70B-1T-CS<\/td>\n<\/tr>\n<tr>\n<th class=\"col label\" scope=\"row\">Peso<\/th>\n<td class=\"col data\" data-th=\"Peso\">10 g<\/td>\n<\/tr>\n<tr>\n<th class=\"col label\" scope=\"row\">Profundidad<\/th>\n<td class=\"col data\" data-th=\"Profundidad\">8 cm<\/td>\n<\/tr>\n<tr>\n<th class=\"col label\" scope=\"row\">Temperatura de funcionamiento<\/th>\n<td class=\"col data\" data-th=\"Temperatura de funcionamiento\">0 \u00b0C &#8211; 70 \u00b0C<\/td>\n<\/tr>\n<tr>\n<th class=\"col label\" scope=\"row\">Tipo de disco r\u00edgido y SSD externo<\/th>\n<td class=\"col data\" data-th=\"Tipo de disco r\u00edgido y SSD externo\">Montado en bastidor<\/td>\n<\/tr>\n<tr>\n<th class=\"col label\" scope=\"row\">Ubicaci\u00f3n del disco r\u00edgido y SSD<\/th>\n<td class=\"col data\" data-th=\"Ubicaci\u00f3n del disco r\u00edgido y SSD\">Interno<\/td>\n<\/tr>\n<tr>\n<th class=\"col label\" scope=\"row\">Temperatura de almacenamiento<\/th>\n<td class=\"col data\" data-th=\"Temperatura de almacenamiento\">-40 \u00b0C x 85 \u00b0C<\/td>\n<\/tr>\n<tr>\n<th class=\"col label\" scope=\"row\">Impuesto interno<\/th>\n<td class=\"col data\" data-th=\"Impuesto interno\">0 %<\/td>\n<\/tr>\n<tr>\n<th class=\"col label\" scope=\"row\">IVA<\/th>\n<td class=\"col data\" data-th=\"IVA\">10.5 %<\/td>\n<\/tr>\n<tr>\n<th class=\"col label\" scope=\"row\">Tipo de almacenamiento del disco<\/th>\n<td class=\"col data\" data-th=\"Tipo de almacenamiento del disco\">SSD<\/td>\n<\/tr>\n<\/tbody>\n<\/table>\n<\/td>\n<\/tr>\n<\/tbody>\n<\/table>\n","protected":false},"excerpt":{"rendered":"<p>DISCO SSD XPG GAMMIX S70 1TB M2 2280 BLACK (AGAMMIXS70B-1T-CS) A toda m\u00e1quina con PCIe 4.0 Con la interfaz PCIe Gen4 m\u00e1s reciente, la unidad GAMMIX S70 le ayudar\u00e1 a dominar la competencia con un rendimiento de lectura\/escritura secuencial de hasta 7400\/6800 MB por segundo. Estos valores suponen una velocidad hasta dos veces m\u00e1s r\u00e1pida &hellip;<\/p>\n<p class=\"read-more\"> <a class=\" thunk-readmore button \" href=\"https:\/\/techno-rc.com.ar\/tienda\/producto\/disco-ssd-xpg-gammix-s70-1tb-m2-2280-black-agammixs70b-1t-cs\/\"> <span class=\"screen-reader-text\">DISCO SSD XPG GAMMIX S70 1TB M2 2280 BLACK (AGAMMIXS70B-1T-CS)<\/span>Leer m\u00e1s<\/a><\/p>\n","protected":false},"featured_media":4056,"comment_status":"closed","ping_status":"closed","template":"","meta":{"advanced_seo_description":"","jetpack_seo_html_title":"","jetpack_seo_noindex":false,"_joinchat":[]},"product_brand":[],"product_cat":[136,33],"product_tag":[],"class_list":{"0":"post-4055","1":"product","2":"type-product","3":"status-publish","4":"has-post-thumbnail","6":"product_cat-disco-ssd","7":"product_cat-insformatica","8":"thunk-woo-product-list","9":"opn-qv-enable","10":"open-woo-hover-none","11":"open-single-product-tab-horizontal","12":"open-shadow-","13":"open-shadow-hover-","15":"first","16":"instock","17":"taxable","18":"shipping-taxable","19":"purchasable","20":"product-type-simple"},"jetpack_sharing_enabled":true,"_links":{"self":[{"href":"https:\/\/techno-rc.com.ar\/tienda\/wp-json\/wp\/v2\/product\/4055","targetHints":{"allow":["GET"]}}],"collection":[{"href":"https:\/\/techno-rc.com.ar\/tienda\/wp-json\/wp\/v2\/product"}],"about":[{"href":"https:\/\/techno-rc.com.ar\/tienda\/wp-json\/wp\/v2\/types\/product"}],"replies":[{"embeddable":true,"href":"https:\/\/techno-rc.com.ar\/tienda\/wp-json\/wp\/v2\/comments?post=4055"}],"wp:featuredmedia":[{"embeddable":true,"href":"https:\/\/techno-rc.com.ar\/tienda\/wp-json\/wp\/v2\/media\/4056"}],"wp:attachment":[{"href":"https:\/\/techno-rc.com.ar\/tienda\/wp-json\/wp\/v2\/media?parent=4055"}],"wp:term":[{"taxonomy":"product_brand","embeddable":true,"href":"https:\/\/techno-rc.com.ar\/tienda\/wp-json\/wp\/v2\/product_brand?post=4055"},{"taxonomy":"product_cat","embeddable":true,"href":"https:\/\/techno-rc.com.ar\/tienda\/wp-json\/wp\/v2\/product_cat?post=4055"},{"taxonomy":"product_tag","embeddable":true,"href":"https:\/\/techno-rc.com.ar\/tienda\/wp-json\/wp\/v2\/product_tag?post=4055"}],"curies":[{"name":"wp","href":"https:\/\/api.w.org\/{rel}","templated":true}]}}