{"id":4064,"date":"2025-06-02T12:37:02","date_gmt":"2025-06-02T15:37:02","guid":{"rendered":"https:\/\/techno-rc.com.ar\/tienda\/?post_type=product&#038;p=4064"},"modified":"2025-06-28T19:32:38","modified_gmt":"2025-06-28T22:32:38","slug":"disco-ssd-lexar-nm620-2tb-pcie-gen3x4-m-2-2280-nvmelnm620x002t-rnnnu","status":"publish","type":"product","link":"https:\/\/techno-rc.com.ar\/tienda\/producto\/disco-ssd-lexar-nm620-2tb-pcie-gen3x4-m-2-2280-nvmelnm620x002t-rnnnu\/","title":{"rendered":"DISCO SSD LEXAR NM620 2TB PCIE GEN3x4 M.2 2280 NVME(LNM620X002T-RNNNU)"},"content":{"rendered":"<table width=\"637\">\n<tbody>\n<tr>\n<td style=\"font-weight: 400\" width=\"637\">DISCO SSD LEXAR NM620 2TB PCIE GEN3x4 M.2 2280 NVME(LNM620X002T-RNNNU)<\/p>\n<table id=\"product-attribute-specs-table\" class=\"data table additional-attributes\">\n<tbody>\n<tr>\n<th class=\"col label\" scope=\"row\">SKU<\/th>\n<td class=\"col data\" data-th=\"SKU\">74344<\/td>\n<\/tr>\n<tr>\n<th class=\"col label\" scope=\"row\">Aplicaciones<\/th>\n<td class=\"col data\" data-th=\"Aplicaciones\">PC<\/td>\n<\/tr>\n<tr>\n<th class=\"col label\" scope=\"row\">Capacidad<\/th>\n<td class=\"col data\" data-th=\"Capacidad\">2 TB<\/td>\n<\/tr>\n<tr>\n<th class=\"col label\" scope=\"row\">C\u00f3digo universal de producto<\/th>\n<td class=\"col data\" data-th=\"C\u00f3digo universal de producto\">843367123865<\/td>\n<\/tr>\n<tr>\n<th class=\"col label\" scope=\"row\">Con copia de seguridad en la nube<\/th>\n<td class=\"col data\" data-th=\"Con copia de seguridad en la nube\">No<\/td>\n<\/tr>\n<tr>\n<th class=\"col label\" scope=\"row\">Con sistema de seguridad de datos<\/th>\n<td class=\"col data\" data-th=\"Con sistema de seguridad de datos\">No<\/td>\n<\/tr>\n<tr>\n<th class=\"col label\" scope=\"row\">Condici\u00f3n del \u00edtem<\/th>\n<td class=\"col data\" data-th=\"Condici\u00f3n del \u00edtem\">Nuevo<\/td>\n<\/tr>\n<tr>\n<th class=\"col label\" scope=\"row\">Es apto para RAID<\/th>\n<td class=\"col data\" data-th=\"Es apto para RAID\">No<\/td>\n<\/tr>\n<tr>\n<th class=\"col label\" scope=\"row\">Es resistente a golpes<\/th>\n<td class=\"col data\" data-th=\"Es resistente a golpes\">S\u00ed<\/td>\n<\/tr>\n<tr>\n<th class=\"col label\" scope=\"row\">Es resistente al agua<\/th>\n<td class=\"col data\" data-th=\"Es resistente al agua\">No<\/td>\n<\/tr>\n<tr>\n<th class=\"col label\" scope=\"row\">Es resistente al polvo<\/th>\n<td class=\"col data\" data-th=\"Es resistente al polvo\">No<\/td>\n<\/tr>\n<tr>\n<th class=\"col label\" scope=\"row\">Factor de forma del disco r\u00edgido y SSD<\/th>\n<td class=\"col data\" data-th=\"Factor de forma del disco r\u00edgido y SSD\">M.2 2280<\/td>\n<\/tr>\n<tr>\n<th class=\"col label\" scope=\"row\">Interfaces<\/th>\n<td class=\"col data\" data-th=\"Interfaces\">PCIe Gen3 x4<\/td>\n<\/tr>\n<tr>\n<th class=\"col label\" scope=\"row\">L\u00ednea<\/th>\n<td class=\"col data\" data-th=\"L\u00ednea\">NM620<\/td>\n<\/tr>\n<tr>\n<th class=\"col label\" scope=\"row\">Modelo<\/th>\n<td class=\"col data\" data-th=\"Modelo\">LNM620X002T-RNNNU<\/td>\n<\/tr>\n<tr>\n<th class=\"col label\" scope=\"row\">Peso<\/th>\n<td class=\"col data\" data-th=\"Peso\">9 g<\/td>\n<\/tr>\n<tr>\n<th class=\"col label\" scope=\"row\">Temperatura de funcionamiento<\/th>\n<td class=\"col data\" data-th=\"Temperatura de funcionamiento\">0\u00b0C a 70\u00b0C<\/td>\n<\/tr>\n<tr>\n<th class=\"col label\" scope=\"row\">Tipo de disco r\u00edgido y SSD externo<\/th>\n<td class=\"col data\" data-th=\"Tipo de disco r\u00edgido y SSD externo\">De escritorio<\/td>\n<\/tr>\n<tr>\n<th class=\"col label\" scope=\"row\">Ubicaci\u00f3n del disco r\u00edgido y SSD<\/th>\n<td class=\"col data\" data-th=\"Ubicaci\u00f3n del disco r\u00edgido y SSD\">Interno<\/td>\n<\/tr>\n<tr>\n<th class=\"col label\" scope=\"row\">Impuesto interno<\/th>\n<td class=\"col data\" data-th=\"Impuesto interno\">0 %<\/td>\n<\/tr>\n<tr>\n<th class=\"col label\" scope=\"row\">IVA<\/th>\n<td class=\"col data\" data-th=\"IVA\">10.5 %<\/td>\n<\/tr>\n<tr>\n<th class=\"col label\" scope=\"row\">Tipo de almacenamiento del disco<\/th>\n<td class=\"col data\" data-th=\"Tipo de almacenamiento del disco\">SSD<\/td>\n<\/tr>\n<\/tbody>\n<\/table>\n<\/td>\n<\/tr>\n<\/tbody>\n<\/table>\n","protected":false},"excerpt":{"rendered":"<p>DISCO SSD LEXAR NM620 2TB PCIE GEN3x4 M.2 2280 NVME(LNM620X002T-RNNNU) SKU 74344 Aplicaciones PC Capacidad 2 TB C\u00f3digo universal de producto 843367123865 Con copia de seguridad en la nube No Con sistema de seguridad de datos No Condici\u00f3n del \u00edtem Nuevo Es apto para RAID No Es resistente a golpes S\u00ed Es resistente al agua &hellip;<\/p>\n<p class=\"read-more\"> <a class=\" thunk-readmore button \" href=\"https:\/\/techno-rc.com.ar\/tienda\/producto\/disco-ssd-lexar-nm620-2tb-pcie-gen3x4-m-2-2280-nvmelnm620x002t-rnnnu\/\"> <span class=\"screen-reader-text\">DISCO SSD LEXAR NM620 2TB PCIE GEN3x4 M.2 2280 NVME(LNM620X002T-RNNNU)<\/span>Leer m\u00e1s<\/a><\/p>\n","protected":false},"featured_media":4065,"comment_status":"closed","ping_status":"closed","template":"","meta":{"advanced_seo_description":"","jetpack_seo_html_title":"","jetpack_seo_noindex":false,"_joinchat":[]},"product_brand":[],"product_cat":[136,33],"product_tag":[],"class_list":{"0":"post-4064","1":"product","2":"type-product","3":"status-publish","4":"has-post-thumbnail","6":"product_cat-disco-ssd","7":"product_cat-insformatica","8":"thunk-woo-product-list","9":"opn-qv-enable","10":"open-woo-hover-none","11":"open-single-product-tab-horizontal","12":"open-shadow-","13":"open-shadow-hover-","15":"first","16":"instock","17":"taxable","18":"shipping-taxable","19":"purchasable","20":"product-type-simple"},"jetpack_sharing_enabled":true,"_links":{"self":[{"href":"https:\/\/techno-rc.com.ar\/tienda\/wp-json\/wp\/v2\/product\/4064","targetHints":{"allow":["GET"]}}],"collection":[{"href":"https:\/\/techno-rc.com.ar\/tienda\/wp-json\/wp\/v2\/product"}],"about":[{"href":"https:\/\/techno-rc.com.ar\/tienda\/wp-json\/wp\/v2\/types\/product"}],"replies":[{"embeddable":true,"href":"https:\/\/techno-rc.com.ar\/tienda\/wp-json\/wp\/v2\/comments?post=4064"}],"wp:featuredmedia":[{"embeddable":true,"href":"https:\/\/techno-rc.com.ar\/tienda\/wp-json\/wp\/v2\/media\/4065"}],"wp:attachment":[{"href":"https:\/\/techno-rc.com.ar\/tienda\/wp-json\/wp\/v2\/media?parent=4064"}],"wp:term":[{"taxonomy":"product_brand","embeddable":true,"href":"https:\/\/techno-rc.com.ar\/tienda\/wp-json\/wp\/v2\/product_brand?post=4064"},{"taxonomy":"product_cat","embeddable":true,"href":"https:\/\/techno-rc.com.ar\/tienda\/wp-json\/wp\/v2\/product_cat?post=4064"},{"taxonomy":"product_tag","embeddable":true,"href":"https:\/\/techno-rc.com.ar\/tienda\/wp-json\/wp\/v2\/product_tag?post=4064"}],"curies":[{"name":"wp","href":"https:\/\/api.w.org\/{rel}","templated":true}]}}