{"id":4066,"date":"2025-06-02T12:43:14","date_gmt":"2025-06-02T15:43:14","guid":{"rendered":"https:\/\/techno-rc.com.ar\/tienda\/?post_type=product&#038;p=4066"},"modified":"2025-06-28T19:32:38","modified_gmt":"2025-06-28T22:32:38","slug":"disco-ssd-xpg-gammix-s70-2tb-m2-2280-black-agammixs70b-2t-cs","status":"publish","type":"product","link":"https:\/\/techno-rc.com.ar\/tienda\/producto\/disco-ssd-xpg-gammix-s70-2tb-m2-2280-black-agammixs70b-2t-cs\/","title":{"rendered":"DISCO SSD XPG GAMMIX S70 2TB M2 2280 BLACK (AGAMMIXS70B-2T-CS)"},"content":{"rendered":"<table width=\"637\">\n<tbody>\n<tr>\n<td style=\"font-weight: 400\" width=\"637\">DISCO SSD XPG GAMMIX S70 2TB M2 2280 BLACK (AGAMMIXS70B-2T-CS)<\/p>\n<table id=\"product-attribute-specs-table\" class=\"data table additional-attributes\">\n<tbody>\n<tr>\n<th class=\"col label\" scope=\"row\">KU<\/th>\n<td class=\"col data\" data-th=\"SKU\">71128<\/td>\n<\/tr>\n<tr>\n<th class=\"col label\" scope=\"row\">Altura<\/th>\n<td class=\"col data\" data-th=\"Altura\">0.43 cm<\/td>\n<\/tr>\n<tr>\n<th class=\"col label\" scope=\"row\">Ancho<\/th>\n<td class=\"col data\" data-th=\"Ancho\">2.2 cm<\/td>\n<\/tr>\n<tr>\n<th class=\"col label\" scope=\"row\">Aplicaciones<\/th>\n<td class=\"col data\" data-th=\"Aplicaciones\">Notebook \/ escritorio,PS5<\/td>\n<\/tr>\n<tr>\n<th class=\"col label\" scope=\"row\">Cach\u00e9 de datos<\/th>\n<td class=\"col data\" data-th=\"Cach\u00e9 de datos\">7.4 GB<\/td>\n<\/tr>\n<tr>\n<th class=\"col label\" scope=\"row\">Capacidad<\/th>\n<td class=\"col data\" data-th=\"Capacidad\">2 TB<\/td>\n<\/tr>\n<tr>\n<th class=\"col label\" scope=\"row\">C\u00f3digo universal de producto<\/th>\n<td class=\"col data\" data-th=\"C\u00f3digo universal de producto\">4711085933072<\/td>\n<\/tr>\n<tr>\n<th class=\"col label\" scope=\"row\">Color<\/th>\n<td class=\"col data\" data-th=\"Color\">Negro<\/td>\n<\/tr>\n<tr>\n<th class=\"col label\" scope=\"row\">Con disipador de calor<\/th>\n<td class=\"col data\" data-th=\"Con disipador de calor\">S\u00ed<\/td>\n<\/tr>\n<tr>\n<th class=\"col label\" scope=\"row\">Con sistema de seguridad de datos<\/th>\n<td class=\"col data\" data-th=\"Con sistema de seguridad de datos\">S\u00ed<\/td>\n<\/tr>\n<tr>\n<th class=\"col label\" scope=\"row\">Con tecnolog\u00eda 3D NAND<\/th>\n<td class=\"col data\" data-th=\"Con tecnolog\u00eda 3D NAND\">S\u00ed<\/td>\n<\/tr>\n<tr>\n<th class=\"col label\" scope=\"row\">Condici\u00f3n del \u00edtem<\/th>\n<td class=\"col data\" data-th=\"Condici\u00f3n del \u00edtem\">Nuevo<\/td>\n<\/tr>\n<tr>\n<th class=\"col label\" scope=\"row\">Es apto para RAID<\/th>\n<td class=\"col data\" data-th=\"Es apto para RAID\">S\u00ed<\/td>\n<\/tr>\n<tr>\n<th class=\"col label\" scope=\"row\">Es gamer<\/th>\n<td class=\"col data\" data-th=\"Es gamer\">S\u00ed<\/td>\n<\/tr>\n<tr>\n<th class=\"col label\" scope=\"row\">Es resistente a golpes<\/th>\n<td class=\"col data\" data-th=\"Es resistente a golpes\">S\u00ed<\/td>\n<\/tr>\n<tr>\n<th class=\"col label\" scope=\"row\">Factor de forma del disco r\u00edgido y SSD<\/th>\n<td class=\"col data\" data-th=\"Factor de forma del disco r\u00edgido y SSD\">M.2 2280<\/td>\n<\/tr>\n<tr>\n<th class=\"col label\" scope=\"row\">Interfaces<\/th>\n<td class=\"col data\" data-th=\"Interfaces\">PCIe Gen 4.0<\/td>\n<\/tr>\n<tr>\n<th class=\"col label\" scope=\"row\">L\u00ednea<\/th>\n<td class=\"col data\" data-th=\"L\u00ednea\">GAMMIX S70<\/td>\n<\/tr>\n<tr>\n<th class=\"col label\" scope=\"row\">Modelo<\/th>\n<td class=\"col data\" data-th=\"Modelo\">AGAMMIXS70B-2T-CS<\/td>\n<\/tr>\n<tr>\n<th class=\"col label\" scope=\"row\">Peso<\/th>\n<td class=\"col data\" data-th=\"Peso\">10 g<\/td>\n<\/tr>\n<tr>\n<th class=\"col label\" scope=\"row\">Profundidad<\/th>\n<td class=\"col data\" data-th=\"Profundidad\">0.43 cm<\/td>\n<\/tr>\n<tr>\n<th class=\"col label\" scope=\"row\">Sistemas operativos soportados<\/th>\n<td class=\"col data\" data-th=\"Sistemas operativos soportados\">Windows<\/td>\n<\/tr>\n<tr>\n<th class=\"col label\" scope=\"row\">Tecnolog\u00eda de almacenamiento<\/th>\n<td class=\"col data\" data-th=\"Tecnolog\u00eda de almacenamiento\">SSD<\/td>\n<\/tr>\n<tr>\n<th class=\"col label\" scope=\"row\">Temperatura de funcionamiento<\/th>\n<td class=\"col data\" data-th=\"Temperatura de funcionamiento\">0 \u00b0C &#8211; 70 \u00b0C<\/td>\n<\/tr>\n<tr>\n<th class=\"col label\" scope=\"row\">Tipo de disco r\u00edgido y SSD externo<\/th>\n<td class=\"col data\" data-th=\"Tipo de disco r\u00edgido y SSD externo\">De escritorio<\/td>\n<\/tr>\n<tr>\n<th class=\"col label\" scope=\"row\">Ubicaci\u00f3n del disco r\u00edgido y SSD<\/th>\n<td class=\"col data\" data-th=\"Ubicaci\u00f3n del disco r\u00edgido y SSD\">Interno<\/td>\n<\/tr>\n<tr>\n<th class=\"col label\" scope=\"row\">Temperatura de almacenamiento<\/th>\n<td class=\"col data\" data-th=\"Temperatura de almacenamiento\">-40 \u00b0C x 85 \u00b0C<\/td>\n<\/tr>\n<tr>\n<th class=\"col label\" scope=\"row\">Impuesto interno<\/th>\n<td class=\"col data\" data-th=\"Impuesto interno\">0 %<\/td>\n<\/tr>\n<tr>\n<th class=\"col label\" scope=\"row\">IVA<\/th>\n<td class=\"col data\" data-th=\"IVA\">21 %<\/td>\n<\/tr>\n<\/tbody>\n<\/table>\n<\/td>\n<\/tr>\n<\/tbody>\n<\/table>\n","protected":false},"excerpt":{"rendered":"<p>DISCO SSD XPG GAMMIX S70 2TB M2 2280 BLACK (AGAMMIXS70B-2T-CS) KU 71128 Altura 0.43 cm Ancho 2.2 cm Aplicaciones Notebook \/ escritorio,PS5 Cach\u00e9 de datos 7.4 GB Capacidad 2 TB C\u00f3digo universal de producto 4711085933072 Color Negro Con disipador de calor S\u00ed Con sistema de seguridad de datos S\u00ed Con tecnolog\u00eda 3D NAND S\u00ed Condici\u00f3n &hellip;<\/p>\n<p class=\"read-more\"> <a class=\" thunk-readmore button \" href=\"https:\/\/techno-rc.com.ar\/tienda\/producto\/disco-ssd-xpg-gammix-s70-2tb-m2-2280-black-agammixs70b-2t-cs\/\"> <span class=\"screen-reader-text\">DISCO SSD XPG GAMMIX S70 2TB M2 2280 BLACK (AGAMMIXS70B-2T-CS)<\/span>Leer m\u00e1s<\/a><\/p>\n","protected":false},"featured_media":4067,"comment_status":"closed","ping_status":"closed","template":"","meta":{"advanced_seo_description":"","jetpack_seo_html_title":"","jetpack_seo_noindex":false,"_joinchat":[]},"product_brand":[],"product_cat":[136,33],"product_tag":[],"class_list":{"0":"post-4066","1":"product","2":"type-product","3":"status-publish","4":"has-post-thumbnail","6":"product_cat-disco-ssd","7":"product_cat-insformatica","8":"thunk-woo-product-list","9":"opn-qv-enable","10":"open-woo-hover-none","11":"open-single-product-tab-horizontal","12":"open-shadow-","13":"open-shadow-hover-","15":"first","16":"instock","17":"taxable","18":"shipping-taxable","19":"purchasable","20":"product-type-simple"},"jetpack_sharing_enabled":true,"_links":{"self":[{"href":"https:\/\/techno-rc.com.ar\/tienda\/wp-json\/wp\/v2\/product\/4066","targetHints":{"allow":["GET"]}}],"collection":[{"href":"https:\/\/techno-rc.com.ar\/tienda\/wp-json\/wp\/v2\/product"}],"about":[{"href":"https:\/\/techno-rc.com.ar\/tienda\/wp-json\/wp\/v2\/types\/product"}],"replies":[{"embeddable":true,"href":"https:\/\/techno-rc.com.ar\/tienda\/wp-json\/wp\/v2\/comments?post=4066"}],"wp:featuredmedia":[{"embeddable":true,"href":"https:\/\/techno-rc.com.ar\/tienda\/wp-json\/wp\/v2\/media\/4067"}],"wp:attachment":[{"href":"https:\/\/techno-rc.com.ar\/tienda\/wp-json\/wp\/v2\/media?parent=4066"}],"wp:term":[{"taxonomy":"product_brand","embeddable":true,"href":"https:\/\/techno-rc.com.ar\/tienda\/wp-json\/wp\/v2\/product_brand?post=4066"},{"taxonomy":"product_cat","embeddable":true,"href":"https:\/\/techno-rc.com.ar\/tienda\/wp-json\/wp\/v2\/product_cat?post=4066"},{"taxonomy":"product_tag","embeddable":true,"href":"https:\/\/techno-rc.com.ar\/tienda\/wp-json\/wp\/v2\/product_tag?post=4066"}],"curies":[{"name":"wp","href":"https:\/\/api.w.org\/{rel}","templated":true}]}}