{"id":4068,"date":"2025-06-02T12:47:58","date_gmt":"2025-06-02T15:47:58","guid":{"rendered":"https:\/\/techno-rc.com.ar\/tienda\/?post_type=product&#038;p=4068"},"modified":"2025-06-28T19:32:38","modified_gmt":"2025-06-28T22:32:38","slug":"disco-rigido-externo-1tb-wd-elements-usb-3-0-wdbuzg0010bbk-wesn","status":"publish","type":"product","link":"https:\/\/techno-rc.com.ar\/tienda\/producto\/disco-rigido-externo-1tb-wd-elements-usb-3-0-wdbuzg0010bbk-wesn\/","title":{"rendered":"DISCO RIGIDO EXTERNO 1TB WD ELEMENTS USB 3.0 (WDBUZG0010BBK-WESN)"},"content":{"rendered":"<table width=\"637\">\n<tbody>\n<tr>\n<td style=\"font-weight: 400\" width=\"637\">DISCO RIGIDO EXTERNO 1TB WD ELEMENTS USB 3.0 (WDBUZG0010BBK-WESN)<\/p>\n<p>Compatibilidad con USB 3.0 y USB 2.0<br \/>\nCon este disco \u00fanico, usted obtendr\u00e1 compatibilidad con los \u00faltimos dispositivos USB 3.0, as\u00ed como con versiones anteriores de los dispositivos USB 2.0.<\/p>\n<p>Velocidades de transferencia r\u00e1pidas<br \/>\nCuando se conecta a un puerto USB 3.0, el disco duro port\u00e1til WD Elements ofrece velocidades de transferencia de datos r\u00e1pidas.<\/p>\n<p>Mejore el rendimiento de su PC<br \/>\nCuando su disco duro interno est\u00e1 casi lleno, su PC funciona con lentitud. No elimine archivos. Libere espacio en su disco duro interno transfiriendo archivos a su disco duro port\u00e1til WD Elements y haga que su computadora port\u00e1til vuelva a funcionar correctamente.<\/p>\n<table id=\"product-attribute-specs-table\" class=\"data table additional-attributes\">\n<caption class=\"table-caption\">M\u00e1s informaci\u00f3n<\/caption>\n<tbody>\n<tr>\n<th class=\"col label\" scope=\"row\">SKU<\/th>\n<td class=\"col data\" data-th=\"SKU\">12117<\/td>\n<\/tr>\n<tr>\n<th class=\"col label\" scope=\"row\">Accesorios incluidos<\/th>\n<td class=\"col data\" data-th=\"Accesorios incluidos\">Cable USB,Gu\u00eda de instalaci\u00f3n r\u00e1pida<\/td>\n<\/tr>\n<tr>\n<th class=\"col label\" scope=\"row\">Altura<\/th>\n<td class=\"col data\" data-th=\"Altura\">111 mm<\/td>\n<\/tr>\n<tr>\n<th class=\"col label\" scope=\"row\">Ancho<\/th>\n<td class=\"col data\" data-th=\"Ancho\">82 mm<\/td>\n<\/tr>\n<tr>\n<th class=\"col label\" scope=\"row\">Aplicaciones<\/th>\n<td class=\"col data\" data-th=\"Aplicaciones\">Pc\/notebook<\/td>\n<\/tr>\n<tr>\n<th class=\"col label\" scope=\"row\">Cach\u00e9 de datos<\/th>\n<td class=\"col data\" data-th=\"Cach\u00e9 de datos\">32 MB<\/td>\n<\/tr>\n<tr>\n<th class=\"col label\" scope=\"row\">Capacidad<\/th>\n<td class=\"col data\" data-th=\"Capacidad\">1 TB<\/td>\n<\/tr>\n<tr>\n<th class=\"col label\" scope=\"row\">C\u00f3digo universal de producto<\/th>\n<td class=\"col data\" data-th=\"C\u00f3digo universal de producto\">718037855448,718037807607<\/td>\n<\/tr>\n<tr>\n<th class=\"col label\" scope=\"row\">Color<\/th>\n<td class=\"col data\" data-th=\"Color\">Negro<\/td>\n<\/tr>\n<tr>\n<th class=\"col label\" scope=\"row\">Con copia de seguridad en la nube<\/th>\n<td class=\"col data\" data-th=\"Con copia de seguridad en la nube\">S\u00ed<\/td>\n<\/tr>\n<tr>\n<th class=\"col label\" scope=\"row\">Con disipador de calor<\/th>\n<td class=\"col data\" data-th=\"Con disipador de calor\">No<\/td>\n<\/tr>\n<tr>\n<th class=\"col label\" scope=\"row\">Con iluminaci\u00f3n RGB<\/th>\n<td class=\"col data\" data-th=\"Con iluminaci\u00f3n RGB\">No<\/td>\n<\/tr>\n<tr>\n<th class=\"col label\" scope=\"row\">Con sistema de seguridad de datos<\/th>\n<td class=\"col data\" data-th=\"Con sistema de seguridad de datos\">No<\/td>\n<\/tr>\n<tr>\n<th class=\"col label\" scope=\"row\">Con tecnolog\u00eda 3D NAND<\/th>\n<td class=\"col data\" data-th=\"Con tecnolog\u00eda 3D NAND\">No<\/td>\n<\/tr>\n<tr>\n<th class=\"col label\" scope=\"row\">Condici\u00f3n del \u00edtem<\/th>\n<td class=\"col data\" data-th=\"Condici\u00f3n del \u00edtem\">Nuevo<\/td>\n<\/tr>\n<tr>\n<th class=\"col label\" scope=\"row\">Es apto para RAID<\/th>\n<td class=\"col data\" data-th=\"Es apto para RAID\">S\u00ed<\/td>\n<\/tr>\n<tr>\n<th class=\"col label\" scope=\"row\">Es gamer<\/th>\n<td class=\"col data\" data-th=\"Es gamer\">S\u00ed<\/td>\n<\/tr>\n<tr>\n<th class=\"col label\" scope=\"row\">Es resistente a golpes<\/th>\n<td class=\"col data\" data-th=\"Es resistente a golpes\">S\u00ed<\/td>\n<\/tr>\n<tr>\n<th class=\"col label\" scope=\"row\">Es resistente al agua<\/th>\n<td class=\"col data\" data-th=\"Es resistente al agua\">No<\/td>\n<\/tr>\n<tr>\n<th class=\"col label\" scope=\"row\">Es resistente al polvo<\/th>\n<td class=\"col data\" data-th=\"Es resistente al polvo\">No<\/td>\n<\/tr>\n<tr>\n<th class=\"col label\" scope=\"row\">Factor de forma<\/th>\n<td class=\"col data\" data-th=\"Factor de forma\">2.5 \u00ab<\/td>\n<\/tr>\n<tr>\n<th class=\"col label\" scope=\"row\">Factor de forma del disco r\u00edgido y SSD<\/th>\n<td class=\"col data\" data-th=\"Factor de forma del disco r\u00edgido y SSD\">4.4 in<\/td>\n<\/tr>\n<tr>\n<th class=\"col label\" scope=\"row\">Interfaces<\/th>\n<td class=\"col data\" data-th=\"Interfaces\">USB 3.0<\/td>\n<\/tr>\n<tr>\n<th class=\"col label\" scope=\"row\">L\u00ednea<\/th>\n<td class=\"col data\" data-th=\"L\u00ednea\">WD Elements Portable<\/td>\n<\/tr>\n<tr>\n<th class=\"col label\" scope=\"row\">Modelo<\/th>\n<td class=\"col data\" data-th=\"Modelo\">WDBUZG0010BBK<\/td>\n<\/tr>\n<tr>\n<th class=\"col label\" scope=\"row\">Modelo detallado<\/th>\n<td class=\"col data\" data-th=\"Modelo detallado\">WDBUZG0010BBK-WESN<\/td>\n<\/tr>\n<tr>\n<th class=\"col label\" scope=\"row\">Peso<\/th>\n<td class=\"col data\" data-th=\"Peso\">134 g<\/td>\n<\/tr>\n<tr>\n<th class=\"col label\" scope=\"row\">Profundidad<\/th>\n<td class=\"col data\" data-th=\"Profundidad\">15 mm<\/td>\n<\/tr>\n<tr>\n<th class=\"col label\" scope=\"row\">Sistemas de archivos soportados<\/th>\n<td class=\"col data\" data-th=\"Sistemas de archivos soportados\">Windows<\/td>\n<\/tr>\n<tr>\n<th class=\"col label\" scope=\"row\">Sistemas operativos soportados<\/th>\n<td class=\"col data\" data-th=\"Sistemas operativos soportados\">Windows 8.7.Vista .xp and reformatted for Mac<\/td>\n<\/tr>\n<tr>\n<th class=\"col label\" scope=\"row\">Tecnolog\u00eda de almacenamiento<\/th>\n<td class=\"col data\" data-th=\"Tecnolog\u00eda de almacenamiento\">HDD<\/td>\n<\/tr>\n<tr>\n<th class=\"col label\" scope=\"row\">Temperatura de almacenamiento<\/th>\n<td class=\"col data\" data-th=\"Temperatura de almacenamiento\">-20\u00b0C &#8211; 65\u00b0C<\/td>\n<\/tr>\n<tr>\n<th class=\"col label\" scope=\"row\">Temperatura de funcionamiento<\/th>\n<td class=\"col data\" data-th=\"Temperatura de funcionamiento\">5 \u00b0C &#8211; 35 \u00b0C<\/td>\n<\/tr>\n<tr>\n<th class=\"col label\" scope=\"row\">Tipo de disco externo<\/th>\n<td class=\"col data\" data-th=\"Tipo de disco externo\">Port\u00e1til<\/td>\n<\/tr>\n<tr>\n<th class=\"col label\" scope=\"row\">Tipo de disco r\u00edgido y SSD externo<\/th>\n<td class=\"col data\" data-th=\"Tipo de disco r\u00edgido y SSD externo\">Port\u00e1til<\/td>\n<\/tr>\n<tr>\n<th class=\"col label\" scope=\"row\">Ubicaci\u00f3n del disco<\/th>\n<td class=\"col data\" data-th=\"Ubicaci\u00f3n del disco\">Externo<\/td>\n<\/tr>\n<tr>\n<th class=\"col label\" scope=\"row\">Ubicaci\u00f3n del disco r\u00edgido y SSD<\/th>\n<td class=\"col data\" data-th=\"Ubicaci\u00f3n del disco r\u00edgido y SSD\">Externo<\/td>\n<\/tr>\n<tr>\n<th class=\"col label\" scope=\"row\">Velocidad de rotaci\u00f3n<\/th>\n<td class=\"col data\" data-th=\"Velocidad de rotaci\u00f3n\">5.4 rpm<\/td>\n<\/tr>\n<tr>\n<th class=\"col label\" scope=\"row\">Versi\u00f3n<\/th>\n<td class=\"col data\" data-th=\"Versi\u00f3n\">WDBUZG0010BBK-WESN<\/td>\n<\/tr>\n<tr>\n<th class=\"col label\" scope=\"row\">Impuesto interno<\/th>\n<td class=\"col data\" data-th=\"Impuesto interno\">0 %<\/td>\n<\/tr>\n<tr>\n<th class=\"col label\" scope=\"row\">IVA<\/th>\n<td class=\"col data\" data-th=\"IVA\">21 %<\/td>\n<\/tr>\n<tr>\n<th class=\"col label\" scope=\"row\">Tipo de almacenamiento del disco<\/th>\n<td class=\"col data\" data-th=\"Tipo de almacenamiento del disco\">HDD<\/td>\n<\/tr>\n<\/tbody>\n<\/table>\n<\/td>\n<\/tr>\n<\/tbody>\n<\/table>\n","protected":false},"excerpt":{"rendered":"<p>DISCO RIGIDO EXTERNO 1TB WD ELEMENTS USB 3.0 (WDBUZG0010BBK-WESN) Compatibilidad con USB 3.0 y USB 2.0 Con este disco \u00fanico, usted obtendr\u00e1 compatibilidad con los \u00faltimos dispositivos USB 3.0, as\u00ed como con versiones anteriores de los dispositivos USB 2.0. Velocidades de transferencia r\u00e1pidas Cuando se conecta a un puerto USB 3.0, el disco duro port\u00e1til &hellip;<\/p>\n<p class=\"read-more\"> <a class=\" thunk-readmore button \" href=\"https:\/\/techno-rc.com.ar\/tienda\/producto\/disco-rigido-externo-1tb-wd-elements-usb-3-0-wdbuzg0010bbk-wesn\/\"> <span class=\"screen-reader-text\">DISCO RIGIDO EXTERNO 1TB WD ELEMENTS USB 3.0 (WDBUZG0010BBK-WESN)<\/span>Leer m\u00e1s<\/a><\/p>\n","protected":false},"featured_media":4069,"comment_status":"closed","ping_status":"closed","template":"","meta":{"advanced_seo_description":"","jetpack_seo_html_title":"","jetpack_seo_noindex":false,"_joinchat":[]},"product_brand":[],"product_cat":[138],"product_tag":[],"class_list":{"0":"post-4068","1":"product","2":"type-product","3":"status-publish","4":"has-post-thumbnail","6":"product_cat-disco-rigido-externo","7":"thunk-woo-product-list","8":"opn-qv-enable","9":"open-woo-hover-none","10":"open-single-product-tab-horizontal","11":"open-shadow-","12":"open-shadow-hover-","14":"first","15":"instock","16":"taxable","17":"shipping-taxable","18":"purchasable","19":"product-type-simple"},"jetpack_sharing_enabled":true,"_links":{"self":[{"href":"https:\/\/techno-rc.com.ar\/tienda\/wp-json\/wp\/v2\/product\/4068","targetHints":{"allow":["GET"]}}],"collection":[{"href":"https:\/\/techno-rc.com.ar\/tienda\/wp-json\/wp\/v2\/product"}],"about":[{"href":"https:\/\/techno-rc.com.ar\/tienda\/wp-json\/wp\/v2\/types\/product"}],"replies":[{"embeddable":true,"href":"https:\/\/techno-rc.com.ar\/tienda\/wp-json\/wp\/v2\/comments?post=4068"}],"wp:featuredmedia":[{"embeddable":true,"href":"https:\/\/techno-rc.com.ar\/tienda\/wp-json\/wp\/v2\/media\/4069"}],"wp:attachment":[{"href":"https:\/\/techno-rc.com.ar\/tienda\/wp-json\/wp\/v2\/media?parent=4068"}],"wp:term":[{"taxonomy":"product_brand","embeddable":true,"href":"https:\/\/techno-rc.com.ar\/tienda\/wp-json\/wp\/v2\/product_brand?post=4068"},{"taxonomy":"product_cat","embeddable":true,"href":"https:\/\/techno-rc.com.ar\/tienda\/wp-json\/wp\/v2\/product_cat?post=4068"},{"taxonomy":"product_tag","embeddable":true,"href":"https:\/\/techno-rc.com.ar\/tienda\/wp-json\/wp\/v2\/product_tag?post=4068"}],"curies":[{"name":"wp","href":"https:\/\/api.w.org\/{rel}","templated":true}]}}