{"id":4070,"date":"2025-06-02T12:52:32","date_gmt":"2025-06-02T15:52:32","guid":{"rendered":"https:\/\/techno-rc.com.ar\/tienda\/?post_type=product&#038;p=4070"},"modified":"2025-06-28T19:32:38","modified_gmt":"2025-06-28T22:32:38","slug":"disco-rigido-externo-2tb-wd-elements-usb-3-0-wdbu6y0020bbk-wesn","status":"publish","type":"product","link":"https:\/\/techno-rc.com.ar\/tienda\/producto\/disco-rigido-externo-2tb-wd-elements-usb-3-0-wdbu6y0020bbk-wesn\/","title":{"rendered":"DISCO RIGIDO EXTERNO 2TB WD ELEMENTS USB 3.0 (WDBU6Y0020BBK-WESN)"},"content":{"rendered":"<table width=\"637\">\n<tbody>\n<tr>\n<td style=\"font-weight: 400\" width=\"637\">DISCO RIGIDO EXTERNO 2TB WD ELEMENTS USB 3.0 (WDBU6Y0020BBK-WESN)<\/p>\n<p>Los discos duros port\u00e1tiles WD Elements\u2122 con USB 3.0 ofrecen almacenamiento fiable y de gran capacidad para llevar, velocidades ultrarr\u00e1pidas de transferencia de datos, conectividad universal y una enorme capacidad para los usuarios que buscan un dispositivo asequible.<\/p>\n<p>Compatibilidad con USB 3.0 y USB 2.0..<br \/>\nCon un mismo disco tendr\u00e1 compatibilidad con los nuevos dispositivos USB 3.0 y con los dispositivos USB 2.0 ya existentes..<\/p>\n<p>Velocidades de transferencia r\u00e1pidas..<br \/>\nCuando se conecta a un puerto USB 3.0, el disco duro port\u00e1til WD Elements logra velocidades de transferencia de datos muy r\u00e1pidas..<\/p>\n<p>Mejore el rendimiento de su ordenador..<br \/>\nSi el disco duro interno est\u00e1 casi lleno, el ordenador se ralentiza. No borre archivos. Libere espacio en el disco duro interno transfiriendo archivos a su disco duro port\u00e1til WD Elements y vuelva a disfrutar de su port\u00e1til..<\/p>\n<p>Gran capacidad en un formato compacto..<br \/>\nSu dise\u00f1o compacto y ligero ofrece hasta 5TB de almacenamiento de alta capacidad y convierte los discos duros port\u00e1tiles WD Elements en el compa\u00f1ero ideal para los usuarios que viajan..<\/p>\n<p>Calidad WD por dentro y por fuera..<br \/>\nSabemos que sus datos son importantes para usted. Por eso fabricamos el disco interno de acuerdo con nuestros exigentes requisitos de durabilidad, resistencia a los impactos y fiabilidad a largo plazo. A continuaci\u00f3n, protegemos el disco con una resistente carcasa dise\u00f1ada para ofrecer estilo y protecci\u00f3n..<\/p>\n<table id=\"product-attribute-specs-table\" class=\"data table additional-attributes\">\n<tbody>\n<tr>\n<th class=\"col label\" scope=\"row\">SKU<\/th>\n<td class=\"col data\" data-th=\"SKU\">27964<\/td>\n<\/tr>\n<tr>\n<th class=\"col label\" scope=\"row\">Accesorios incluidos<\/th>\n<td class=\"col data\" data-th=\"Accesorios incluidos\">Cable USB,Manual<\/td>\n<\/tr>\n<tr>\n<th class=\"col label\" scope=\"row\">Altura<\/th>\n<td class=\"col data\" data-th=\"Altura\">11.1 cm<\/td>\n<\/tr>\n<tr>\n<th class=\"col label\" scope=\"row\">Ancho<\/th>\n<td class=\"col data\" data-th=\"Ancho\">8.2 cm<\/td>\n<\/tr>\n<tr>\n<th class=\"col label\" scope=\"row\">Aplicaciones<\/th>\n<td class=\"col data\" data-th=\"Aplicaciones\">PC,Notebook<\/td>\n<\/tr>\n<tr>\n<th class=\"col label\" scope=\"row\">Cach\u00e9 de datos<\/th>\n<td class=\"col data\" data-th=\"Cach\u00e9 de datos\">64 MB<\/td>\n<\/tr>\n<tr>\n<th class=\"col label\" scope=\"row\">Capacidad<\/th>\n<td class=\"col data\" data-th=\"Capacidad\">2 TB<\/td>\n<\/tr>\n<tr>\n<th class=\"col label\" scope=\"row\">C\u00f3digo universal de producto<\/th>\n<td class=\"col data\" data-th=\"C\u00f3digo universal de producto\">718037855363<\/td>\n<\/tr>\n<tr>\n<th class=\"col label\" scope=\"row\">Color<\/th>\n<td class=\"col data\" data-th=\"Color\">Negro<\/td>\n<\/tr>\n<tr>\n<th class=\"col label\" scope=\"row\">Con copia de seguridad en la nube<\/th>\n<td class=\"col data\" data-th=\"Con copia de seguridad en la nube\">S\u00ed<\/td>\n<\/tr>\n<tr>\n<th class=\"col label\" scope=\"row\">Condici\u00f3n del \u00edtem<\/th>\n<td class=\"col data\" data-th=\"Condici\u00f3n del \u00edtem\">Nuevo<\/td>\n<\/tr>\n<tr>\n<th class=\"col label\" scope=\"row\">Es gamer<\/th>\n<td class=\"col data\" data-th=\"Es gamer\">S\u00ed<\/td>\n<\/tr>\n<tr>\n<th class=\"col label\" scope=\"row\">Es resistente a golpes<\/th>\n<td class=\"col data\" data-th=\"Es resistente a golpes\">S\u00ed<\/td>\n<\/tr>\n<tr>\n<th class=\"col label\" scope=\"row\">Es resistente al agua<\/th>\n<td class=\"col data\" data-th=\"Es resistente al agua\">No<\/td>\n<\/tr>\n<tr>\n<th class=\"col label\" scope=\"row\">Factor de forma del disco r\u00edgido y SSD<\/th>\n<td class=\"col data\" data-th=\"Factor de forma del disco r\u00edgido y SSD\">2.5 \u00ab<\/td>\n<\/tr>\n<tr>\n<th class=\"col label\" scope=\"row\">Interfaces<\/th>\n<td class=\"col data\" data-th=\"Interfaces\">USB 3.0<\/td>\n<\/tr>\n<tr>\n<th class=\"col label\" scope=\"row\">L\u00ednea<\/th>\n<td class=\"col data\" data-th=\"L\u00ednea\">WD Elements Portable<\/td>\n<\/tr>\n<tr>\n<th class=\"col label\" scope=\"row\">Modelo<\/th>\n<td class=\"col data\" data-th=\"Modelo\">WDBU6Y0020BBK<\/td>\n<\/tr>\n<tr>\n<th class=\"col label\" scope=\"row\">Modelo detallado<\/th>\n<td class=\"col data\" data-th=\"Modelo detallado\">WDBU6Y0020BBK-WESN<\/td>\n<\/tr>\n<tr>\n<th class=\"col label\" scope=\"row\">Peso<\/th>\n<td class=\"col data\" data-th=\"Peso\">130 g<\/td>\n<\/tr>\n<tr>\n<th class=\"col label\" scope=\"row\">Profundidad<\/th>\n<td class=\"col data\" data-th=\"Profundidad\">1.5 cm<\/td>\n<\/tr>\n<tr>\n<th class=\"col label\" scope=\"row\">Sistemas operativos soportados<\/th>\n<td class=\"col data\" data-th=\"Sistemas operativos soportados\">MacOS,Windows 10,Windows 8.1<\/td>\n<\/tr>\n<tr>\n<th class=\"col label\" scope=\"row\">Tecnolog\u00eda de almacenamiento<\/th>\n<td class=\"col data\" data-th=\"Tecnolog\u00eda de almacenamiento\">HDD<\/td>\n<\/tr>\n<tr>\n<th class=\"col label\" scope=\"row\">Temperatura de almacenamiento<\/th>\n<td class=\"col data\" data-th=\"Temperatura de almacenamiento\">-20\u00b0C &#8211; 65\u00b0C<\/td>\n<\/tr>\n<tr>\n<th class=\"col label\" scope=\"row\">Temperatura de funcionamiento<\/th>\n<td class=\"col data\" data-th=\"Temperatura de funcionamiento\">5 \u00b0C &#8211; 35 \u00b0C<\/td>\n<\/tr>\n<tr>\n<th class=\"col label\" scope=\"row\">Tipo de disco r\u00edgido y SSD externo<\/th>\n<td class=\"col data\" data-th=\"Tipo de disco r\u00edgido y SSD externo\">Port\u00e1til<\/td>\n<\/tr>\n<tr>\n<th class=\"col label\" scope=\"row\">Ubicaci\u00f3n del disco r\u00edgido y SSD<\/th>\n<td class=\"col data\" data-th=\"Ubicaci\u00f3n del disco r\u00edgido y SSD\">Externo<\/td>\n<\/tr>\n<tr>\n<th class=\"col label\" scope=\"row\">Velocidad de rotaci\u00f3n<\/th>\n<td class=\"col data\" data-th=\"Velocidad de rotaci\u00f3n\">5400 rpm<\/td>\n<\/tr>\n<tr>\n<th class=\"col label\" scope=\"row\">Marca del repuesto<\/th>\n<td class=\"col data\" data-th=\"Marca del repuesto\">Western Digital<\/td>\n<\/tr>\n<tr>\n<th class=\"col label\" scope=\"row\">Modelo del repuesto<\/th>\n<td class=\"col data\" data-th=\"Modelo del repuesto\">WDBU6Y0020BBK<\/td>\n<\/tr>\n<tr>\n<th class=\"col label\" scope=\"row\">Impuesto interno<\/th>\n<td class=\"col data\" data-th=\"Impuesto interno\">0 %<\/td>\n<\/tr>\n<tr>\n<th class=\"col label\" scope=\"row\">IVA<\/th>\n<td class=\"col data\" data-th=\"IVA\">21 %<\/td>\n<\/tr>\n<\/tbody>\n<\/table>\n<\/td>\n<\/tr>\n<\/tbody>\n<\/table>\n","protected":false},"excerpt":{"rendered":"<p>DISCO RIGIDO EXTERNO 2TB WD ELEMENTS USB 3.0 (WDBU6Y0020BBK-WESN) Los discos duros port\u00e1tiles WD Elements\u2122 con USB 3.0 ofrecen almacenamiento fiable y de gran capacidad para llevar, velocidades ultrarr\u00e1pidas de transferencia de datos, conectividad universal y una enorme capacidad para los usuarios que buscan un dispositivo asequible. Compatibilidad con USB 3.0 y USB 2.0.. Con &hellip;<\/p>\n<p class=\"read-more\"> <a class=\" thunk-readmore button \" href=\"https:\/\/techno-rc.com.ar\/tienda\/producto\/disco-rigido-externo-2tb-wd-elements-usb-3-0-wdbu6y0020bbk-wesn\/\"> <span class=\"screen-reader-text\">DISCO RIGIDO EXTERNO 2TB WD ELEMENTS USB 3.0 (WDBU6Y0020BBK-WESN)<\/span>Leer m\u00e1s<\/a><\/p>\n","protected":false},"featured_media":4071,"comment_status":"closed","ping_status":"closed","template":"","meta":{"advanced_seo_description":"","jetpack_seo_html_title":"","jetpack_seo_noindex":false,"_joinchat":[]},"product_brand":[],"product_cat":[138,33],"product_tag":[],"class_list":{"0":"post-4070","1":"product","2":"type-product","3":"status-publish","4":"has-post-thumbnail","6":"product_cat-disco-rigido-externo","7":"product_cat-insformatica","8":"thunk-woo-product-list","9":"opn-qv-enable","10":"open-woo-hover-none","11":"open-single-product-tab-horizontal","12":"open-shadow-","13":"open-shadow-hover-","15":"first","16":"instock","17":"taxable","18":"shipping-taxable","19":"purchasable","20":"product-type-simple"},"jetpack_sharing_enabled":true,"_links":{"self":[{"href":"https:\/\/techno-rc.com.ar\/tienda\/wp-json\/wp\/v2\/product\/4070","targetHints":{"allow":["GET"]}}],"collection":[{"href":"https:\/\/techno-rc.com.ar\/tienda\/wp-json\/wp\/v2\/product"}],"about":[{"href":"https:\/\/techno-rc.com.ar\/tienda\/wp-json\/wp\/v2\/types\/product"}],"replies":[{"embeddable":true,"href":"https:\/\/techno-rc.com.ar\/tienda\/wp-json\/wp\/v2\/comments?post=4070"}],"wp:featuredmedia":[{"embeddable":true,"href":"https:\/\/techno-rc.com.ar\/tienda\/wp-json\/wp\/v2\/media\/4071"}],"wp:attachment":[{"href":"https:\/\/techno-rc.com.ar\/tienda\/wp-json\/wp\/v2\/media?parent=4070"}],"wp:term":[{"taxonomy":"product_brand","embeddable":true,"href":"https:\/\/techno-rc.com.ar\/tienda\/wp-json\/wp\/v2\/product_brand?post=4070"},{"taxonomy":"product_cat","embeddable":true,"href":"https:\/\/techno-rc.com.ar\/tienda\/wp-json\/wp\/v2\/product_cat?post=4070"},{"taxonomy":"product_tag","embeddable":true,"href":"https:\/\/techno-rc.com.ar\/tienda\/wp-json\/wp\/v2\/product_tag?post=4070"}],"curies":[{"name":"wp","href":"https:\/\/api.w.org\/{rel}","templated":true}]}}