{"id":4085,"date":"2025-06-02T14:51:32","date_gmt":"2025-06-02T17:51:32","guid":{"rendered":"https:\/\/techno-rc.com.ar\/tienda\/?post_type=product&#038;p=4085"},"modified":"2025-06-28T19:32:37","modified_gmt":"2025-06-28T22:32:37","slug":"mb-amd-am4-asus-tuf-gaming-b550m-plus-wifi-ii-90mb19y0-m0eay0","status":"publish","type":"product","link":"https:\/\/techno-rc.com.ar\/tienda\/producto\/mb-amd-am4-asus-tuf-gaming-b550m-plus-wifi-ii-90mb19y0-m0eay0\/","title":{"rendered":"MB AMD (AM4) ASUS TUF GAMING B550M-PLUS WIFI II (90MB19Y0-M0EAY0)"},"content":{"rendered":"<table width=\"637\">\n<tbody>\n<tr>\n<td style=\"font-weight: 400\" width=\"637\">MB AMD (AM4) ASUS TUF GAMING B550M-PLUS WIFI II (90MB19Y0-M0EAY0)<\/p>\n<p>TUF Gaming B550M-Plus WIFI II destila elementos esenciales de la \u00faltima plataforma AMD y los combina con funciones listas para jugar y durabilidad comprobada. Dise\u00f1ada con componentes de grado militar, una soluci\u00f3n de alimentaci\u00f3n mejorada y un conjunto completo de opciones de refrigeraci\u00f3n, esta placa base ofrece un rendimiento s\u00f3lido con una estabilidad de juego inquebrantable. Cuando construyes con una placa base TUF Gaming, tambi\u00e9n te beneficias de TUF Gaming Alliance, una colaboraci\u00f3n de ASUS con socios confiables de la industria que garantiza una construcci\u00f3n m\u00e1s sencilla, la mejor compatibilidad y una est\u00e9tica complementaria desde los componentes hasta la carcasa. RENDIMIENTO S\u00d3LIDO COMO UNA ROCA Con entrega de energ\u00eda mejorada y opciones de enfriamiento integrales para alimentar las \u00faltimas CPU AMD Ryzen, adem\u00e1s de soporte para memoria y almacenamiento m\u00e1s r\u00e1pidos, TUF Gaming B550M-Plus WIFI II es la base perfecta para su pr\u00f3xima plataforma de batalla con un alto n\u00famero de n\u00facleos. DrMOS El VRM integrado de TUF Gaming B550M-Plus WIFI II utiliza 8+2 etapas de potencia DrMOS que combinan MOSFET de lado alto y bajo y controlador en un solo paquete, brindando la potencia y la eficiencia que AMD Ryzen\u2122 5000 Series\/ 5000 G- Demanda de procesadores Serie\/ Serie 4000 G\/ Serie 3000. PC F\u00c1CIL BRICOLAJE Las placas base TUF Gaming est\u00e1n dise\u00f1adas para ser f\u00e1ciles de instalar y configurar de la manera que desee, incluso para los constructores primerizos. El ecosistema TUF Gaming Alliance facilita la selecci\u00f3n de piezas compatibles, mientras que el software Armory Crate ofrece un control total de la configuraci\u00f3n del sistema a trav\u00e9s de un \u00fanico panel. Las placas base TUF Gaming le brindan todo lo que necesita para construir la plataforma de juegos de sus sue\u00f1os sin agregar complejidad. Construya con confianza TUF Gaming Alliance es una colaboraci\u00f3n entre ASUS y marcas confiables de componentes de PC para garantizar la compatibilidad con una amplia gama de piezas, como carcasas de PC, fuentes de alimentaci\u00f3n, enfriadores de CPU, kits de memoria y m\u00e1s. Con m\u00e1s asociaciones y componentes que se agregan regularmente, TUF Gaming Alliance continuar\u00e1 creciendo a\u00fan m\u00e1s fuerte. JUEGOS INMERSIVOS TUF Gaming B550M-Plus WIFI II proporciona un paquete de juegos completo y de alto rendimiento con una larga lista de caracter\u00edsticas para mejorar su experiencia, que incluyen redes ultrarr\u00e1pidas para un juego en l\u00ednea m\u00e1s fluido, audio pr\u00edstino con se\u00f1ales posicionales para juegos FPS e iluminaci\u00f3n RGB integrada que se sincroniza con accesorios adjuntos para ayudarlo a crear una atm\u00f3sfera de juego personalizada. Wi-Fi 6 El m\u00f3dulo WiFi 6 es compatible con el est\u00e1ndar 802.11ax y aumenta el ancho de banda m\u00e1ximo te\u00f3rico hasta unos incre\u00edbles 2,4 Gbps. Quiz\u00e1s lo m\u00e1s importante para los usuarios avanzados es que est\u00e1 optimizado para un funcionamiento m\u00e1s eficiente en redes saturadas con mucho tr\u00e1fico competitivo. Empareje su placa base con los enrutadores ASUS WiFi 6 para experimentar completamente el potencial de red de WiFi 6. EXCLUSIVO ETHERNET DE 2,5 GIGABITS Ethernet integrado de 2,5 G mejora su conexi\u00f3n LAN con una mejora del ancho de banda de hasta 2,5 veces. Usando su cable LAN existente, puede aprovechar esta actualizaci\u00f3n de red para experimentar juegos m\u00e1s fluidos y sin demoras, transmitir videos de alta resoluci\u00f3n de inmediato y disfrutar de transferencias de archivos m\u00e1s r\u00e1pidas.<\/td>\n<\/tr>\n<\/tbody>\n<\/table>\n","protected":false},"excerpt":{"rendered":"<p>MB AMD (AM4) ASUS TUF GAMING B550M-PLUS WIFI II (90MB19Y0-M0EAY0) TUF Gaming B550M-Plus WIFI II destila elementos esenciales de la \u00faltima plataforma AMD y los combina con funciones listas para jugar y durabilidad comprobada. Dise\u00f1ada con componentes de grado militar, una soluci\u00f3n de alimentaci\u00f3n mejorada y un conjunto completo de opciones de refrigeraci\u00f3n, esta placa &hellip;<\/p>\n<p class=\"read-more\"> <a class=\" thunk-readmore button \" href=\"https:\/\/techno-rc.com.ar\/tienda\/producto\/mb-amd-am4-asus-tuf-gaming-b550m-plus-wifi-ii-90mb19y0-m0eay0\/\"> <span class=\"screen-reader-text\">MB AMD (AM4) ASUS TUF GAMING B550M-PLUS WIFI II (90MB19Y0-M0EAY0)<\/span>Leer m\u00e1s<\/a><\/p>\n","protected":false},"featured_media":4086,"comment_status":"closed","ping_status":"closed","template":"","meta":{"advanced_seo_description":"","jetpack_seo_html_title":"","jetpack_seo_noindex":false,"_joinchat":[]},"product_brand":[],"product_cat":[33,139],"product_tag":[],"class_list":{"0":"post-4085","1":"product","2":"type-product","3":"status-publish","4":"has-post-thumbnail","6":"product_cat-insformatica","7":"product_cat-mother-board","8":"thunk-woo-product-list","9":"opn-qv-enable","10":"open-woo-hover-none","11":"open-single-product-tab-horizontal","12":"open-shadow-","13":"open-shadow-hover-","15":"first","16":"instock","17":"taxable","18":"shipping-taxable","19":"purchasable","20":"product-type-simple"},"jetpack_sharing_enabled":true,"_links":{"self":[{"href":"https:\/\/techno-rc.com.ar\/tienda\/wp-json\/wp\/v2\/product\/4085","targetHints":{"allow":["GET"]}}],"collection":[{"href":"https:\/\/techno-rc.com.ar\/tienda\/wp-json\/wp\/v2\/product"}],"about":[{"href":"https:\/\/techno-rc.com.ar\/tienda\/wp-json\/wp\/v2\/types\/product"}],"replies":[{"embeddable":true,"href":"https:\/\/techno-rc.com.ar\/tienda\/wp-json\/wp\/v2\/comments?post=4085"}],"wp:featuredmedia":[{"embeddable":true,"href":"https:\/\/techno-rc.com.ar\/tienda\/wp-json\/wp\/v2\/media\/4086"}],"wp:attachment":[{"href":"https:\/\/techno-rc.com.ar\/tienda\/wp-json\/wp\/v2\/media?parent=4085"}],"wp:term":[{"taxonomy":"product_brand","embeddable":true,"href":"https:\/\/techno-rc.com.ar\/tienda\/wp-json\/wp\/v2\/product_brand?post=4085"},{"taxonomy":"product_cat","embeddable":true,"href":"https:\/\/techno-rc.com.ar\/tienda\/wp-json\/wp\/v2\/product_cat?post=4085"},{"taxonomy":"product_tag","embeddable":true,"href":"https:\/\/techno-rc.com.ar\/tienda\/wp-json\/wp\/v2\/product_tag?post=4085"}],"curies":[{"name":"wp","href":"https:\/\/api.w.org\/{rel}","templated":true}]}}