{"id":4087,"date":"2025-06-02T14:55:26","date_gmt":"2025-06-02T17:55:26","guid":{"rendered":"https:\/\/techno-rc.com.ar\/tienda\/?post_type=product&#038;p=4087"},"modified":"2025-06-28T19:32:36","modified_gmt":"2025-06-28T22:32:36","slug":"mb-amd-am5-asus-prime-b840m-a-wifi-90mb1j20-m0eay0","status":"publish","type":"product","link":"https:\/\/techno-rc.com.ar\/tienda\/producto\/mb-amd-am5-asus-prime-b840m-a-wifi-90mb1j20-m0eay0\/","title":{"rendered":"MB AMD (AM5) ASUS PRIME B840M-A WIFI (90MB1J20-M0EAY0)"},"content":{"rendered":"<h1 class=\"page-title\"><span class=\"base\" data-ui-id=\"page-title-wrapper\">MB AMD (AM5) ASUS PRIME B840M-A WIFI (90MB1J20-M0EAY0)<\/span><\/h1>\n<p>Las placas base ASUS Prime est\u00e1n dise\u00f1adas por expertos para aprovechar al m\u00e1ximo el potencial de los procesadores AMD Ryzen\u2122 serie 9000. La placa base PRIME B840M-A WIFI ofrece a usuarios y ensambladores de PC DIY diversas optimizaciones de rendimiento mediante funciones intuitivas de software y firmware. Est\u00e1 dise\u00f1ada para ser compatible con PC con IA avanzada, ofreciendo la potencia y la conectividad necesarias para aplicaciones de IA exigentes. CPU: Socket AM5 de AMD para procesadores de escritorio AMD Ryzen\u2122 de las series 9000, 8000 y 7000 Chipset: Chipset AMD B840 Memoria: 4 ranuras DIMM, m\u00e1x. 256 GB, DDR5 Gr\u00e1ficos: -2 x DisplayPort -1 x puerto HDMI Ranuras de expansi\u00f3n: -Procesadores de escritorio AMD Ryzen\u2122 serie 9000 y 7000* -Procesadores de escritorio AMD Ryzen\u2122 serie 8000 -Chipset AMD B840 Almacenamiento: Compatibilidad total con 3 ranuras M.2 y 4 puertos SATA de 6 Gb\/s -Procesadores de escritorio AMD Ryzen\u2122 serie 9000 y 7000 -Procesadores de escritorio AMD Ryzen\u2122 serie 8000 -Chipset AMD B840 Conexi\u00f3n inal\u00e1mbrica y Bluetooth -Wi-Fi 6E 2&#215;2 (802.11ax) Compatible con bandas de frecuencia de 2,4\/5\/6 GHz -Bluetooth\u00ae v5.3 USB: -USB trasero (7 puertos en total) 2 puertos USB de 10 Gbps (2 de tipo A) 1 puerto USB de 5 Gbps (1 USB Type-C\u00ae) 4 puertos USB 2.0 (4 de tipo A) -USB frontal (7 puertos en total) 1 conector USB de 5 Gbps (compatible con USB Type-C\u00ae) 1 conector USB de 5 Gbps compatible con 2 puertos USB de 5 Gbps adicionales 2 conectores USB 2.0 compatibles con 4 puertos USB 2.0 adicionales BIOS: 256 Mb Flash ROM, BIOS UEFI AMI Sistema operativo: Windows 11, Windows 10 de 64 bits Garant\u00eda 12 meses<\/p>\n<table id=\"product-attribute-specs-table\" class=\"data table additional-attributes\">\n<caption class=\"table-caption\">M\u00e1s informaci\u00f3n<\/caption>\n<tbody>\n<tr>\n<th class=\"col label\" scope=\"row\">SKU<\/th>\n<td class=\"col data\" data-th=\"SKU\">73877<\/td>\n<\/tr>\n<tr>\n<th class=\"col label\" scope=\"row\">Aplicaciones<\/th>\n<td class=\"col data\" data-th=\"Aplicaciones\">Notebook<\/td>\n<\/tr>\n<tr>\n<th class=\"col label\" scope=\"row\">Capacidad m\u00e1xima soportada de la memoria RAM<\/th>\n<td class=\"col data\" data-th=\"Capacidad m\u00e1xima soportada de la memoria RAM\">256 GB<\/td>\n<\/tr>\n<tr>\n<th class=\"col label\" scope=\"row\">Chipsets<\/th>\n<td class=\"col data\" data-th=\"Chipsets\">B840<\/td>\n<\/tr>\n<tr>\n<th class=\"col label\" scope=\"row\">C\u00f3digo universal de producto<\/th>\n<td class=\"col data\" data-th=\"C\u00f3digo universal de producto\">4711387797143<\/td>\n<\/tr>\n<tr>\n<th class=\"col label\" scope=\"row\">Color<\/th>\n<td class=\"col data\" data-th=\"Color\">Gris<\/td>\n<\/tr>\n<tr>\n<th class=\"col label\" scope=\"row\">Con procesador<\/th>\n<td class=\"col data\" data-th=\"Con procesador\">No<\/td>\n<\/tr>\n<tr>\n<th class=\"col label\" scope=\"row\">Condici\u00f3n del \u00edtem<\/th>\n<td class=\"col data\" data-th=\"Condici\u00f3n del \u00edtem\">Nuevo<\/td>\n<\/tr>\n<tr>\n<th class=\"col label\" scope=\"row\">Factor de forma<\/th>\n<td class=\"col data\" data-th=\"Factor de forma\">mATX<\/td>\n<\/tr>\n<tr>\n<th class=\"col label\" scope=\"row\">Modelo<\/th>\n<td class=\"col data\" data-th=\"Modelo\">B840M-A<\/td>\n<\/tr>\n<tr>\n<th class=\"col label\" scope=\"row\">Plataforma<\/th>\n<td class=\"col data\" data-th=\"Plataforma\">AMD<\/td>\n<\/tr>\n<tr>\n<th class=\"col label\" scope=\"row\">Ranuras de expansi\u00f3n<\/th>\n<td class=\"col data\" data-th=\"Ranuras de expansi\u00f3n\">AMD Ryzen 9000 &amp; 7000 Series: 1 x PCIe 4.0 x16 (x16 mode),AMD Ryzen 8000 Series: 1 x PCIe 4.0 x16 (x8,x4 mode),Chipset AMD B840: 2 x PCIe 3.0 x16 (x1 mode)<\/td>\n<\/tr>\n<tr>\n<th class=\"col label\" scope=\"row\">Socket<\/th>\n<td class=\"col data\" data-th=\"Socket\">Am5<\/td>\n<\/tr>\n<tr>\n<th class=\"col label\" scope=\"row\">Tipo de memoria RAM<\/th>\n<td class=\"col data\" data-th=\"Tipo de memoria RAM\">DDR5<\/td>\n<\/tr>\n<tr>\n<th class=\"col label\" scope=\"row\">L\u00ednea<\/th>\n<td class=\"col data\" data-th=\"L\u00ednea\">Prime<\/td>\n<\/tr>\n<tr>\n<th class=\"col label\" scope=\"row\">Versi\u00f3n<\/th>\n<td class=\"col data\" data-th=\"Versi\u00f3n\">90MB1J20-M0EAY0<\/td>\n<\/tr>\n<tr>\n<th class=\"col label\" scope=\"row\">Impuesto interno<\/th>\n<td class=\"col data\" data-th=\"Impuesto interno\">0 %<\/td>\n<\/tr>\n<tr>\n<th class=\"col label\" scope=\"row\">IVA<\/th>\n<td class=\"col data\" data-th=\"IVA\">10.5 %<\/td>\n<\/tr>\n<\/tbody>\n<\/table>\n","protected":false},"excerpt":{"rendered":"<p>MB AMD (AM5) ASUS PRIME B840M-A WIFI (90MB1J20-M0EAY0) Las placas base ASUS Prime est\u00e1n dise\u00f1adas por expertos para aprovechar al m\u00e1ximo el potencial de los procesadores AMD Ryzen\u2122 serie 9000. La placa base PRIME B840M-A WIFI ofrece a usuarios y ensambladores de PC DIY diversas optimizaciones de rendimiento mediante funciones intuitivas de software y firmware. &hellip;<\/p>\n<p class=\"read-more\"> <a class=\" thunk-readmore button \" href=\"https:\/\/techno-rc.com.ar\/tienda\/producto\/mb-amd-am5-asus-prime-b840m-a-wifi-90mb1j20-m0eay0\/\"> <span class=\"screen-reader-text\">MB AMD (AM5) ASUS PRIME B840M-A WIFI (90MB1J20-M0EAY0)<\/span>Leer m\u00e1s<\/a><\/p>\n","protected":false},"featured_media":4088,"comment_status":"closed","ping_status":"closed","template":"","meta":{"advanced_seo_description":"","jetpack_seo_html_title":"","jetpack_seo_noindex":false,"_joinchat":[]},"product_brand":[],"product_cat":[33,139],"product_tag":[],"class_list":{"0":"post-4087","1":"product","2":"type-product","3":"status-publish","4":"has-post-thumbnail","6":"product_cat-insformatica","7":"product_cat-mother-board","8":"thunk-woo-product-list","9":"opn-qv-enable","10":"open-woo-hover-none","11":"open-single-product-tab-horizontal","12":"open-shadow-","13":"open-shadow-hover-","15":"first","16":"instock","17":"taxable","18":"shipping-taxable","19":"purchasable","20":"product-type-simple"},"jetpack_sharing_enabled":true,"_links":{"self":[{"href":"https:\/\/techno-rc.com.ar\/tienda\/wp-json\/wp\/v2\/product\/4087","targetHints":{"allow":["GET"]}}],"collection":[{"href":"https:\/\/techno-rc.com.ar\/tienda\/wp-json\/wp\/v2\/product"}],"about":[{"href":"https:\/\/techno-rc.com.ar\/tienda\/wp-json\/wp\/v2\/types\/product"}],"replies":[{"embeddable":true,"href":"https:\/\/techno-rc.com.ar\/tienda\/wp-json\/wp\/v2\/comments?post=4087"}],"wp:featuredmedia":[{"embeddable":true,"href":"https:\/\/techno-rc.com.ar\/tienda\/wp-json\/wp\/v2\/media\/4088"}],"wp:attachment":[{"href":"https:\/\/techno-rc.com.ar\/tienda\/wp-json\/wp\/v2\/media?parent=4087"}],"wp:term":[{"taxonomy":"product_brand","embeddable":true,"href":"https:\/\/techno-rc.com.ar\/tienda\/wp-json\/wp\/v2\/product_brand?post=4087"},{"taxonomy":"product_cat","embeddable":true,"href":"https:\/\/techno-rc.com.ar\/tienda\/wp-json\/wp\/v2\/product_cat?post=4087"},{"taxonomy":"product_tag","embeddable":true,"href":"https:\/\/techno-rc.com.ar\/tienda\/wp-json\/wp\/v2\/product_tag?post=4087"}],"curies":[{"name":"wp","href":"https:\/\/api.w.org\/{rel}","templated":true}]}}