{"id":4096,"date":"2025-06-02T15:51:52","date_gmt":"2025-06-02T18:51:52","guid":{"rendered":"https:\/\/techno-rc.com.ar\/tienda\/?post_type=product&#038;p=4096"},"modified":"2025-06-28T19:32:36","modified_gmt":"2025-06-28T22:32:36","slug":"teclado-gamer-hyperx-alloy-core-rgb-hx-kb5me2-la-4p4f5aiac8","status":"publish","type":"product","link":"https:\/\/techno-rc.com.ar\/tienda\/producto\/teclado-gamer-hyperx-alloy-core-rgb-hx-kb5me2-la-4p4f5aiac8\/","title":{"rendered":"TECLADO GAMER HYPERX ALLOY CORE RGB HX-KB5ME2-LA (4P4F5AI#AC8)"},"content":{"rendered":"<table width=\"637\">\n<tbody>\n<tr>\n<td style=\"font-weight: 400\" width=\"637\">TECLADO GAMER HYPERX ALLOY CORE RGB HX-KB5ME2-LA (4P4F5AI#AC8)<\/p>\n<p>Gracias a la radiante barra de luz exclusiva de HyperX y a los efectos de iluminaci\u00f3n RGB din\u00e1micos y fluidos, el HyperX Alloy Core RGB\u2122 es perfecto para cualquier jugador que quiera mejorar el estilo y rendimiento de su teclado sin dejar tiritando la cartera. Cuenta con seis efectos de iluminaci\u00f3n y tres niveles de brillo diferentes, lo que permite equilibrar la luminosidad y el presupuesto. Alloy Core RGB cuenta con una resistente estructura de pl\u00e1stico reforzado, su estabilidad y fiabilidad son perfectas para los jugadores que busquen un teclado para un uso duradero. Las teclas, suaves y con sensaci\u00f3n t\u00e1ctil, son silenciosas y cuentan con funcionalidades anti-ghosting y key rollover, perfectas para jugadores. El teclado es resistente frente a salpicaduras, y se ha sometido a pruebas para soportar hasta 120 ml de l\u00edquido, por lo que los accidentes con l\u00edquidos nunca m\u00e1s afectar\u00e1n a sus partidas. Control al alcance de los dedos gracias a los botones de acceso r\u00e1pido y a los controles multimedia para la iluminaci\u00f3n y los modos de juego. El bloqueo del teclado permite bloquearlo sin tener que poner todo el sistema en suspensi\u00f3n. El teclado Alloy Core RGB dispone de estilo, cuenta con bastantes funciones y es resistente, siendo el teclado multimedia todoterreno perfecto para los jugadores. Especificaciones Generales Marca Hyper X Modelo Core Serie Alloy Color Negro Especificaciones del Teclado Tipo de Teclado Gamer Dise\u00f1o del Teclado Est\u00e1ndar Interfaz USB Distribuci\u00f3n de Teclado Espa\u00f1ol Iluminaci\u00f3n RGB Alcance Cable de 1.8 m Bater\u00edas No Compatibilidad Windows 10 \/ Windows 8.1 \/ Windows 7 \/ Windows Vista SP2 Caracter\u00edsticas F\u00edsicas Dimensiones 443 x 175 x 35 mm &#8211; Garantia 6 meses<\/p>\n<table id=\"product-attribute-specs-table\" class=\"data table additional-attributes\">\n<caption class=\"table-caption\">M\u00e1s informaci\u00f3n<\/caption>\n<tbody>\n<tr>\n<th class=\"col label\" scope=\"row\">SKU<\/th>\n<td class=\"col data\" data-th=\"SKU\">57407<\/td>\n<\/tr>\n<tr>\n<th class=\"col label\" scope=\"row\">Altura del teclado<\/th>\n<td class=\"col data\" data-th=\"Altura del teclado\">17.531 cm<\/td>\n<\/tr>\n<tr>\n<th class=\"col label\" scope=\"row\">Ancho del teclado<\/th>\n<td class=\"col data\" data-th=\"Ancho del teclado\">44.32 cm<\/td>\n<\/tr>\n<tr>\n<th class=\"col label\" scope=\"row\">Arquitectura<\/th>\n<td class=\"col data\" data-th=\"Arquitectura\">Membrana<\/td>\n<\/tr>\n<tr>\n<th class=\"col label\" scope=\"row\">Cantidad de teclas<\/th>\n<td class=\"col data\" data-th=\"Cantidad de teclas\">105<\/td>\n<\/tr>\n<tr>\n<th class=\"col label\" scope=\"row\">Cantidad de teclas de acceso r\u00e1pido<\/th>\n<td class=\"col data\" data-th=\"Cantidad de teclas de acceso r\u00e1pido\">3<\/td>\n<\/tr>\n<tr>\n<th class=\"col label\" scope=\"row\">C\u00f3digo universal de producto<\/th>\n<td class=\"col data\" data-th=\"C\u00f3digo universal de producto\">196188486696<\/td>\n<\/tr>\n<tr>\n<th class=\"col label\" scope=\"row\">Color del teclado<\/th>\n<td class=\"col data\" data-th=\"Color del teclado\">Negro<\/td>\n<\/tr>\n<tr>\n<th class=\"col label\" scope=\"row\">Con Bluetooth<\/th>\n<td class=\"col data\" data-th=\"Con Bluetooth\">No<\/td>\n<\/tr>\n<tr>\n<th class=\"col label\" scope=\"row\">Con cable removible<\/th>\n<td class=\"col data\" data-th=\"Con cable removible\">No<\/td>\n<\/tr>\n<tr>\n<th class=\"col label\" scope=\"row\">Con interfaz USB<\/th>\n<td class=\"col data\" data-th=\"Con interfaz USB\">S\u00ed<\/td>\n<\/tr>\n<tr>\n<th class=\"col label\" scope=\"row\">Con pad num\u00e9rico<\/th>\n<td class=\"col data\" data-th=\"Con pad num\u00e9rico\">S\u00ed<\/td>\n<\/tr>\n<tr>\n<th class=\"col label\" scope=\"row\">Con pantalla<\/th>\n<td class=\"col data\" data-th=\"Con pantalla\">No<\/td>\n<\/tr>\n<tr>\n<th class=\"col label\" scope=\"row\">Con recepci\u00f3n inal\u00e1mbrica<\/th>\n<td class=\"col data\" data-th=\"Con recepci\u00f3n inal\u00e1mbrica\">No<\/td>\n<\/tr>\n<tr>\n<th class=\"col label\" scope=\"row\">Con reposa mu\u00f1eca<\/th>\n<td class=\"col data\" data-th=\"Con reposa mu\u00f1eca\">No<\/td>\n<\/tr>\n<tr>\n<th class=\"col label\" scope=\"row\">Con retroiluminaci\u00f3n<\/th>\n<td class=\"col data\" data-th=\"Con retroiluminaci\u00f3n\">S\u00ed<\/td>\n<\/tr>\n<tr>\n<th class=\"col label\" scope=\"row\">Con teclas anti-ghost<\/th>\n<td class=\"col data\" data-th=\"Con teclas anti-ghost\">S\u00ed<\/td>\n<\/tr>\n<tr>\n<th class=\"col label\" scope=\"row\">Con teclas de acceso r\u00e1pido<\/th>\n<td class=\"col data\" data-th=\"Con teclas de acceso r\u00e1pido\">S\u00ed<\/td>\n<\/tr>\n<tr>\n<th class=\"col label\" scope=\"row\">Con teclas silenciosas<\/th>\n<td class=\"col data\" data-th=\"Con teclas silenciosas\">S\u00ed<\/td>\n<\/tr>\n<tr>\n<th class=\"col label\" scope=\"row\">Con touchpad<\/th>\n<td class=\"col data\" data-th=\"Con touchpad\">No<\/td>\n<\/tr>\n<tr>\n<th class=\"col label\" scope=\"row\">Con trackball<\/th>\n<td class=\"col data\" data-th=\"Con trackball\">No<\/td>\n<\/tr>\n<tr>\n<th class=\"col label\" scope=\"row\">Condici\u00f3n del \u00edtem<\/th>\n<td class=\"col data\" data-th=\"Condici\u00f3n del \u00edtem\">Nuevo<\/td>\n<\/tr>\n<tr>\n<th class=\"col label\" scope=\"row\">Consolas de juegos compatibles<\/th>\n<td class=\"col data\" data-th=\"Consolas de juegos compatibles\">PS4,PS5,Xbox Series XIS,Xbox One<\/td>\n<\/tr>\n<tr>\n<th class=\"col label\" scope=\"row\">Es compacto<\/th>\n<td class=\"col data\" data-th=\"Es compacto\">No<\/td>\n<\/tr>\n<tr>\n<th class=\"col label\" scope=\"row\">Es ergon\u00f3mica<\/th>\n<td class=\"col data\" data-th=\"Es ergon\u00f3mica\">No<\/td>\n<\/tr>\n<tr>\n<th class=\"col label\" scope=\"row\">Es flexible<\/th>\n<td class=\"col data\" data-th=\"Es flexible\">No<\/td>\n<\/tr>\n<tr>\n<th class=\"col label\" scope=\"row\">Es gamer<\/th>\n<td class=\"col data\" data-th=\"Es gamer\">S\u00ed<\/td>\n<\/tr>\n<tr>\n<th class=\"col label\" scope=\"row\">Es para una mano<\/th>\n<td class=\"col data\" data-th=\"Es para una mano\">No<\/td>\n<\/tr>\n<tr>\n<th class=\"col label\" scope=\"row\">Es resistente a salpicaduras<\/th>\n<td class=\"col data\" data-th=\"Es resistente a salpicaduras\">S\u00ed<\/td>\n<\/tr>\n<tr>\n<th class=\"col label\" scope=\"row\">Es teclado num\u00e9rico<\/th>\n<td class=\"col data\" data-th=\"Es teclado num\u00e9rico\">No<\/td>\n<\/tr>\n<tr>\n<th class=\"col label\" scope=\"row\">Fabricante<\/th>\n<td class=\"col data\" data-th=\"Fabricante\">HyperX<\/td>\n<\/tr>\n<tr>\n<th class=\"col label\" scope=\"row\">Forma de las teclas<\/th>\n<td class=\"col data\" data-th=\"Forma de las teclas\">Cil\u00edndrica<\/td>\n<\/tr>\n<tr>\n<th class=\"col label\" scope=\"row\">Idioma<\/th>\n<td class=\"col data\" data-th=\"Idioma\">Espa\u00f1ol Latinoam\u00e9rica<\/td>\n<\/tr>\n<tr>\n<th class=\"col label\" scope=\"row\">Incluye pilas<\/th>\n<td class=\"col data\" data-th=\"Incluye pilas\">No<\/td>\n<\/tr>\n<tr>\n<th class=\"col label\" scope=\"row\">Largo del cable<\/th>\n<td class=\"col data\" data-th=\"Largo del cable\">1.8 m<\/td>\n<\/tr>\n<tr>\n<th class=\"col label\" scope=\"row\">Layout<\/th>\n<td class=\"col data\" data-th=\"Layout\">QWERTY<\/td>\n<\/tr>\n<tr>\n<th class=\"col label\" scope=\"row\">L\u00ednea<\/th>\n<td class=\"col data\" data-th=\"L\u00ednea\">Alloy<\/td>\n<\/tr>\n<tr>\n<th class=\"col label\" scope=\"row\">Modelo<\/th>\n<td class=\"col data\" data-th=\"Modelo\">Core RGB<\/td>\n<\/tr>\n<tr>\n<th class=\"col label\" scope=\"row\">Modelo detallado<\/th>\n<td class=\"col data\" data-th=\"Modelo detallado\">HX-KB5ME2-LA<\/td>\n<\/tr>\n<tr>\n<th class=\"col label\" scope=\"row\">Peso del teclado<\/th>\n<td class=\"col data\" data-th=\"Peso del teclado\">1.121 kg<\/td>\n<\/tr>\n<tr>\n<th class=\"col label\" scope=\"row\">Profundidad del teclado<\/th>\n<td class=\"col data\" data-th=\"Profundidad del teclado\">3.568 cm<\/td>\n<\/tr>\n<tr>\n<th class=\"col label\" scope=\"row\">Tipo de conector<\/th>\n<td class=\"col data\" data-th=\"Tipo de conector\">USB 2.0<\/td>\n<\/tr>\n<tr>\n<th class=\"col label\" scope=\"row\">Color de la retroiluminaci\u00f3n<\/th>\n<td class=\"col data\" data-th=\"Color de la retroiluminaci\u00f3n\">RGB<\/td>\n<\/tr>\n<tr>\n<th class=\"col label\" scope=\"row\">Tipo de switch<\/th>\n<td class=\"col data\" data-th=\"Tipo de switch\">Membrana<\/td>\n<\/tr>\n<tr>\n<th class=\"col label\" scope=\"row\">Impuesto interno<\/th>\n<td class=\"col data\" data-th=\"Impuesto interno\">0 %<\/td>\n<\/tr>\n<tr>\n<th class=\"col label\" scope=\"row\">IVA<\/th>\n<td class=\"col data\" data-th=\"IVA\">21 %<\/td>\n<\/tr>\n<\/tbody>\n<\/table>\n<\/td>\n<\/tr>\n<\/tbody>\n<\/table>\n","protected":false},"excerpt":{"rendered":"<p>TECLADO GAMER HYPERX ALLOY CORE RGB HX-KB5ME2-LA (4P4F5AI#AC8) Gracias a la radiante barra de luz exclusiva de HyperX y a los efectos de iluminaci\u00f3n RGB din\u00e1micos y fluidos, el HyperX Alloy Core RGB\u2122 es perfecto para cualquier jugador que quiera mejorar el estilo y rendimiento de su teclado sin dejar tiritando la cartera. Cuenta con &hellip;<\/p>\n<p class=\"read-more\"> <a class=\" thunk-readmore button \" href=\"https:\/\/techno-rc.com.ar\/tienda\/producto\/teclado-gamer-hyperx-alloy-core-rgb-hx-kb5me2-la-4p4f5aiac8\/\"> <span class=\"screen-reader-text\">TECLADO GAMER HYPERX ALLOY CORE RGB HX-KB5ME2-LA (4P4F5AI#AC8)<\/span>Leer m\u00e1s<\/a><\/p>\n","protected":false},"featured_media":4099,"comment_status":"closed","ping_status":"closed","template":"","meta":{"advanced_seo_description":"","jetpack_seo_html_title":"","jetpack_seo_noindex":false,"_joinchat":[]},"product_brand":[],"product_cat":[37,33,141],"product_tag":[],"class_list":{"0":"post-4096","1":"product","2":"type-product","3":"status-publish","4":"has-post-thumbnail","6":"product_cat-gaming","7":"product_cat-insformatica","8":"product_cat-teclado-gamer","9":"thunk-woo-product-list","10":"opn-qv-enable","11":"open-woo-hover-none","12":"open-single-product-tab-horizontal","13":"open-shadow-","14":"open-shadow-hover-","16":"first","17":"instock","18":"taxable","19":"shipping-taxable","20":"purchasable","21":"product-type-simple"},"jetpack_sharing_enabled":true,"_links":{"self":[{"href":"https:\/\/techno-rc.com.ar\/tienda\/wp-json\/wp\/v2\/product\/4096","targetHints":{"allow":["GET"]}}],"collection":[{"href":"https:\/\/techno-rc.com.ar\/tienda\/wp-json\/wp\/v2\/product"}],"about":[{"href":"https:\/\/techno-rc.com.ar\/tienda\/wp-json\/wp\/v2\/types\/product"}],"replies":[{"embeddable":true,"href":"https:\/\/techno-rc.com.ar\/tienda\/wp-json\/wp\/v2\/comments?post=4096"}],"wp:featuredmedia":[{"embeddable":true,"href":"https:\/\/techno-rc.com.ar\/tienda\/wp-json\/wp\/v2\/media\/4099"}],"wp:attachment":[{"href":"https:\/\/techno-rc.com.ar\/tienda\/wp-json\/wp\/v2\/media?parent=4096"}],"wp:term":[{"taxonomy":"product_brand","embeddable":true,"href":"https:\/\/techno-rc.com.ar\/tienda\/wp-json\/wp\/v2\/product_brand?post=4096"},{"taxonomy":"product_cat","embeddable":true,"href":"https:\/\/techno-rc.com.ar\/tienda\/wp-json\/wp\/v2\/product_cat?post=4096"},{"taxonomy":"product_tag","embeddable":true,"href":"https:\/\/techno-rc.com.ar\/tienda\/wp-json\/wp\/v2\/product_tag?post=4096"}],"curies":[{"name":"wp","href":"https:\/\/api.w.org\/{rel}","templated":true}]}}