{"id":4107,"date":"2025-06-02T16:15:21","date_gmt":"2025-06-02T19:15:21","guid":{"rendered":"https:\/\/techno-rc.com.ar\/tienda\/?post_type=product&#038;p=4107"},"modified":"2025-06-28T19:32:36","modified_gmt":"2025-06-28T22:32:36","slug":"4107","status":"publish","type":"product","link":"https:\/\/techno-rc.com.ar\/tienda\/producto\/4107\/","title":{"rendered":"PLANCHA DE CABELLO REMINGTON S1305- PLACAS DE CERAMICA, USO SECO"},"content":{"rendered":"<table width=\"637\">\n<tbody>\n<tr>\n<td style=\"font-weight: 400\" width=\"637\">PLANCHA DE CABELLO REMINGTON S1305- PLACAS DE CERAMICA, USO SECO<\/td>\n<\/tr>\n<\/tbody>\n<\/table>\n<p>La plancha de cabello Remington con placas recubiertas de Cer\u00e1mica y Tecnolog\u00eda Antiest\u00e1tica que ofrece 2 veces m\u00e1s protecci\u00f3n* y 50% menos est\u00e1tica. &#8211; Medida de las placas: 2,54cm \/ 1 &#8211; Temperatura m\u00e1xima: 210\u00b0C (410\u00b0F) &#8211; Bot\u00f3n de Encendido y Apagado &#8211; Calentamiento en 60 segundos &#8211; Tecnolog\u00eda Antiest\u00e1tica &#8211; Placas Recubiertas de Cer\u00e1mica &#8211; Indicador LED de encendido (Rojo) &#8211; Cable Giratorio &#8211; 2X protecci\u00f3n, 50% menos est\u00e1tica Garantia 12 meses<\/p>\n<table id=\"product-attribute-specs-table\" class=\"data table additional-attributes\">\n<caption class=\"table-caption\">M\u00e1s informaci\u00f3n<\/caption>\n<tbody>\n<tr>\n<th class=\"col label\" scope=\"row\">SKU<\/th>\n<td class=\"col data\" data-th=\"SKU\">45178<\/td>\n<\/tr>\n<tr>\n<th class=\"col label\" scope=\"row\">C\u00f3digo universal de producto<\/th>\n<td class=\"col data\" data-th=\"C\u00f3digo universal de producto\">074590547047<\/td>\n<\/tr>\n<tr>\n<th class=\"col label\" scope=\"row\">Color<\/th>\n<td class=\"col data\" data-th=\"Color\">Blanco\/Violeta<\/td>\n<\/tr>\n<tr>\n<th class=\"col label\" scope=\"row\">Color principal<\/th>\n<td class=\"col data\" data-th=\"Color principal\">Blanco<\/td>\n<\/tr>\n<tr>\n<th class=\"col label\" scope=\"row\">Con apagado autom\u00e1tico<\/th>\n<td class=\"col data\" data-th=\"Con apagado autom\u00e1tico\">S\u00ed<\/td>\n<\/tr>\n<tr>\n<th class=\"col label\" scope=\"row\">Con aro para colgar<\/th>\n<td class=\"col data\" data-th=\"Con aro para colgar\">No<\/td>\n<\/tr>\n<tr>\n<th class=\"col label\" scope=\"row\">Con cable giratorio<\/th>\n<td class=\"col data\" data-th=\"Con cable giratorio\">S\u00ed<\/td>\n<\/tr>\n<tr>\n<th class=\"col label\" scope=\"row\">Con emisi\u00f3n de vapor<\/th>\n<td class=\"col data\" data-th=\"Con emisi\u00f3n de vapor\">No<\/td>\n<\/tr>\n<tr>\n<th class=\"col label\" scope=\"row\">Con regulador de temperatura<\/th>\n<td class=\"col data\" data-th=\"Con regulador de temperatura\">No<\/td>\n<\/tr>\n<tr>\n<th class=\"col label\" scope=\"row\">Condici\u00f3n del \u00edtem<\/th>\n<td class=\"col data\" data-th=\"Condici\u00f3n del \u00edtem\">Nuevo<\/td>\n<\/tr>\n<tr>\n<th class=\"col label\" scope=\"row\">Es apta para cabello seco y h\u00famedo<\/th>\n<td class=\"col data\" data-th=\"Es apta para cabello seco y h\u00famedo\">No<\/td>\n<\/tr>\n<tr>\n<th class=\"col label\" scope=\"row\">Es inal\u00e1mbrica<\/th>\n<td class=\"col data\" data-th=\"Es inal\u00e1mbrica\">No<\/td>\n<\/tr>\n<tr>\n<th class=\"col label\" scope=\"row\">Es i\u00f3nica<\/th>\n<td class=\"col data\" data-th=\"Es i\u00f3nica\">S\u00ed<\/td>\n<\/tr>\n<tr>\n<th class=\"col label\" scope=\"row\">Es mini<\/th>\n<td class=\"col data\" data-th=\"Es mini\">No<\/td>\n<\/tr>\n<tr>\n<th class=\"col label\" scope=\"row\">Funciones<\/th>\n<td class=\"col data\" data-th=\"Funciones\">Cuidado i\u00f3nico<\/td>\n<\/tr>\n<tr>\n<th class=\"col label\" scope=\"row\">Funciones adicionales<\/th>\n<td class=\"col data\" data-th=\"Funciones adicionales\">Alisar<\/td>\n<\/tr>\n<tr>\n<th class=\"col label\" scope=\"row\">Largo del cable<\/th>\n<td class=\"col data\" data-th=\"Largo del cable\">1.8 m<\/td>\n<\/tr>\n<tr>\n<th class=\"col label\" scope=\"row\">L\u00ednea<\/th>\n<td class=\"col data\" data-th=\"L\u00ednea\">S-1300 Series<\/td>\n<\/tr>\n<tr>\n<th class=\"col label\" scope=\"row\">Materiales de las placas<\/th>\n<td class=\"col data\" data-th=\"Materiales de las placas\">Cer\u00e1mica<\/td>\n<\/tr>\n<tr>\n<th class=\"col label\" scope=\"row\">Modelo<\/th>\n<td class=\"col data\" data-th=\"Modelo\">S1305<\/td>\n<\/tr>\n<tr>\n<th class=\"col label\" scope=\"row\">Modelo alfanum\u00e9rico<\/th>\n<td class=\"col data\" data-th=\"Modelo alfanum\u00e9rico\">S1305<\/td>\n<\/tr>\n<tr>\n<th class=\"col label\" scope=\"row\">Piezas del set<\/th>\n<td class=\"col data\" data-th=\"Piezas del set\">NO<\/td>\n<\/tr>\n<tr>\n<th class=\"col label\" scope=\"row\">Tecnolog\u00edas<\/th>\n<td class=\"col data\" data-th=\"Tecnolog\u00edas\">Cer\u00e1mica<\/td>\n<\/tr>\n<tr>\n<th class=\"col label\" scope=\"row\">Temperatura m\u00e1xima<\/th>\n<td class=\"col data\" data-th=\"Temperatura m\u00e1xima\">210 \u00b0C<\/td>\n<\/tr>\n<tr>\n<th class=\"col label\" scope=\"row\">Temperatura m\u00ednima<\/th>\n<td class=\"col data\" data-th=\"Temperatura m\u00ednima\">180 \u00b0C<\/td>\n<\/tr>\n<tr>\n<th class=\"col label\" scope=\"row\">Tipo de pantalla<\/th>\n<td class=\"col data\" data-th=\"Tipo de pantalla\">LED<\/td>\n<\/tr>\n<tr>\n<th class=\"col label\" scope=\"row\">Tipos de cabellos<\/th>\n<td class=\"col data\" data-th=\"Tipos de cabellos\">Seco<\/td>\n<\/tr>\n<tr>\n<th class=\"col label\" scope=\"row\">Velocidad de calentamiento<\/th>\n<td class=\"col data\" data-th=\"Velocidad de calentamiento\">60 s<\/td>\n<\/tr>\n<tr>\n<th class=\"col label\" scope=\"row\">Voltaje<\/th>\n<td class=\"col data\" data-th=\"Voltaje\">120V\/240V<\/td>\n<\/tr>\n<tr>\n<th class=\"col label\" scope=\"row\">Ancho de las placas<\/th>\n<td class=\"col data\" data-th=\"Ancho de las placas\">2.54 cm<\/td>\n<\/tr>\n<tr>\n<th class=\"col label\" scope=\"row\">Impuesto interno<\/th>\n<td class=\"col data\" data-th=\"Impuesto interno\">0 %<\/td>\n<\/tr>\n<tr>\n<th class=\"col label\" scope=\"row\">IVA<\/th>\n<td class=\"col data\" data-th=\"IVA\">21 %<\/td>\n<\/tr>\n<tr>\n<th class=\"col label\" scope=\"row\">Es apto para cabello seco y h\u00famedo<\/th>\n<td class=\"col data\" data-th=\"Es apto para cabello seco y h\u00famedo\">No<\/td>\n<\/tr>\n<tr>\n<th class=\"col label\" scope=\"row\">Es inal\u00e1mbrico<\/th>\n<td class=\"col data\" data-th=\"Es inal\u00e1mbrico\">No<\/td>\n<\/tr>\n<tr>\n<th class=\"col label\" scope=\"row\">Es i\u00f3nico<\/th>\n<td class=\"col data\" data-th=\"Es i\u00f3nico\">S\u00ed<\/td>\n<\/tr>\n<\/tbody>\n<\/table>\n","protected":false},"excerpt":{"rendered":"<p>PLANCHA DE CABELLO REMINGTON S1305- PLACAS DE CERAMICA, USO SECO La plancha de cabello Remington con placas recubiertas de Cer\u00e1mica y Tecnolog\u00eda Antiest\u00e1tica que ofrece 2 veces m\u00e1s protecci\u00f3n* y 50% menos est\u00e1tica. &#8211; Medida de las placas: 2,54cm \/ 1 &#8211; Temperatura m\u00e1xima: 210\u00b0C (410\u00b0F) &#8211; Bot\u00f3n de Encendido y Apagado &#8211; Calentamiento en [&hellip;]<\/p>\n","protected":false},"featured_media":4108,"comment_status":"closed","ping_status":"closed","template":"","meta":{"advanced_seo_description":"","jetpack_seo_html_title":"","jetpack_seo_noindex":false,"_joinchat":[]},"product_brand":[],"product_cat":[55,142],"product_tag":[],"class_list":{"0":"post-4107","1":"product","2":"type-product","3":"status-publish","4":"has-post-thumbnail","6":"product_cat-electro-hogar","7":"product_cat-plancha-de-pelo","9":"first","10":"instock","11":"taxable","12":"shipping-taxable","13":"purchasable","14":"product-type-simple"},"jetpack_sharing_enabled":true,"_links":{"self":[{"href":"https:\/\/techno-rc.com.ar\/tienda\/wp-json\/wp\/v2\/product\/4107","targetHints":{"allow":["GET"]}}],"collection":[{"href":"https:\/\/techno-rc.com.ar\/tienda\/wp-json\/wp\/v2\/product"}],"about":[{"href":"https:\/\/techno-rc.com.ar\/tienda\/wp-json\/wp\/v2\/types\/product"}],"replies":[{"embeddable":true,"href":"https:\/\/techno-rc.com.ar\/tienda\/wp-json\/wp\/v2\/comments?post=4107"}],"wp:featuredmedia":[{"embeddable":true,"href":"https:\/\/techno-rc.com.ar\/tienda\/wp-json\/wp\/v2\/media\/4108"}],"wp:attachment":[{"href":"https:\/\/techno-rc.com.ar\/tienda\/wp-json\/wp\/v2\/media?parent=4107"}],"wp:term":[{"taxonomy":"product_brand","embeddable":true,"href":"https:\/\/techno-rc.com.ar\/tienda\/wp-json\/wp\/v2\/product_brand?post=4107"},{"taxonomy":"product_cat","embeddable":true,"href":"https:\/\/techno-rc.com.ar\/tienda\/wp-json\/wp\/v2\/product_cat?post=4107"},{"taxonomy":"product_tag","embeddable":true,"href":"https:\/\/techno-rc.com.ar\/tienda\/wp-json\/wp\/v2\/product_tag?post=4107"}],"curies":[{"name":"wp","href":"https:\/\/api.w.org\/{rel}","templated":true}]}}