{"id":4112,"date":"2025-06-02T16:21:06","date_gmt":"2025-06-02T19:21:06","guid":{"rendered":"https:\/\/techno-rc.com.ar\/tienda\/?post_type=product&#038;p=4112"},"modified":"2025-06-28T19:32:36","modified_gmt":"2025-06-28T22:32:36","slug":"plancha-de-cabello-remington-s27a-wet-2-straight-alisa-sobre-mojado-humedo-y-seco","status":"publish","type":"product","link":"https:\/\/techno-rc.com.ar\/tienda\/producto\/plancha-de-cabello-remington-s27a-wet-2-straight-alisa-sobre-mojado-humedo-y-seco\/","title":{"rendered":"PLANCHA DE CABELLO REMINGTON S27A WET 2 STRAIGHT &#8211; ALISA SOBRE MOJADO, HUMEDO Y SECO"},"content":{"rendered":"<table width=\"637\">\n<tbody>\n<tr>\n<td style=\"font-weight: 400\" width=\"637\">PLANCHA DE CABELLO REMINGTON S27A WET 2 STRAIGHT &#8211; ALISA SOBRE MOJADO, HUMEDO Y SECO<\/p>\n<p>No temas al ruido de tu alisadora, es el sonido de una revoluci\u00f3n con estilo. Seca y alisa en un solo paso. Esta plancha alisadora es segura para usar en cabello h\u00famedo debido al exclusivo sistema de ventilaci\u00f3n que elimina el exceso de agua como vapor durante el peinado. Garantia 12 meses<\/p>\n<table id=\"product-attribute-specs-table\" class=\"data table additional-attributes\">\n<tbody>\n<tr>\n<th class=\"col label\" scope=\"row\">SKU<\/th>\n<td class=\"col data\" data-th=\"SKU\">54331<\/td>\n<\/tr>\n<tr>\n<th class=\"col label\" scope=\"row\">Cantidad de niveles de temperatura<\/th>\n<td class=\"col data\" data-th=\"Cantidad de niveles de temperatura\">6<\/td>\n<\/tr>\n<tr>\n<th class=\"col label\" scope=\"row\">C\u00f3digo universal de producto<\/th>\n<td class=\"col data\" data-th=\"C\u00f3digo universal de producto\">074590555271<\/td>\n<\/tr>\n<tr>\n<th class=\"col label\" scope=\"row\">Color<\/th>\n<td class=\"col data\" data-th=\"Color\">Rosa<\/td>\n<\/tr>\n<tr>\n<th class=\"col label\" scope=\"row\">Color principal<\/th>\n<td class=\"col data\" data-th=\"Color principal\">Rosa<\/td>\n<\/tr>\n<tr>\n<th class=\"col label\" scope=\"row\">Con apagado autom\u00e1tico<\/th>\n<td class=\"col data\" data-th=\"Con apagado autom\u00e1tico\">S\u00ed<\/td>\n<\/tr>\n<tr>\n<th class=\"col label\" scope=\"row\">Con aro para colgar<\/th>\n<td class=\"col data\" data-th=\"Con aro para colgar\">No<\/td>\n<\/tr>\n<tr>\n<th class=\"col label\" scope=\"row\">Con cable giratorio<\/th>\n<td class=\"col data\" data-th=\"Con cable giratorio\">S\u00ed<\/td>\n<\/tr>\n<tr>\n<th class=\"col label\" scope=\"row\">Con emisi\u00f3n de vapor<\/th>\n<td class=\"col data\" data-th=\"Con emisi\u00f3n de vapor\">No<\/td>\n<\/tr>\n<tr>\n<th class=\"col label\" scope=\"row\">Con placas oscilantes<\/th>\n<td class=\"col data\" data-th=\"Con placas oscilantes\">No<\/td>\n<\/tr>\n<tr>\n<th class=\"col label\" scope=\"row\">Con punta fr\u00eda<\/th>\n<td class=\"col data\" data-th=\"Con punta fr\u00eda\">No<\/td>\n<\/tr>\n<tr>\n<th class=\"col label\" scope=\"row\">Con regulador de temperatura<\/th>\n<td class=\"col data\" data-th=\"Con regulador de temperatura\">S\u00ed<\/td>\n<\/tr>\n<tr>\n<th class=\"col label\" scope=\"row\">Condici\u00f3n del \u00edtem<\/th>\n<td class=\"col data\" data-th=\"Condici\u00f3n del \u00edtem\">Nuevo<\/td>\n<\/tr>\n<tr>\n<th class=\"col label\" scope=\"row\">Es apta para cabello seco y h\u00famedo<\/th>\n<td class=\"col data\" data-th=\"Es apta para cabello seco y h\u00famedo\">S\u00ed<\/td>\n<\/tr>\n<tr>\n<th class=\"col label\" scope=\"row\">Es inal\u00e1mbrica<\/th>\n<td class=\"col data\" data-th=\"Es inal\u00e1mbrica\">No<\/td>\n<\/tr>\n<tr>\n<th class=\"col label\" scope=\"row\">Es i\u00f3nica<\/th>\n<td class=\"col data\" data-th=\"Es i\u00f3nica\">S\u00ed<\/td>\n<\/tr>\n<tr>\n<th class=\"col label\" scope=\"row\">Es mini<\/th>\n<td class=\"col data\" data-th=\"Es mini\">No<\/td>\n<\/tr>\n<tr>\n<th class=\"col label\" scope=\"row\">Funciones<\/th>\n<td class=\"col data\" data-th=\"Funciones\">Bloqueo de temperatura,Bloqueo de placas,Sensor inteligente,Modo h\u00famedo,Cuidado i\u00f3nico<\/td>\n<\/tr>\n<tr>\n<th class=\"col label\" scope=\"row\">Largo del cable<\/th>\n<td class=\"col data\" data-th=\"Largo del cable\">1.8 m<\/td>\n<\/tr>\n<tr>\n<th class=\"col label\" scope=\"row\">L\u00ednea<\/th>\n<td class=\"col data\" data-th=\"L\u00ednea\">Wet2Straight<\/td>\n<\/tr>\n<tr>\n<th class=\"col label\" scope=\"row\">Materiales de las placas<\/th>\n<td class=\"col data\" data-th=\"Materiales de las placas\">Cer\u00e1mica<\/td>\n<\/tr>\n<tr>\n<th class=\"col label\" scope=\"row\">Modelo<\/th>\n<td class=\"col data\" data-th=\"Modelo\">S27A<\/td>\n<\/tr>\n<tr>\n<th class=\"col label\" scope=\"row\">Modelo alfanum\u00e9rico<\/th>\n<td class=\"col data\" data-th=\"Modelo alfanum\u00e9rico\">S27A<\/td>\n<\/tr>\n<tr>\n<th class=\"col label\" scope=\"row\">Piezas del set<\/th>\n<td class=\"col data\" data-th=\"Piezas del set\">2<\/td>\n<\/tr>\n<tr>\n<th class=\"col label\" scope=\"row\">Temperatura m\u00e1xima<\/th>\n<td class=\"col data\" data-th=\"Temperatura m\u00e1xima\">230 \u00b0C<\/td>\n<\/tr>\n<tr>\n<th class=\"col label\" scope=\"row\">Temperatura m\u00ednima<\/th>\n<td class=\"col data\" data-th=\"Temperatura m\u00ednima\">140 \u00b0C<\/td>\n<\/tr>\n<tr>\n<th class=\"col label\" scope=\"row\">Tipo de pantalla<\/th>\n<td class=\"col data\" data-th=\"Tipo de pantalla\">LCD<\/td>\n<\/tr>\n<tr>\n<th class=\"col label\" scope=\"row\">Tipos de cabellos<\/th>\n<td class=\"col data\" data-th=\"Tipos de cabellos\">Todo Tipo de Cabello<\/td>\n<\/tr>\n<tr>\n<th class=\"col label\" scope=\"row\">Velocidad de calentamiento<\/th>\n<td class=\"col data\" data-th=\"Velocidad de calentamiento\">30 s<\/td>\n<\/tr>\n<tr>\n<th class=\"col label\" scope=\"row\">Voltaje<\/th>\n<td class=\"col data\" data-th=\"Voltaje\">220V<\/td>\n<\/tr>\n<tr>\n<th class=\"col label\" scope=\"row\">Impuesto interno<\/th>\n<td class=\"col data\" data-th=\"Impuesto interno\">0 %<\/td>\n<\/tr>\n<tr>\n<th class=\"col label\" scope=\"row\">IVA<\/th>\n<td class=\"col data\" data-th=\"IVA\">21 %<\/td>\n<\/tr>\n<\/tbody>\n<\/table>\n<\/td>\n<\/tr>\n<\/tbody>\n<\/table>\n","protected":false},"excerpt":{"rendered":"<p>PLANCHA DE CABELLO REMINGTON S27A WET 2 STRAIGHT &#8211; ALISA SOBRE MOJADO, HUMEDO Y SECO No temas al ruido de tu alisadora, es el sonido de una revoluci\u00f3n con estilo. Seca y alisa en un solo paso. Esta plancha alisadora es segura para usar en cabello h\u00famedo debido al exclusivo sistema de ventilaci\u00f3n que elimina [&hellip;]<\/p>\n","protected":false},"featured_media":4113,"comment_status":"closed","ping_status":"closed","template":"","meta":{"advanced_seo_description":"","jetpack_seo_html_title":"","jetpack_seo_noindex":false,"_joinchat":[]},"product_brand":[],"product_cat":[55,142],"product_tag":[],"class_list":{"0":"post-4112","1":"product","2":"type-product","3":"status-publish","4":"has-post-thumbnail","6":"product_cat-electro-hogar","7":"product_cat-plancha-de-pelo","9":"first","10":"instock","11":"taxable","12":"shipping-taxable","13":"purchasable","14":"product-type-simple"},"jetpack_sharing_enabled":true,"_links":{"self":[{"href":"https:\/\/techno-rc.com.ar\/tienda\/wp-json\/wp\/v2\/product\/4112","targetHints":{"allow":["GET"]}}],"collection":[{"href":"https:\/\/techno-rc.com.ar\/tienda\/wp-json\/wp\/v2\/product"}],"about":[{"href":"https:\/\/techno-rc.com.ar\/tienda\/wp-json\/wp\/v2\/types\/product"}],"replies":[{"embeddable":true,"href":"https:\/\/techno-rc.com.ar\/tienda\/wp-json\/wp\/v2\/comments?post=4112"}],"wp:featuredmedia":[{"embeddable":true,"href":"https:\/\/techno-rc.com.ar\/tienda\/wp-json\/wp\/v2\/media\/4113"}],"wp:attachment":[{"href":"https:\/\/techno-rc.com.ar\/tienda\/wp-json\/wp\/v2\/media?parent=4112"}],"wp:term":[{"taxonomy":"product_brand","embeddable":true,"href":"https:\/\/techno-rc.com.ar\/tienda\/wp-json\/wp\/v2\/product_brand?post=4112"},{"taxonomy":"product_cat","embeddable":true,"href":"https:\/\/techno-rc.com.ar\/tienda\/wp-json\/wp\/v2\/product_cat?post=4112"},{"taxonomy":"product_tag","embeddable":true,"href":"https:\/\/techno-rc.com.ar\/tienda\/wp-json\/wp\/v2\/product_tag?post=4112"}],"curies":[{"name":"wp","href":"https:\/\/api.w.org\/{rel}","templated":true}]}}