{"id":4279,"date":"2025-06-30T18:54:55","date_gmt":"2025-06-30T21:54:55","guid":{"rendered":"https:\/\/techno-rc.com.ar\/tienda\/?post_type=product&#038;p=4279"},"modified":"2025-06-30T18:57:29","modified_gmt":"2025-06-30T21:57:29","slug":"smart-tv-70-pulgadas-uhd-4k-vidaa-hisense","status":"publish","type":"product","link":"https:\/\/techno-rc.com.ar\/tienda\/producto\/smart-tv-70-pulgadas-uhd-4k-vidaa-hisense\/","title":{"rendered":"Smart Tv 70&#8243; Pulgadas UHD 4K Vidaa HISENSE"},"content":{"rendered":"<ul data-oe-version=\"1.2\">\n<li>Potencia de salida 8W RMS (x2)<\/li>\n<li>Su resoluci\u00f3n 4K<\/li>\n<li>Sistema operativo Vidaa<\/li>\n<li>Conexi\u00f3n wifi<\/li>\n<li>Apps integradas Netflix,primer Video, Youtube<\/li>\n<li>Tecnolog\u00eda LED<\/li>\n<li>Conectividad Wi-Fi, Bluetooth<\/li>\n<li>3 Entradas HDMI<\/li>\n<li>2 USB<\/li>\n<li>Salida de Auriculares<\/li>\n<\/ul>\n<p>acerca de Smart Tv Led 70 Pulgadas Hisense Vidaa Voice 4K Uhd Negro<\/p>\n<p>&nbsp;<\/p>\n<p><strong>\u00a1Experimenta el entretenimiento en su m\u00e1ximo esplendor!<\/strong><\/p>\n<p><strong>La Smart Tv Led 70 Pulgadas VIDAA Voice 4K UHD Negro Hisense<\/strong>\u00a0ofrece una combinaci\u00f3n de tama\u00f1o, calidad de imagen y funciones inteligentes que te permitira disfrutar de un entretenimiento superior en la comodidad de tu hogar. Cuenta con un sistema operativo inteligente que brinda acceso r\u00e1pido y f\u00e1cil a una amplia gama de aplicaciones, contenido en l\u00ednea y servicios de transmisi\u00f3n.<\/p>\n<p>Incorpora tecnolog\u00eda de mejora de imagen avanzada para ofrecerte colores vibrantes, contraste impresionante y un alto nivel de realismo en las im\u00e1genes. Presenta un dise\u00f1o moderno y elegante que se adapta perfectamente a cualquier espacio. Viv\u00ed en 4K<\/p>\n<p>La cantidad de pixeles que ofrece es 4 veces mayor que la Full HD, \u00bfel resultado? Escenas mucho m\u00e1s realistas y con un nivel de detalle incre\u00edble. Ahora vas a conocer una aventura de inmersi\u00f3n que no va a dejar de sorprenderte<\/p>\n","protected":false},"excerpt":{"rendered":"<p>Potencia de salida 8W RMS (x2) Su resoluci\u00f3n 4K Sistema operativo Vidaa Conexi\u00f3n wifi Apps integradas Netflix,primer Video, Youtube Tecnolog\u00eda LED Conectividad Wi-Fi, Bluetooth 3 Entradas HDMI 2 USB Salida de Auriculares acerca de Smart Tv Led 70 Pulgadas Hisense Vidaa Voice 4K Uhd Negro &nbsp; \u00a1Experimenta el entretenimiento en su m\u00e1ximo esplendor! La Smart [&hellip;]<\/p>\n","protected":false},"featured_media":4289,"comment_status":"open","ping_status":"closed","template":"","meta":{"advanced_seo_description":"","jetpack_seo_html_title":"","jetpack_seo_noindex":false,"_joinchat":[]},"product_brand":[],"product_cat":[55,113],"product_tag":[],"class_list":{"0":"post-4279","1":"product","2":"type-product","3":"status-publish","4":"has-post-thumbnail","6":"product_cat-electro-hogar","7":"product_cat-smart-tv","9":"first","10":"instock","11":"taxable","12":"shipping-taxable","13":"purchasable","14":"product-type-simple"},"jetpack_sharing_enabled":true,"_links":{"self":[{"href":"https:\/\/techno-rc.com.ar\/tienda\/wp-json\/wp\/v2\/product\/4279","targetHints":{"allow":["GET"]}}],"collection":[{"href":"https:\/\/techno-rc.com.ar\/tienda\/wp-json\/wp\/v2\/product"}],"about":[{"href":"https:\/\/techno-rc.com.ar\/tienda\/wp-json\/wp\/v2\/types\/product"}],"replies":[{"embeddable":true,"href":"https:\/\/techno-rc.com.ar\/tienda\/wp-json\/wp\/v2\/comments?post=4279"}],"wp:featuredmedia":[{"embeddable":true,"href":"https:\/\/techno-rc.com.ar\/tienda\/wp-json\/wp\/v2\/media\/4289"}],"wp:attachment":[{"href":"https:\/\/techno-rc.com.ar\/tienda\/wp-json\/wp\/v2\/media?parent=4279"}],"wp:term":[{"taxonomy":"product_brand","embeddable":true,"href":"https:\/\/techno-rc.com.ar\/tienda\/wp-json\/wp\/v2\/product_brand?post=4279"},{"taxonomy":"product_cat","embeddable":true,"href":"https:\/\/techno-rc.com.ar\/tienda\/wp-json\/wp\/v2\/product_cat?post=4279"},{"taxonomy":"product_tag","embeddable":true,"href":"https:\/\/techno-rc.com.ar\/tienda\/wp-json\/wp\/v2\/product_tag?post=4279"}],"curies":[{"name":"wp","href":"https:\/\/api.w.org\/{rel}","templated":true}]}}