{"id":4365,"date":"2025-07-07T17:29:30","date_gmt":"2025-07-07T20:29:30","guid":{"rendered":"https:\/\/techno-rc.com.ar\/tienda\/?post_type=product&#038;p=4365"},"modified":"2025-07-07T17:29:31","modified_gmt":"2025-07-07T20:29:31","slug":"disco-ssd-adata-legend-710-1tb-m2-nvme-box-aleg-710-1tcs","status":"publish","type":"product","link":"https:\/\/techno-rc.com.ar\/tienda\/producto\/disco-ssd-adata-legend-710-1tb-m2-nvme-box-aleg-710-1tcs\/","title":{"rendered":"DISCO SSD ADATA LEGEND 710 1TB M2 NVME BOX (ALEG-710-1TCS)"},"content":{"rendered":"<p>DISCO SSD INTERNO ADATA LEGEND 710 \u2022 Interfaz PCIe Gen3 x4 \u2022 Rendimiento de lectura\/escritura sobresaliente \u2022 Disipador de calor que reduce las temperaturas hasta un 15 % \u2022 Adecuado para creadores que buscan mejorar su equipo \u2022 Capacidades elevadas \u2022 Compatible con NVMe 1.4 \u2022 Cifrado LDPC y AES de 256 bits \u2022 Soporte para b\u00fafer de memoria del host (HMB) El LEGEND 710 utiliza PCIe Gen3 x4 y NVMe 1.4 para alcanzar velocidades de lectura y escritura de hasta 2400\/1800 MB por segundo. Su formato M.2 2280 es compatible con plataformas Intel y AMD actuales, tanto en PC de escritorio como port\u00e1tiles. El disipador de calor del LEGEND 710, con un dise\u00f1o discreto y elegante en azul y detalles dorados, mantiene las temperaturas bajas para un rendimiento y estabilidad mejorados. Equipado con almacenamiento en cach\u00e9 SLC y tecnolog\u00eda HMB para una productividad eficiente. Con LDPC y cifrado AES de 256 bits, el LEGEND 710 asegura la precisi\u00f3n en la transmisi\u00f3n de datos y protecci\u00f3n de la informaci\u00f3n. E S P E C I F I C A C I O N E S \u2022 Capacidad: 1TB \u2022 Factor de forma: M.2 2280 \u2022 Flash NAND: NAND 3D \u2022 Controlador: RTS5766DL \u2022 Dimensiones: 80 x 22 x 3,13 mm \/ 3,15 x 0,87 x 0,13 pulgadas (con disipador de calor) \u2022 80 x 22 x 2,15 mm \/ 3,15 x 0,87 x 0,09 pulgadas (sin disipador de calor) \u2022 Peso: 9 g \/ 0,32 oz (con disipador de calor) \u2022 6,2 g\/0,22 oz (sin disipador de calor) \u2022 Lectura secuencial: Hasta 2400 MB\/s \u2022 Escritura secuencial: Hasta 1800 MB\/s \u2022 IOPS de lectura aleatoria de 4 KB: Hasta 200 K \u2022 IOPS de escritura aleatoria de 4 KB: Hasta 150 000 \u2022 Temperatura de funcionamiento: 0\u00b0C &#8211; 70\u00b0C \u2022 Temperatura de almacenamiento: -40\u00b0C &#8211; 85\u00b0C \u2022 Resistencia a golpes: 1500G\/0.5ms \u2022 MTBF: 1.500.000 horas \u2022 Terabytes escritos (TBW): 260 TB * El rendimiento puede variar seg\u00fan la capacidad del SSD, el hardware y el software del host, el sistema operativo y otras variables del sistema. ** El valor es la cantidad m\u00ednima de terabytes escritos que se podr\u00eda alcanzar.<\/p>\n<table id=\"product-attribute-specs-table\" class=\"data table additional-attributes\">\n<caption class=\"table-caption\">M\u00e1s informaci\u00f3n<\/caption>\n<tbody>\n<tr>\n<th class=\"col label\" scope=\"row\">SKU<\/th>\n<td class=\"col data\" data-th=\"SKU\">68799<\/td>\n<\/tr>\n<tr>\n<th class=\"col label\" scope=\"row\">Aplicaciones<\/th>\n<td class=\"col data\" data-th=\"Aplicaciones\">PC<\/td>\n<\/tr>\n<tr>\n<th class=\"col label\" scope=\"row\">Capacidad<\/th>\n<td class=\"col data\" data-th=\"Capacidad\">1 TB<\/td>\n<\/tr>\n<tr>\n<th class=\"col label\" scope=\"row\">C\u00f3digo universal de producto<\/th>\n<td class=\"col data\" data-th=\"C\u00f3digo universal de producto\">4711085937841<\/td>\n<\/tr>\n<tr>\n<th class=\"col label\" scope=\"row\">Color<\/th>\n<td class=\"col data\" data-th=\"Color\">Azul<\/td>\n<\/tr>\n<tr>\n<th class=\"col label\" scope=\"row\">Condici\u00f3n del \u00edtem<\/th>\n<td class=\"col data\" data-th=\"Condici\u00f3n del \u00edtem\">Nuevo<\/td>\n<\/tr>\n<tr>\n<th class=\"col label\" scope=\"row\">Factor de forma del disco r\u00edgido y SSD<\/th>\n<td class=\"col data\" data-th=\"Factor de forma del disco r\u00edgido y SSD\">M.2 2280<\/td>\n<\/tr>\n<tr>\n<th class=\"col label\" scope=\"row\">Interfaces<\/th>\n<td class=\"col data\" data-th=\"Interfaces\">Pclegen3x4<\/td>\n<\/tr>\n<tr>\n<th class=\"col label\" scope=\"row\">L\u00ednea<\/th>\n<td class=\"col data\" data-th=\"L\u00ednea\">LEGEND 710<\/td>\n<\/tr>\n<tr>\n<th class=\"col label\" scope=\"row\">Modelo<\/th>\n<td class=\"col data\" data-th=\"Modelo\">ALEG-710-1TCS<\/td>\n<\/tr>\n<tr>\n<th class=\"col label\" scope=\"row\">Peso<\/th>\n<td class=\"col data\" data-th=\"Peso\">1 kg<\/td>\n<\/tr>\n<tr>\n<th class=\"col label\" scope=\"row\">Temperatura de funcionamiento<\/th>\n<td class=\"col data\" data-th=\"Temperatura de funcionamiento\">0 \u00b0C &#8211; 70 \u00b0C<\/td>\n<\/tr>\n<tr>\n<th class=\"col label\" scope=\"row\">Tipo de disco r\u00edgido y SSD externo<\/th>\n<td class=\"col data\" data-th=\"Tipo de disco r\u00edgido y SSD externo\">De escritorio\/Port\u00e1til<\/td>\n<\/tr>\n<tr>\n<th class=\"col label\" scope=\"row\">Ubicaci\u00f3n del disco r\u00edgido y SSD<\/th>\n<td class=\"col data\" data-th=\"Ubicaci\u00f3n del disco r\u00edgido y SSD\">Interno<\/td>\n<\/tr>\n<tr>\n<th class=\"col label\" scope=\"row\">Impuesto interno<\/th>\n<td class=\"col data\" data-th=\"Impuesto interno\">0 %<\/td>\n<\/tr>\n<tr>\n<th class=\"col label\" scope=\"row\">IVA<\/th>\n<td class=\"col data\" data-th=\"IVA\">10.5 %<\/td>\n<\/tr>\n<tr>\n<th class=\"col label\" scope=\"row\">Tipo de almacenamiento del disco<\/th>\n<td class=\"col data\" data-th=\"Tipo de almacenamiento del disco\">SSD<\/td>\n<\/tr>\n<\/tbody>\n<\/table>\n","protected":false},"excerpt":{"rendered":"<p>DISCO SSD INTERNO ADATA LEGEND 710 \u2022 Interfaz PCIe Gen3 x4 \u2022 Rendimiento de lectura\/escritura sobresaliente \u2022 Disipador de calor que reduce las temperaturas hasta un 15 % \u2022 Adecuado para creadores que buscan mejorar su equipo \u2022 Capacidades elevadas \u2022 Compatible con NVMe 1.4 \u2022 Cifrado LDPC y AES de 256 bits \u2022 Soporte &hellip;<\/p>\n<p class=\"read-more\"> <a class=\" thunk-readmore button \" href=\"https:\/\/techno-rc.com.ar\/tienda\/producto\/disco-ssd-adata-legend-710-1tb-m2-nvme-box-aleg-710-1tcs\/\"> <span class=\"screen-reader-text\">DISCO SSD ADATA LEGEND 710 1TB M2 NVME BOX (ALEG-710-1TCS)<\/span>Leer m\u00e1s<\/a><\/p>\n","protected":false},"featured_media":4368,"comment_status":"open","ping_status":"closed","template":"","meta":{"advanced_seo_description":"","jetpack_seo_html_title":"","jetpack_seo_noindex":false,"_joinchat":[]},"product_brand":[],"product_cat":[136,33],"product_tag":[],"class_list":{"0":"post-4365","1":"product","2":"type-product","3":"status-publish","4":"has-post-thumbnail","6":"product_cat-disco-ssd","7":"product_cat-insformatica","8":"thunk-woo-product-list","9":"opn-qv-enable","10":"open-woo-hover-none","11":"open-single-product-tab-horizontal","12":"open-shadow-","13":"open-shadow-hover-","15":"first","16":"instock","17":"taxable","18":"shipping-taxable","19":"purchasable","20":"product-type-simple"},"jetpack_sharing_enabled":true,"_links":{"self":[{"href":"https:\/\/techno-rc.com.ar\/tienda\/wp-json\/wp\/v2\/product\/4365","targetHints":{"allow":["GET"]}}],"collection":[{"href":"https:\/\/techno-rc.com.ar\/tienda\/wp-json\/wp\/v2\/product"}],"about":[{"href":"https:\/\/techno-rc.com.ar\/tienda\/wp-json\/wp\/v2\/types\/product"}],"replies":[{"embeddable":true,"href":"https:\/\/techno-rc.com.ar\/tienda\/wp-json\/wp\/v2\/comments?post=4365"}],"wp:featuredmedia":[{"embeddable":true,"href":"https:\/\/techno-rc.com.ar\/tienda\/wp-json\/wp\/v2\/media\/4368"}],"wp:attachment":[{"href":"https:\/\/techno-rc.com.ar\/tienda\/wp-json\/wp\/v2\/media?parent=4365"}],"wp:term":[{"taxonomy":"product_brand","embeddable":true,"href":"https:\/\/techno-rc.com.ar\/tienda\/wp-json\/wp\/v2\/product_brand?post=4365"},{"taxonomy":"product_cat","embeddable":true,"href":"https:\/\/techno-rc.com.ar\/tienda\/wp-json\/wp\/v2\/product_cat?post=4365"},{"taxonomy":"product_tag","embeddable":true,"href":"https:\/\/techno-rc.com.ar\/tienda\/wp-json\/wp\/v2\/product_tag?post=4365"}],"curies":[{"name":"wp","href":"https:\/\/api.w.org\/{rel}","templated":true}]}}