{"id":4369,"date":"2025-07-07T17:36:03","date_gmt":"2025-07-07T20:36:03","guid":{"rendered":"https:\/\/techno-rc.com.ar\/tienda\/?post_type=product&#038;p=4369"},"modified":"2025-07-07T17:36:03","modified_gmt":"2025-07-07T20:36:03","slug":"disco-ssd-adata-legend-710-2tb-m2-nvme-box-aleg-710-2tcs-2","status":"publish","type":"product","link":"https:\/\/techno-rc.com.ar\/tienda\/producto\/disco-ssd-adata-legend-710-2tb-m2-nvme-box-aleg-710-2tcs-2\/","title":{"rendered":"DISCO SSD ADATA LEGEND 710 2TB M2 NVME BOX (ALEG-710-2TCS)"},"content":{"rendered":"<p>Adata, empresa taiwanesa de renombre internacional se encarga de producir dispositivos de almacenamiento con un alto est\u00e1ndar de calidad. Estos te permiten resguardar tus archivos de manera segura. El ALEG-710-2TCS est\u00e1 adaptado para que puedas acceder de forma r\u00e1pida a tus documentos digitales gracias a su tecnolog\u00eda en estado s\u00f3lido. M\u00e1s velocidad a tu alcance Este disco transfiere datos a trav\u00e9s de una interfaz Pci express 3.0, lo que te brindar\u00e1 trasmitir una mayor cantidad de informaci\u00f3n. Descripci\u00f3n Capacidad 2TB Interfaz PCIe Gen3 x4 Excelente rendimiento de lectura\/escritura Disipador que mantiene las cosas un 15 % m\u00e1s fr\u00edas Gran opci\u00f3n de actualizaci\u00f3n para creadores Capacidad para soportar NVMe 1.4 LDPC y cifrado AES de 256 bits Capacidad para soportar la tecnolog\u00eda Host Memory Buffer (HMB) Caracter\u00edsticas generales Marca Adata Modelo ALEG-710-2TCS Color Azul marino Peso y dimensiones Ancho 22 mm Altura 3,13 mm Peso 9 g Otros Con disipador de calor S\u00ed Almacenamiento Capacidad 2 TB Tecnolog\u00eda de almacenamiento SSD Especificaciones Interfaces Pci express 3.0 Aplicaciones PC Ubicaci\u00f3n del disco r\u00edgido y SSD Interno Tipo de disco r\u00edgido y SSD externo De escritorio Factor de forma del disco r\u00edgido y SSD M.2 Temperatura de funcionamiento 0 &#8211; 70\u00b0C (TT<\/p>\n<table id=\"product-attribute-specs-table\" class=\"data table additional-attributes\">\n<caption class=\"table-caption\">M\u00e1s informaci\u00f3n<\/caption>\n<tbody>\n<tr>\n<th class=\"col label\" scope=\"row\">SKU<\/th>\n<td class=\"col data\" data-th=\"SKU\">72314<\/td>\n<\/tr>\n<tr>\n<th class=\"col label\" scope=\"row\">Altura<\/th>\n<td class=\"col data\" data-th=\"Altura\">0.313 cm<\/td>\n<\/tr>\n<tr>\n<th class=\"col label\" scope=\"row\">Ancho<\/th>\n<td class=\"col data\" data-th=\"Ancho\">2.2 cm<\/td>\n<\/tr>\n<tr>\n<th class=\"col label\" scope=\"row\">Aplicaciones<\/th>\n<td class=\"col data\" data-th=\"Aplicaciones\">PC<\/td>\n<\/tr>\n<tr>\n<th class=\"col label\" scope=\"row\">Capacidad<\/th>\n<td class=\"col data\" data-th=\"Capacidad\">2 TB<\/td>\n<\/tr>\n<tr>\n<th class=\"col label\" scope=\"row\">C\u00f3digo universal de producto<\/th>\n<td class=\"col data\" data-th=\"C\u00f3digo universal de producto\">4711085939470<\/td>\n<\/tr>\n<tr>\n<th class=\"col label\" scope=\"row\">Color<\/th>\n<td class=\"col data\" data-th=\"Color\">Azul marino<\/td>\n<\/tr>\n<tr>\n<th class=\"col label\" scope=\"row\">Con disipador de calor<\/th>\n<td class=\"col data\" data-th=\"Con disipador de calor\">S\u00ed<\/td>\n<\/tr>\n<tr>\n<th class=\"col label\" scope=\"row\">Condici\u00f3n del \u00edtem<\/th>\n<td class=\"col data\" data-th=\"Condici\u00f3n del \u00edtem\">Nuevo<\/td>\n<\/tr>\n<tr>\n<th class=\"col label\" scope=\"row\">Factor de forma del disco r\u00edgido y SSD<\/th>\n<td class=\"col data\" data-th=\"Factor de forma del disco r\u00edgido y SSD\">M.2<\/td>\n<\/tr>\n<tr>\n<th class=\"col label\" scope=\"row\">Interfaces<\/th>\n<td class=\"col data\" data-th=\"Interfaces\">Pci express 3.0<\/td>\n<\/tr>\n<tr>\n<th class=\"col label\" scope=\"row\">Modelo<\/th>\n<td class=\"col data\" data-th=\"Modelo\">ALEG-710-2TCS<\/td>\n<\/tr>\n<tr>\n<th class=\"col label\" scope=\"row\">Peso<\/th>\n<td class=\"col data\" data-th=\"Peso\">9 g<\/td>\n<\/tr>\n<tr>\n<th class=\"col label\" scope=\"row\">Temperatura de funcionamiento<\/th>\n<td class=\"col data\" data-th=\"Temperatura de funcionamiento\">0 &#8211; 70\u00b0C (TT)<\/td>\n<\/tr>\n<tr>\n<th class=\"col label\" scope=\"row\">Tipo de disco r\u00edgido y SSD externo<\/th>\n<td class=\"col data\" data-th=\"Tipo de disco r\u00edgido y SSD externo\">De escritorio<\/td>\n<\/tr>\n<tr>\n<th class=\"col label\" scope=\"row\">Ubicaci\u00f3n del disco r\u00edgido y SSD<\/th>\n<td class=\"col data\" data-th=\"Ubicaci\u00f3n del disco r\u00edgido y SSD\">Interno<\/td>\n<\/tr>\n<tr>\n<th class=\"col label\" scope=\"row\">Impuesto interno<\/th>\n<td class=\"col data\" data-th=\"Impuesto interno\">0 %<\/td>\n<\/tr>\n<tr>\n<th class=\"col label\" scope=\"row\">IVA<\/th>\n<td class=\"col data\" data-th=\"IVA\">10.5 %<\/td>\n<\/tr>\n<tr>\n<th class=\"col label\" scope=\"row\">Tipo de almacenamiento del disco<\/th>\n<td class=\"col data\" data-th=\"Tipo de almacenamiento del disco\">SSD<\/td>\n<\/tr>\n<\/tbody>\n<\/table>\n","protected":false},"excerpt":{"rendered":"<p>Adata, empresa taiwanesa de renombre internacional se encarga de producir dispositivos de almacenamiento con un alto est\u00e1ndar de calidad. Estos te permiten resguardar tus archivos de manera segura. El ALEG-710-2TCS est\u00e1 adaptado para que puedas acceder de forma r\u00e1pida a tus documentos digitales gracias a su tecnolog\u00eda en estado s\u00f3lido. M\u00e1s velocidad a tu alcance &hellip;<\/p>\n<p class=\"read-more\"> <a class=\" thunk-readmore button \" href=\"https:\/\/techno-rc.com.ar\/tienda\/producto\/disco-ssd-adata-legend-710-2tb-m2-nvme-box-aleg-710-2tcs-2\/\"> <span class=\"screen-reader-text\">DISCO SSD ADATA LEGEND 710 2TB M2 NVME BOX (ALEG-710-2TCS)<\/span>Leer m\u00e1s<\/a><\/p>\n","protected":false},"featured_media":4371,"comment_status":"open","ping_status":"closed","template":"","meta":{"advanced_seo_description":"","jetpack_seo_html_title":"","jetpack_seo_noindex":false,"_joinchat":[]},"product_brand":[],"product_cat":[136,33],"product_tag":[],"class_list":{"0":"post-4369","1":"product","2":"type-product","3":"status-publish","4":"has-post-thumbnail","6":"product_cat-disco-ssd","7":"product_cat-insformatica","8":"thunk-woo-product-list","9":"opn-qv-enable","10":"open-woo-hover-none","11":"open-single-product-tab-horizontal","12":"open-shadow-","13":"open-shadow-hover-","15":"first","16":"instock","17":"taxable","18":"shipping-taxable","19":"purchasable","20":"product-type-simple"},"jetpack_sharing_enabled":true,"_links":{"self":[{"href":"https:\/\/techno-rc.com.ar\/tienda\/wp-json\/wp\/v2\/product\/4369","targetHints":{"allow":["GET"]}}],"collection":[{"href":"https:\/\/techno-rc.com.ar\/tienda\/wp-json\/wp\/v2\/product"}],"about":[{"href":"https:\/\/techno-rc.com.ar\/tienda\/wp-json\/wp\/v2\/types\/product"}],"replies":[{"embeddable":true,"href":"https:\/\/techno-rc.com.ar\/tienda\/wp-json\/wp\/v2\/comments?post=4369"}],"wp:featuredmedia":[{"embeddable":true,"href":"https:\/\/techno-rc.com.ar\/tienda\/wp-json\/wp\/v2\/media\/4371"}],"wp:attachment":[{"href":"https:\/\/techno-rc.com.ar\/tienda\/wp-json\/wp\/v2\/media?parent=4369"}],"wp:term":[{"taxonomy":"product_brand","embeddable":true,"href":"https:\/\/techno-rc.com.ar\/tienda\/wp-json\/wp\/v2\/product_brand?post=4369"},{"taxonomy":"product_cat","embeddable":true,"href":"https:\/\/techno-rc.com.ar\/tienda\/wp-json\/wp\/v2\/product_cat?post=4369"},{"taxonomy":"product_tag","embeddable":true,"href":"https:\/\/techno-rc.com.ar\/tienda\/wp-json\/wp\/v2\/product_tag?post=4369"}],"curies":[{"name":"wp","href":"https:\/\/api.w.org\/{rel}","templated":true}]}}