{"id":4446,"date":"2025-07-16T13:07:01","date_gmt":"2025-07-16T16:07:01","guid":{"rendered":"https:\/\/techno-rc.com.ar\/tienda\/?post_type=product&#038;p=4446"},"modified":"2025-07-16T13:08:47","modified_gmt":"2025-07-16T16:08:47","slug":"lampara-velador-led-recargable-touch-tactil-metal-sd-018","status":"publish","type":"product","link":"https:\/\/techno-rc.com.ar\/tienda\/producto\/lampara-velador-led-recargable-touch-tactil-metal-sd-018\/","title":{"rendered":"L\u00c1MPARA VELADOR LED RECARGABLE TOUCH T\u00c1CTIL METAL SD-018"},"content":{"rendered":"<p data-oe-version=\"1.2\">ESPECIFICACIONES:<\/p>\n<p>\u0095 Medidas:<\/p>\n<p>-Di\u00e1metro (luz): 10 CM<\/p>\n<p>-Alto: 24 CM<\/p>\n<p>-Di\u00e1metro (base): 9 CM<\/p>\n<p>\u0095 Contiene bot\u00f3n encendido\/apagado en la parte superior<\/p>\n<p>\u0095 Forma de encendido: Touch<\/p>\n<p>\u0095 Tiene 3 intensidades de luz diferentes (fr\u00eda, c\u00e1lida y m\u00e1s c\u00e1lida)<\/p>\n<p>\u0095 Tipo de fuente de luz: Luz LED<\/p>\n<p>\u0095 Potencia: 3 W<\/p>\n<p>\u0095 Temperatura de color: 3.000 K<\/p>\n<p>\u0095 Voltaje: 5 V<\/p>\n<p>\u0095 Capacidad de bater\u00eda: 1.800 mAh<\/p>\n<p>\u0095 L\u00famens: 200 LM<\/p>\n<p>\u0095 De uso interior<\/p>\n<p>\u0095 Tiempo de carga: 3-4 h<\/p>\n<p>\u0095 Tiempo de funcionamiento: 5-8 h<\/p>\n<p>\u0095 Incluye: Cable USB tipo C, para poder cargarla<\/p>\n<p>\u0095 Material: Metal + Pl\u00e1stico<\/p>\n","protected":false},"excerpt":{"rendered":"<p>ESPECIFICACIONES: \u0095 Medidas: -Di\u00e1metro (luz): 10 CM -Alto: 24 CM -Di\u00e1metro (base): 9 CM \u0095 Contiene bot\u00f3n encendido\/apagado en la parte superior \u0095 Forma de encendido: Touch \u0095 Tiene 3 intensidades de luz diferentes (fr\u00eda, c\u00e1lida y m\u00e1s c\u00e1lida) \u0095 Tipo de fuente de luz: Luz LED \u0095 Potencia: 3 W \u0095 Temperatura de color: [&hellip;]<\/p>\n","protected":false},"featured_media":4451,"comment_status":"open","ping_status":"closed","template":"","meta":{"advanced_seo_description":"","jetpack_seo_html_title":"","jetpack_seo_noindex":false,"_joinchat":[]},"product_brand":[],"product_cat":[55,160],"product_tag":[],"class_list":{"0":"post-4446","1":"product","2":"type-product","3":"status-publish","4":"has-post-thumbnail","6":"product_cat-electro-hogar","7":"product_cat-lamparas","9":"first","10":"instock","11":"taxable","12":"shipping-taxable","13":"purchasable","14":"product-type-simple"},"jetpack_sharing_enabled":true,"_links":{"self":[{"href":"https:\/\/techno-rc.com.ar\/tienda\/wp-json\/wp\/v2\/product\/4446","targetHints":{"allow":["GET"]}}],"collection":[{"href":"https:\/\/techno-rc.com.ar\/tienda\/wp-json\/wp\/v2\/product"}],"about":[{"href":"https:\/\/techno-rc.com.ar\/tienda\/wp-json\/wp\/v2\/types\/product"}],"replies":[{"embeddable":true,"href":"https:\/\/techno-rc.com.ar\/tienda\/wp-json\/wp\/v2\/comments?post=4446"}],"wp:featuredmedia":[{"embeddable":true,"href":"https:\/\/techno-rc.com.ar\/tienda\/wp-json\/wp\/v2\/media\/4451"}],"wp:attachment":[{"href":"https:\/\/techno-rc.com.ar\/tienda\/wp-json\/wp\/v2\/media?parent=4446"}],"wp:term":[{"taxonomy":"product_brand","embeddable":true,"href":"https:\/\/techno-rc.com.ar\/tienda\/wp-json\/wp\/v2\/product_brand?post=4446"},{"taxonomy":"product_cat","embeddable":true,"href":"https:\/\/techno-rc.com.ar\/tienda\/wp-json\/wp\/v2\/product_cat?post=4446"},{"taxonomy":"product_tag","embeddable":true,"href":"https:\/\/techno-rc.com.ar\/tienda\/wp-json\/wp\/v2\/product_tag?post=4446"}],"curies":[{"name":"wp","href":"https:\/\/api.w.org\/{rel}","templated":true}]}}