{"id":4544,"date":"2025-07-17T12:11:01","date_gmt":"2025-07-17T15:11:01","guid":{"rendered":"https:\/\/techno-rc.com.ar\/tienda\/?post_type=product&#038;p=4544"},"modified":"2025-08-04T11:57:26","modified_gmt":"2025-08-04T14:57:26","slug":"multifuncion-brother-dcp-t530dw-inkjet","status":"publish","type":"product","link":"https:\/\/techno-rc.com.ar\/tienda\/producto\/multifuncion-brother-dcp-t530dw-inkjet\/","title":{"rendered":"Multifuncion Brother DCP T530DW InkJet"},"content":{"rendered":"<p>Multifunci\u00f3n Inkjet WIFI \/ ADF &#8211; 27 ppm en negro y 11 ppm en color. 6000 x 1200 dpi. Copia, imprime, escanea &#8211; Bandeja para 150 hojas A4, Carta y Oficio. Bandeja bypass manual de una hoja, hasta 300gr, Ciclo Mensual 2.500 paginas.<\/p>\n<div class=\"ui-pdp-container__row\">\n<div class=\"ui-pdp-container__col col-1 ui-pdp-with--separator--auto ui-pdp-with--separator--40-24\">\n<section id=\"highlighted_specs_attrs\" class=\"ui-vpp-highlighted-specs pl-24 pr-24\" tabindex=\"-1\">\n<div class=\"ui-pdp-container__row ui-pdp-container__row--highlighted-specs-title\">\n<h2 class=\"ui-vpp-text-alignment--left ui-pdp-color--BLACK ui-pdp-size--XLARGE ui-pdp-family--REGULAR highlighted-specs-title\">Caracter\u00edsticas del producto<\/h2>\n<\/div>\n<div class=\"ui-pdp-container__row ui-pdp-container__row--attributes\">\n<div class=\"ui-vpp-highlighted-specs__attribute-columns\">\n<div class=\"ui-vpp-highlighted-specs__attribute-columns__column\">\n<div class=\"ui-pdp-container__row ui-vpp-highlighted-specs__attribute-columns__row\">\n<div class=\"ui-vpp-highlighted-specs__key-value\">\n<div class=\"ui-pdp-background-color--GRAY_40 ui-vpp-highlighted-specs__filled-icon ui-vpp-highlighted-specs__filled-icon--ROUNDED\" aria-hidden=\"true\"><img decoding=\"async\" class=\"ui-pdp-image ui-vpp-image-component\" src=\"https:\/\/http2.mlstatic.com\/storage\/catalog-technical-specs\/images\/assets\/vectorial\/tipo_de_impresora_print.svg\" \/><\/div>\n<div class=\"ui-vpp-highlighted-specs__key-value__labels\">\n<p class=\"ui-pdp-family--REGULAR ui-vpp-highlighted-specs__key-value__labels__key-value\"><span class=\"ui-pdp-color--BLACK ui-pdp-size--XSMALL ui-pdp-family--REGULAR\">Tipo de impresora:<\/span>\u00a0<span class=\"ui-pdp-color--BLACK ui-pdp-size--XSMALL ui-pdp-family--SEMIBOLD\">Multifunci\u00f3n<\/span><\/p>\n<\/div>\n<\/div>\n<\/div>\n<div class=\"ui-pdp-container__row ui-vpp-highlighted-specs__attribute-columns__row\">\n<div class=\"ui-vpp-highlighted-specs__key-value\">\n<div class=\"ui-pdp-background-color--GRAY_40 ui-vpp-highlighted-specs__filled-icon ui-vpp-highlighted-specs__filled-icon--ROUNDED\" aria-hidden=\"true\"><img decoding=\"async\" class=\"ui-pdp-image ui-vpp-image-component\" src=\"https:\/\/http2.mlstatic.com\/storage\/catalog-technical-specs\/images\/assets\/vectorial\/tipo_de_impresion_print.svg\" \/><\/div>\n<div class=\"ui-vpp-highlighted-specs__key-value__labels\">\n<p class=\"ui-pdp-family--REGULAR ui-vpp-highlighted-specs__key-value__labels__key-value\"><span class=\"ui-pdp-color--BLACK ui-pdp-size--XSMALL ui-pdp-family--REGULAR\">Tipo de impresi\u00f3n:<\/span>\u00a0<span class=\"ui-pdp-color--BLACK ui-pdp-size--XSMALL ui-pdp-family--SEMIBOLD\">Color<\/span><\/p>\n<\/div>\n<\/div>\n<\/div>\n<div class=\"ui-pdp-container__row ui-vpp-highlighted-specs__attribute-columns__row\">\n<div class=\"ui-vpp-highlighted-specs__key-value\">\n<div class=\"ui-pdp-background-color--GRAY_40 ui-vpp-highlighted-specs__filled-icon ui-vpp-highlighted-specs__filled-icon--ROUNDED\" aria-hidden=\"true\"><img decoding=\"async\" class=\"ui-pdp-image ui-vpp-image-component\" src=\"https:\/\/http2.mlstatic.com\/storage\/catalog-technical-specs\/images\/assets\/vectorial\/con_wi_fi_print.svg\" \/><\/div>\n<div class=\"ui-vpp-highlighted-specs__key-value__labels\">\n<p class=\"ui-pdp-family--REGULAR ui-vpp-highlighted-specs__key-value__labels__key-value\"><span class=\"ui-pdp-color--BLACK ui-pdp-size--XSMALL ui-pdp-family--REGULAR\">Con WI-Fi :<\/span>\u00a0<span class=\"ui-pdp-color--BLACK ui-pdp-size--XSMALL ui-pdp-family--SEMIBOLD\">S\u00ed<\/span><\/p>\n<\/div>\n<\/div>\n<\/div>\n<\/div>\n<div class=\"ui-vpp-highlighted-specs__attribute-columns__column\">\n<div class=\"ui-pdp-container__row ui-vpp-highlighted-specs__attribute-columns__row\">\n<div class=\"ui-vpp-highlighted-specs__key-value\">\n<div class=\"ui-pdp-background-color--GRAY_40 ui-vpp-highlighted-specs__filled-icon ui-vpp-highlighted-specs__filled-icon--ROUNDED\" aria-hidden=\"true\"><img decoding=\"async\" class=\"ui-pdp-image ui-vpp-image-component\" src=\"https:\/\/http2.mlstatic.com\/storage\/catalog-technical-specs\/images\/assets\/vectorial\/tecnologia_de_impresion_print.svg\" \/><\/div>\n<div class=\"ui-vpp-highlighted-specs__key-value__labels\">\n<p class=\"ui-pdp-family--REGULAR ui-vpp-highlighted-specs__key-value__labels__key-value\"><span class=\"ui-pdp-color--BLACK ui-pdp-size--XSMALL ui-pdp-family--REGULAR\">Tecnolog\u00eda de impresi\u00f3n:<\/span>\u00a0<span class=\"ui-pdp-color--BLACK ui-pdp-size--XSMALL ui-pdp-family--SEMIBOLD\">Inyecci\u00f3n de tinta<\/span><\/p>\n<\/div>\n<\/div>\n<\/div>\n<div class=\"ui-pdp-container__row ui-vpp-highlighted-specs__attribute-columns__row\">\n<div class=\"ui-vpp-highlighted-specs__key-value\">\n<div class=\"ui-pdp-background-color--GRAY_40 ui-vpp-highlighted-specs__filled-icon ui-vpp-highlighted-specs__filled-icon--ROUNDED\" aria-hidden=\"true\"><img decoding=\"async\" class=\"ui-pdp-image ui-vpp-image-component\" src=\"https:\/\/http2.mlstatic.com\/storage\/catalog-technical-specs\/images\/assets\/vectorial\/funciones_de_la_impresora_print.svg\" \/><\/div>\n<div class=\"ui-vpp-highlighted-specs__key-value__labels\">\n<p class=\"ui-pdp-family--REGULAR ui-vpp-highlighted-specs__key-value__labels__key-value\"><span class=\"ui-pdp-color--BLACK ui-pdp-size--XSMALL ui-pdp-family--REGULAR\">Funciones de la impresora:<\/span>\u00a0<span class=\"ui-pdp-color--BLACK ui-pdp-size--XSMALL ui-pdp-family--SEMIBOLD\">Copia, Escaneo, Impresi\u00f3n<\/span><\/p>\n<\/div>\n<\/div>\n<\/div>\n<\/div>\n<\/div>\n<\/div>\n<div class=\"ui-pdp-container__row ui-pdp-container__row--technical-specifications\">\n<div class=\"ui-pdp-collapsable ui-vpp-highlighted-specs__striped-collapsed__action\">\n<div class=\"ui-pdp-collapsable__container\">\n<div class=\"ui-vpp-highlighted-specs__striped-specs\">\n<div class=\"ui-vpp-striped-specs\">\n<div class=\"ui-vpp-striped-specs__table\">\n<h3 class=\"ui-vpp-striped-specs__header\">Caracter\u00edsticas generales<\/h3>\n<table class=\"andes-table\">\n<tbody class=\"andes-table__body\">\n<tr class=\"andes-table__row ui-vpp-striped-specs__row\">\n<th class=\"andes-table__header andes-table__header--left ui-vpp-striped-specs__row__column ui-vpp-striped-specs__row__column--id\" scope=\"row\">\n<div class=\"andes-table__header__container\">Marca<\/div>\n<\/th>\n<td id=\":R197ilpakp7le:\" class=\"andes-table__column andes-table__column--left andes-table__column--vertical-align-center ui-vpp-striped-specs__row__column\"><span id=\":R197ilpakp7le:-value\" class=\"andes-table__column--value\">Brother<\/span><\/td>\n<\/tr>\n<tr class=\"andes-table__row ui-vpp-striped-specs__row\">\n<th class=\"andes-table__header andes-table__header--left ui-vpp-striped-specs__row__column ui-vpp-striped-specs__row__column--id\" scope=\"row\">\n<div class=\"andes-table__header__container\">L\u00ednea<\/div>\n<\/th>\n<td id=\":R19bilpakp7le:\" class=\"andes-table__column andes-table__column--left andes-table__column--vertical-align-center ui-vpp-striped-specs__row__column\"><span id=\":R19bilpakp7le:-value\" class=\"andes-table__column--value\">InkBenefit<\/span><\/td>\n<\/tr>\n<tr class=\"andes-table__row ui-vpp-striped-specs__row\">\n<th class=\"andes-table__header andes-table__header--left ui-vpp-striped-specs__row__column ui-vpp-striped-specs__row__column--id\" scope=\"row\">\n<div class=\"andes-table__header__container\">Modelo<\/div>\n<\/th>\n<td id=\":R19filpakp7le:\" class=\"andes-table__column andes-table__column--left andes-table__column--vertical-align-center ui-vpp-striped-specs__row__column\"><span id=\":R19filpakp7le:-value\" class=\"andes-table__column--value\">DCP-T530DW<\/span><\/td>\n<\/tr>\n<tr class=\"andes-table__row ui-vpp-striped-specs__row\">\n<th class=\"andes-table__header andes-table__header--left ui-vpp-striped-specs__row__column ui-vpp-striped-specs__row__column--id\" scope=\"row\">\n<div class=\"andes-table__header__container\">Color<\/div>\n<\/th>\n<td id=\":R19jilpakp7le:\" class=\"andes-table__column andes-table__column--left andes-table__column--vertical-align-center ui-vpp-striped-specs__row__column\"><span id=\":R19jilpakp7le:-value\" class=\"andes-table__column--value\">Negro<\/span><\/td>\n<\/tr>\n<tr class=\"andes-table__row ui-vpp-striped-specs__row\">\n<th class=\"andes-table__header andes-table__header--left ui-vpp-striped-specs__row__column ui-vpp-striped-specs__row__column--id\" scope=\"row\">\n<div class=\"andes-table__header__container\">Voltaje<\/div>\n<\/th>\n<td id=\":R19nilpakp7le:\" class=\"andes-table__column andes-table__column--left andes-table__column--vertical-align-center ui-vpp-striped-specs__row__column\"><span id=\":R19nilpakp7le:-value\" class=\"andes-table__column--value\">220V<\/span><\/td>\n<\/tr>\n<\/tbody>\n<\/table>\n<\/div>\n<div class=\"ui-vpp-striped-specs__table\">\n<h3 class=\"ui-vpp-striped-specs__header\">Especificaciones<\/h3>\n<table class=\"andes-table\">\n<tbody class=\"andes-table__body\">\n<tr class=\"andes-table__row ui-vpp-striped-specs__row\">\n<th class=\"andes-table__header andes-table__header--left ui-vpp-striped-specs__row__column ui-vpp-striped-specs__row__column--id\" scope=\"row\">\n<div class=\"andes-table__header__container\">Es port\u00e1til<\/div>\n<\/th>\n<td id=\":Rafklpakp7le:\" class=\"andes-table__column andes-table__column--left andes-table__column--vertical-align-center ui-vpp-striped-specs__row__column\"><span id=\":Rafklpakp7le:-value\" class=\"andes-table__column--value\">No<\/span><\/td>\n<\/tr>\n<\/tbody>\n<\/table>\n<\/div>\n<div class=\"ui-vpp-striped-specs__table\">\n<h3 class=\"ui-vpp-striped-specs__header\">Registros de producto<\/h3>\n<table class=\"andes-table\">\n<tbody class=\"andes-table__body\">\n<tr class=\"andes-table__row ui-vpp-striped-specs__row\">\n<th class=\"andes-table__header andes-table__header--left ui-vpp-striped-specs__row__column ui-vpp-striped-specs__row__column--id\" scope=\"row\">\n<div class=\"andes-table__header__container\">Organismo de certificaci\u00f3n (OCP)<\/div>\n<\/th>\n<td id=\":Rafmlpakp7le:\" class=\"andes-table__column andes-table__column--left andes-table__column--vertical-align-center ui-vpp-striped-specs__row__column\"><span id=\":Rafmlpakp7le:-value\" class=\"andes-table__column--value\">Otro (sin especificar)<\/span><\/td>\n<\/tr>\n<\/tbody>\n<\/table>\n<\/div>\n<\/div>\n<div class=\"ui-vpp-striped-specs\">\n<div class=\"ui-vpp-striped-specs__table\">\n<h3 class=\"ui-vpp-striped-specs__header\">Impresi\u00f3n<\/h3>\n<table class=\"andes-table\">\n<tbody class=\"andes-table__body\">\n<tr class=\"andes-table__row ui-vpp-striped-specs__row\">\n<th class=\"andes-table__header andes-table__header--left ui-vpp-striped-specs__row__column ui-vpp-striped-specs__row__column--id\" scope=\"row\">\n<div class=\"andes-table__header__container\">Tipo de impresora<\/div>\n<\/th>\n<td id=\":R197j5pakp7le:\" class=\"andes-table__column andes-table__column--left andes-table__column--vertical-align-center ui-vpp-striped-specs__row__column\"><span id=\":R197j5pakp7le:-value\" class=\"andes-table__column--value\">Multifunci\u00f3n<\/span><\/td>\n<\/tr>\n<tr class=\"andes-table__row ui-vpp-striped-specs__row\">\n<th class=\"andes-table__header andes-table__header--left ui-vpp-striped-specs__row__column ui-vpp-striped-specs__row__column--id\" scope=\"row\">\n<div class=\"andes-table__header__container\">Tecnolog\u00eda de impresi\u00f3n<\/div>\n<\/th>\n<td id=\":R19bj5pakp7le:\" class=\"andes-table__column andes-table__column--left andes-table__column--vertical-align-center ui-vpp-striped-specs__row__column\"><span id=\":R19bj5pakp7le:-value\" class=\"andes-table__column--value\">Inyecci\u00f3n de tinta<\/span><\/td>\n<\/tr>\n<tr class=\"andes-table__row ui-vpp-striped-specs__row\">\n<th class=\"andes-table__header andes-table__header--left ui-vpp-striped-specs__row__column ui-vpp-striped-specs__row__column--id\" scope=\"row\">\n<div class=\"andes-table__header__container\">Tipo de impresi\u00f3n<\/div>\n<\/th>\n<td id=\":R19fj5pakp7le:\" class=\"andes-table__column andes-table__column--left andes-table__column--vertical-align-center ui-vpp-striped-specs__row__column\"><span id=\":R19fj5pakp7le:-value\" class=\"andes-table__column--value\">Color<\/span><\/td>\n<\/tr>\n<tr class=\"andes-table__row ui-vpp-striped-specs__row\">\n<th class=\"andes-table__header andes-table__header--left ui-vpp-striped-specs__row__column ui-vpp-striped-specs__row__column--id\" scope=\"row\">\n<div class=\"andes-table__header__container\">Funciones de la impresora<\/div>\n<\/th>\n<td id=\":R19jj5pakp7le:\" class=\"andes-table__column andes-table__column--left andes-table__column--vertical-align-center ui-vpp-striped-specs__row__column\"><span id=\":R19jj5pakp7le:-value\" class=\"andes-table__column--value\">Copia, Escaneo, Impresi\u00f3n<\/span><\/td>\n<\/tr>\n<\/tbody>\n<\/table>\n<\/div>\n<div class=\"ui-vpp-striped-specs__table\">\n<h3 class=\"ui-vpp-striped-specs__header\">Conectividad<\/h3>\n<table class=\"andes-table\">\n<tbody class=\"andes-table__body\">\n<tr class=\"andes-table__row ui-vpp-striped-specs__row\">\n<th class=\"andes-table__header andes-table__header--left ui-vpp-striped-specs__row__column ui-vpp-striped-specs__row__column--id\" scope=\"row\">\n<div class=\"andes-table__header__container\">Con Wi-Fi<\/div>\n<\/th>\n<td id=\":Rknl5pakp7le:\" class=\"andes-table__column andes-table__column--left andes-table__column--vertical-align-center ui-vpp-striped-specs__row__column\"><span id=\":Rknl5pakp7le:-value\" class=\"andes-table__column--value\">S\u00ed<\/span><\/td>\n<\/tr>\n<tr class=\"andes-table__row ui-vpp-striped-specs__row\">\n<th class=\"andes-table__header andes-table__header--left ui-vpp-striped-specs__row__column ui-vpp-striped-specs__row__column--id\" scope=\"row\">\n<div class=\"andes-table__header__container\">Con puerto USB<\/div>\n<\/th>\n<td id=\":Rkrl5pakp7le:\" class=\"andes-table__column andes-table__column--left andes-table__column--vertical-align-center ui-vpp-striped-specs__row__column\"><span id=\":Rkrl5pakp7le:-value\" class=\"andes-table__column--value\">S\u00ed<\/span><\/td>\n<\/tr>\n<\/tbody>\n<\/table>\n<\/div>\n<div class=\"ui-vpp-striped-specs__table\">\n<h3 class=\"ui-vpp-striped-specs__header\">Otros<\/h3>\n<table class=\"andes-table\">\n<tbody class=\"andes-table__body\">\n<tr class=\"andes-table__row ui-vpp-striped-specs__row\">\n<th class=\"andes-table__header andes-table__header--left ui-vpp-striped-specs__row__column ui-vpp-striped-specs__row__column--id\" scope=\"row\">\n<div class=\"andes-table__header__container\">Es un accesorio para c\u00e1mara<\/div>\n<\/th>\n<td id=\":Rafn5pakp7le:\" class=\"andes-table__column andes-table__column--left andes-table__column--vertical-align-center ui-vpp-striped-specs__row__column\"><span id=\":Rafn5pakp7le:-value\" class=\"andes-table__column--value\">No<\/span><\/td>\n<\/tr>\n<\/tbody>\n<\/table>\n<\/div>\n<\/div>\n<\/div>\n<\/div>\n<\/div>\n<\/div>\n<\/section>\n<\/div>\n<\/div>\n<div class=\"ui-pdp-container__row\">\n<div class=\"ui-pdp-container__col col-1 pl-24 pr-24\"><\/div>\n<\/div>\n<div class=\"ui-pdp-container__row\">\n<div class=\"ui-pdp-container__col col-1 pl-24 pr-24\">\n<div class=\"ui-pdp-collapsable mt-24 ui-pdp-description-collapse\">\n<div class=\"ui-pdp-collapsable__container\">\n<div id=\"description\" class=\"ui-pdp-description\">\n<h2 class=\"ui-pdp-description__title\" data-testid=\"title\">Descripci\u00f3n<\/h2>\n<p class=\"ui-pdp-description__content\" data-testid=\"content\">Impresora Brother DCP-T530DW Continua Multifunci\u00f3n<\/p>\n<p>\u00af\u00af\u00af\u00af\u00af\u00af\u00af\u00af\u00af\u00af\u00af\u00af\u00af\u00af\u00af\u00af\u00af\u00af\u00af\u00af\u00af\u00af\u00af\u00af\u00af\u00af\u00af\u00af\u00af\u00af\u00af\u00af\u00af\u00af\u00af\u00af\u00af\u00af\u00af\u00af\u00af\u00af\u00af\u00af\u00af<br \/>\nEspecificaciones t\u00e9cnicas:<\/p>\n<p>&#8211; Marca : Brother<br \/>\n&#8211; Modelo : DCP-T530DW<br \/>\n&#8211; UPC : 012502676850<br \/>\n&#8211; Impresi\u00f3n d\u00faplex est\u00e1ndar : S\u00ed<br \/>\n&#8211; Velocidad m\u00e1xima de impresi\u00f3n en negro basada en ISO (ppm) : 16<br \/>\n&#8211; Velocidad de impresi\u00f3n en negro (m\u00e1x. ppm) : 27<br \/>\n&#8211; Impresi\u00f3n sin bordes : S\u00ed<br \/>\n&#8211; Velocidad m\u00e1xima de impresi\u00f3n a color basada en ISO (ppm) : 9<br \/>\n&#8211; Velocidad de impresi\u00f3n en color (m\u00e1x. ppm) : 11<br \/>\n&#8211; Tipo de suministro : Botellas de Tinta<br \/>\n&#8211; Velocidad de CPU (MhZ) : 576<br \/>\n&#8211; Funci\u00f3n Email Print : S\u00ed<br \/>\n&#8211; Resoluci\u00f3n de impresi\u00f3n : 6000 x 1200 dpi<br \/>\n&#8211; Tecnolog\u00eda de impresi\u00f3n : Inkjet<br \/>\n&#8211; Compatibilidad de controlador de impresora : Windows, Mac OS<br \/>\n&#8211; Compatibilidad con dispositivos m\u00f3viles : AirPrint, Brother Mobile Connect, Mopria\u00ae, Wi-Fi Direct\u00ae<br \/>\n&#8211; Interfaz est\u00e1ndar : Wireless 802.11 b\/g\/n, Hi-Speed USB 2.0<br \/>\n&#8211; Protocolos de red compatibles (IPv4) : APIPA (Auto IP), SNMPv1\/v2c, TFTP Server, ARP, BOOTP, Custom Raw Port\/Port 9100, DHCP, DNS Resolver, http Server, ICMP, IPP, LLMNR Responder, LPR\/LPD, mDNS, RARP, SNTP Client, Web Services (Print\/Scan), WINS\/NetBIOS Name Resolution<br \/>\n&#8211; Protocolos de red compatibles (IPv6) : IPP, http Server, TFTP Server, NDP, RA, DNS Resolver, mDNS, LLMNR Responder, LPR\/LPD, Custom Raw Port\/Port 9100, SNMPv1\/v2c, ICMPv6, SNTP Client, Web Services (Print\/Scan)<br \/>\n&#8211; Certificado Wi-Fi : S\u00ed<br \/>\n&#8211; Capacidad de copia : Blanco y Negro, Color<br \/>\n&#8211; Resoluci\u00f3n de copia : 1200 x 600 dpi<br \/>\n&#8211; Estilo de dise\u00f1o : Cama plana<br \/>\n&#8211; Velocidad m\u00e1xima de copia en negro basada en ISO (ppm) : 11<br \/>\n&#8211; Velocidad m\u00e1xima de copia a color basada en ISO (ppm) : 3.5<br \/>\n&#8211; Funciones N en 1 : 2en1 \/ 4en1<br \/>\n&#8211; Funci\u00f3n de poster : S\u00ed<br \/>\n&#8211; Reducci\u00f3n \/ Ampliaci\u00f3n : 25%-400%<br \/>\n&#8211; Funciones de escaneo avanzadas : Eliminaci\u00f3n de color de fondo<br \/>\n&#8211; Resoluci\u00f3n de escaneo interpolada (max. dpi) : 19200 x 19200 dpi<br \/>\n&#8211; Resoluci\u00f3n de escaneo \u00f3ptico (m\u00e1x. Ppp) : 2.400 x 1.200 dpi (cama plana)<br \/>\n&#8211; Escanear a funci\u00f3n : Imagen, OCR, Archivo, Email<br \/>\n&#8211; Capacidad de escaneo : B\/N y Color<br \/>\n&#8211; Capacidad de alimentaci\u00f3n manual (p\u00e1g.) : 1<br \/>\n&#8211; Tipos de papel : Plano, Papel Inkjet, Papel reciclado<br \/>\n&#8211; Capacidad de salida de papel (p\u00e1gs.) : 50<br \/>\n&#8211; Tama\u00f1o de papel Bandeja : Carta, Legal, Ejecutivo, A4, A5, A6, Tarjeta de \u00edndice (5 \u00abx 8&#8243;), Sobre (Com-10), Sobre (C5), Sobre (DL), Sobre (Monarch), Foto (4&#8243; x 6&#8243;) 10 x 15 cm, Foto 2L (5&#8243; x 7\u00bb) 13 x 18 cm<br \/>\n&#8211; Gramaje: alimentaci\u00f3n manual (m\u00edn. \/ M\u00e1x.) : 64-300 g\/m\u00b2<br \/>\n&#8211; Gramaje Bandeja de papel (m\u00edn. \/ M\u00e1x.) : 64-220 g\/m\u00b2<br \/>\n&#8211; Capacidad m\u00e1xima de papeL : 150<br \/>\n&#8211; Modo de ahorro de tinta : S\u00ed<br \/>\n&#8211; Pantalla LCD : 1-linea<br \/>\n&#8211; Ciclo de trabajo mensual m\u00e1ximo : Hasta 2.500 p\u00e1ginas<br \/>\n&#8211; Volumen de impresi\u00f3n mensual recomendado : 50 a 1.000 p\u00e1ginas<br \/>\n&#8211; Memoria Est\u00e1ndar : 128<br \/>\n&#8211; Apagado autom\u00e1tico : S\u00ed<br \/>\n&#8211; Dimensiones de la Unidad (L x P x A) : 390 mm (ancho) x 343 mm (prof.) x 149 mm (alto)<br \/>\n&#8211; Peso de la unidad (kg.) : 6,5 kg<br \/>\n&#8211; Contenido de la caja\u2021 : DCP-T530W de Brother, dos botellas de tinta negra BTD100BK de ultra alto rendimiento, botellas de tinta cian, magenta y amarilla BTD100C\/M\/Y, Gu\u00eda de configuraci\u00f3n r\u00e1pida, Gu\u00eda de seguridad del producto, cable USB<\/p>\n<\/div>\n<\/div>\n<\/div>\n<\/div>\n<\/div>\n","protected":false},"excerpt":{"rendered":"<p>Multifunci\u00f3n Inkjet WIFI \/ ADF &#8211; 27 ppm en negro y 11 ppm en color. 6000 x 1200 dpi. Copia, imprime, escanea &#8211; Bandeja para 150 hojas A4, Carta y Oficio. Bandeja bypass manual de una hoja, hasta 300gr, Ciclo Mensual 2.500 paginas. Caracter\u00edsticas del producto Tipo de impresora:\u00a0Multifunci\u00f3n Tipo de impresi\u00f3n:\u00a0Color Con WI-Fi :\u00a0S\u00ed &hellip;<\/p>\n<p class=\"read-more\"> <a class=\" thunk-readmore button \" href=\"https:\/\/techno-rc.com.ar\/tienda\/producto\/multifuncion-brother-dcp-t530dw-inkjet\/\"> <span class=\"screen-reader-text\">Multifuncion Brother DCP T530DW InkJet<\/span>Leer m\u00e1s<\/a><\/p>\n","protected":false},"featured_media":4545,"comment_status":"open","ping_status":"closed","template":"","meta":{"advanced_seo_description":"","jetpack_seo_html_title":"","jetpack_seo_noindex":false,"_joinchat":[]},"product_brand":[27],"product_cat":[31,22],"product_tag":[],"class_list":{"0":"post-4544","1":"product","2":"type-product","3":"status-publish","4":"has-post-thumbnail","6":"product_brand-brother","7":"product_cat-equipos","8":"product_cat-multifunciones-color","9":"thunk-woo-product-list","10":"opn-qv-enable","11":"open-woo-hover-none","12":"open-single-product-tab-horizontal","13":"open-shadow-","14":"open-shadow-hover-","16":"first","17":"instock","18":"sale","19":"taxable","20":"shipping-taxable","21":"purchasable","22":"product-type-simple"},"jetpack_sharing_enabled":true,"_links":{"self":[{"href":"https:\/\/techno-rc.com.ar\/tienda\/wp-json\/wp\/v2\/product\/4544","targetHints":{"allow":["GET"]}}],"collection":[{"href":"https:\/\/techno-rc.com.ar\/tienda\/wp-json\/wp\/v2\/product"}],"about":[{"href":"https:\/\/techno-rc.com.ar\/tienda\/wp-json\/wp\/v2\/types\/product"}],"replies":[{"embeddable":true,"href":"https:\/\/techno-rc.com.ar\/tienda\/wp-json\/wp\/v2\/comments?post=4544"}],"wp:featuredmedia":[{"embeddable":true,"href":"https:\/\/techno-rc.com.ar\/tienda\/wp-json\/wp\/v2\/media\/4545"}],"wp:attachment":[{"href":"https:\/\/techno-rc.com.ar\/tienda\/wp-json\/wp\/v2\/media?parent=4544"}],"wp:term":[{"taxonomy":"product_brand","embeddable":true,"href":"https:\/\/techno-rc.com.ar\/tienda\/wp-json\/wp\/v2\/product_brand?post=4544"},{"taxonomy":"product_cat","embeddable":true,"href":"https:\/\/techno-rc.com.ar\/tienda\/wp-json\/wp\/v2\/product_cat?post=4544"},{"taxonomy":"product_tag","embeddable":true,"href":"https:\/\/techno-rc.com.ar\/tienda\/wp-json\/wp\/v2\/product_tag?post=4544"}],"curies":[{"name":"wp","href":"https:\/\/api.w.org\/{rel}","templated":true}]}}